{"id":9958,"date":"2026-03-23T18:11:23","date_gmt":"2026-03-23T18:11:23","guid":{"rendered":"https:\/\/rockkofertas.com.es\/index.php\/producto\/b0grf3phfk\/"},"modified":"2026-03-23T18:11:23","modified_gmt":"2026-03-23T18:11:23","slug":"b0grf3phfk","status":"publish","type":"product","link":"https:\/\/rockkofertas.com.es\/index.php\/producto\/b0grf3phfk\/","title":{"rendered":"B0GRF3PHFK"},"content":{"rendered":"<p>&#8211; \ud83d\udc15\u3010M\u00faltiples Modos de Entrenamiento\u3011Este automatico antiladridos ofrece 4 modos de adiestramiento \u2014 Sonido, Vibraci\u00f3n, Sonido+Vibraci\u00f3n,Sonido+Fuerte Vibraci\u00f3n \u2014 lo que permite adaptar la estimulaci\u00f3n al car\u00e1cter y sensibilidad de cada perro. Gracias a su bot\u00f3n de control f\u00e1cil de usar, puedes cambiar de modo al instante. Una soluci\u00f3n pr\u00e1ctica y flexible, ideal para un entrenamiento progresivo, personalizado y m\u00e1s eficaz en el d\u00eda a d\u00eda.<br \/>\n&#8211; \ud83d\udc15\u3010Detecci\u00f3n Inteligente de Ladridos\u3011Este avanzado collar anti-ladridos incorpora tecnolog\u00eda de reconocimiento inteligente que identifica los ladridos mediante una combinaci\u00f3n de sonidos vocales y sensores de vibraci\u00f3n en la garganta. Esta tecnolog\u00eda reduce al m\u00ednimo las activaciones innecesarias, garantizando una correcci\u00f3n precisa y un ambiente m\u00e1s tranquilo de forma duradera.<br \/>\n&#8211; \ud83d\udc15\u3010Collar Autom\u00e1tico y Inteligente\u3011El collar funciona en modo autom\u00e1tico sin mando a distancia. Este collar antiladridos se desactiva cuando se activa 7 veces en 1 minuto y reanuda su funcionalidad despu\u00e9s de 2 minutos.Este modo tiene como objetivo proteger a tu perro y darle tiempo para que se calme.<br \/>\n&#8211; \ud83d\udc15\u3010Dise\u00f1o Impermeable IP67\u3011Con antiladridos y antiaullidos para perros certificaci\u00f3n de impermeabilidad IP67, este collar ofrece un rendimiento fiable bajo la lluvia, salpicaduras, durante el ba\u00f1o o actividades al aire libre. Ya sea en interiores o exteriores \u2014 corriendo, nadando o jugando en ambientes h\u00famedos \u2014 el collar mantiene un funcionamiento constante.<br \/>\n&#8211; \ud83d\udc15\u3010Carga R\u00e1pida y Larga Duraci\u00f3n de la Bater\u00eda\u3011Dise\u00f1ado collar antiladridos perros para mayor comodidad, este collar incorpora una bater\u00eda recargable de 300 mAh que se carga por completo en solo 2 horas. Una vez cargado, ofrece hasta 21 d\u00edas de uso diario, evitando recargas frecuentes. La pantalla LED puede comprobar el estado de la bater\u00eda.<br \/>\n&#8211; \ud83d\udc15\u3010Tama\u00f1o Ajustable y C\u00f3modo\u3011Este collar anti-ladridos est\u00e1 elaborado en nylon suave, duradero y respetuoso con la piel, asegurando el m\u00e1ximo confort. Y una correa reflectante para la seguridad nocturna. Con dobles tapas de protecci\u00f3n, es seguro y perfecto para perros que pesan entre 8 y 150 libras. La correa de 25 pulgadas de largo es totalmente ajustable y recortable, proporcionando un ajuste seguro para la mayor\u00eda de los perros.<\/p>\n","protected":false},"excerpt":{"rendered":"<p>LYtech Collar Antiladridos para Perros, Antiladridos y Antiaullidos para Perros, 4 Modos de Vibraci\u00f3n\/Sonido, Impermeable IP67, Dispositivo Recargable para Detener los Ladridos Grande Mediano Peque\u00f1o<br \/>#Publicidad <span class=\"read-more\"><a class=\"more-link btn btn-transparent\" href=\"https:\/\/rockkofertas.com.es\/index.php\/producto\/b0grf3phfk\/\">Leer m\u00e1s&#8230;<\/a><\/span><\/p>\n","protected":false},"featured_media":9957,"comment_status":"open","ping_status":"closed","template":"","meta":[],"product_cat":[15],"product_tag":[],"class_list":{"0":"post-9958","1":"product","2":"type-product","3":"status-publish","4":"has-post-thumbnail","6":"product_cat-sin-categorizar","8":"first","9":"instock","10":"shipping-taxable","11":"product-type-external"},"_links":{"self":[{"href":"https:\/\/rockkofertas.com.es\/index.php\/wp-json\/wp\/v2\/product\/9958","targetHints":{"allow":["GET"]}}],"collection":[{"href":"https:\/\/rockkofertas.com.es\/index.php\/wp-json\/wp\/v2\/product"}],"about":[{"href":"https:\/\/rockkofertas.com.es\/index.php\/wp-json\/wp\/v2\/types\/product"}],"replies":[{"embeddable":true,"href":"https:\/\/rockkofertas.com.es\/index.php\/wp-json\/wp\/v2\/comments?post=9958"}],"wp:featuredmedia":[{"embeddable":true,"href":"https:\/\/rockkofertas.com.es\/index.php\/wp-json\/wp\/v2\/media\/9957"}],"wp:attachment":[{"href":"https:\/\/rockkofertas.com.es\/index.php\/wp-json\/wp\/v2\/media?parent=9958"}],"wp:term":[{"taxonomy":"product_cat","embeddable":true,"href":"https:\/\/rockkofertas.com.es\/index.php\/wp-json\/wp\/v2\/product_cat?post=9958"},{"taxonomy":"product_tag","embeddable":true,"href":"https:\/\/rockkofertas.com.es\/index.php\/wp-json\/wp\/v2\/product_tag?post=9958"}],"curies":[{"name":"wp","href":"https:\/\/api.w.org\/{rel}","templated":true}]}}