{"id":9590,"date":"2026-03-09T04:00:37","date_gmt":"2026-03-09T04:00:37","guid":{"rendered":"https:\/\/rockkofertas.com.es\/index.php\/producto\/b07b2x1vxz\/"},"modified":"2026-03-09T04:00:37","modified_gmt":"2026-03-09T04:00:37","slug":"b07b2x1vxz","status":"publish","type":"product","link":"https:\/\/rockkofertas.com.es\/index.php\/producto\/b07b2x1vxz\/","title":{"rendered":"B07B2X1VXZ"},"content":{"rendered":"<p>&#8211; Mejor Caf\u00e9: Mejora tu ritual del caf\u00e9 con la Sage Barista Express, que combina a la perfecci\u00f3n la ingenier\u00eda de precisi\u00f3n y la innovaci\u00f3n para una experiencia transformadora de caf\u00e9 espresso en casa<br \/>\n&#8211; Molido de Precisi\u00f3n Integrado: El molinillo de fresas c\u00f3nicas integrado con 16 ajustes de molido proporciona la cantidad justa de caf\u00e9 reci\u00e9n molido directamente en el portafiltro, garantizando el m\u00e1ximo sabor en cada taza<br \/>\n&#8211; Preparaci\u00f3n \u00d3ptima: La temperatura precisa del agua de 93 \u00b0C, junto con la preinfusi\u00f3n a baja presi\u00f3n que aumenta gradualmente la presi\u00f3n, extrae los sabores de manera uniforme, lo que da como resultado un espresso cremoso y de color caramelo<br \/>\n&#8211; Texturizado Manual de la Leche con Microespuma: Toma el control del proceso de texturizado de la leche con el potente vaporizador<br \/>\n&#8211; Mejora tu Experiencia con el Caf\u00e9: Sage lleva la innovaci\u00f3n a tu cocina, simplificando el camino hacia la taza perfecta. Desde tus caf\u00e9s favoritos hasta las infusiones personalizadas, tenemos la clave para dominar el arte del caf\u00e9 en casa<\/p>\n","protected":false},"excerpt":{"rendered":"<p>Sage &#8211; The Barista Express &#8211; Cafetera Profesional con Espumador de Leche Manual y Molinillo Integrado &#8211; Microespuma Personalizable &#8211; Acero Inoxidable, Jarra con Control de Temperatura<br \/>\n#Publicidad <span class=\"read-more\"><a class=\"more-link btn btn-transparent\" href=\"https:\/\/rockkofertas.com.es\/index.php\/producto\/b07b2x1vxz\/\">Leer m\u00e1s&#8230;<\/a><\/span><\/p>\n","protected":false},"featured_media":9589,"comment_status":"open","ping_status":"closed","template":"","meta":[],"product_cat":[15],"product_tag":[],"class_list":{"0":"post-9590","1":"product","2":"type-product","3":"status-publish","4":"has-post-thumbnail","6":"product_cat-sin-categorizar","8":"first","9":"instock","10":"shipping-taxable","11":"product-type-external"},"_links":{"self":[{"href":"https:\/\/rockkofertas.com.es\/index.php\/wp-json\/wp\/v2\/product\/9590","targetHints":{"allow":["GET"]}}],"collection":[{"href":"https:\/\/rockkofertas.com.es\/index.php\/wp-json\/wp\/v2\/product"}],"about":[{"href":"https:\/\/rockkofertas.com.es\/index.php\/wp-json\/wp\/v2\/types\/product"}],"replies":[{"embeddable":true,"href":"https:\/\/rockkofertas.com.es\/index.php\/wp-json\/wp\/v2\/comments?post=9590"}],"wp:featuredmedia":[{"embeddable":true,"href":"https:\/\/rockkofertas.com.es\/index.php\/wp-json\/wp\/v2\/media\/9589"}],"wp:attachment":[{"href":"https:\/\/rockkofertas.com.es\/index.php\/wp-json\/wp\/v2\/media?parent=9590"}],"wp:term":[{"taxonomy":"product_cat","embeddable":true,"href":"https:\/\/rockkofertas.com.es\/index.php\/wp-json\/wp\/v2\/product_cat?post=9590"},{"taxonomy":"product_tag","embeddable":true,"href":"https:\/\/rockkofertas.com.es\/index.php\/wp-json\/wp\/v2\/product_tag?post=9590"}],"curies":[{"name":"wp","href":"https:\/\/api.w.org\/{rel}","templated":true}]}}