{"id":9448,"date":"2026-03-03T20:00:41","date_gmt":"2026-03-03T20:00:41","guid":{"rendered":"https:\/\/rockkofertas.com.es\/index.php\/producto\/b0f1g95p33\/"},"modified":"2026-03-03T20:00:41","modified_gmt":"2026-03-03T20:00:41","slug":"b0f1g95p33","status":"publish","type":"product","link":"https:\/\/rockkofertas.com.es\/index.php\/producto\/b0f1g95p33\/","title":{"rendered":"B0F1G95P33"},"content":{"rendered":"<p>&#8211; LANA MERINO TRANSPIRABLE: Confeccionados con una mezcla de lana Merino que absorbe la humedad para mayor comodidad y poliamida para mayor durabilidad, estos calcetines ligeros de senderismo de ca\u00f1a baja ofrecen un ajuste seguro que no se desliza. Sus canales de ventilaci\u00f3n ayudan a mantener tus pies frescos y secos durante el verano.<br \/>\n&#8211; LIGEROS Y ANTIAMPOLLAS: Estos calcetines antibacterianos para senderismo en verano cuentan con un acolchado espec\u00edfico para prevenir ampollas en climas c\u00e1lidos. El soporte en el arco plantar mejora la estabilidad y reduce la fatiga del pie. Ideales para senderismo, trekking o caminatas en terrenos ligeros.<br \/>\n&#8211; IDEALES PARA ACTIVIDADES AL AIRE LIBRE: Estos calcetines de senderismo de corte bajo son perfectos si prefieres un dise\u00f1o m\u00e1s ligero y menos voluminoso para practicar senderismo, trekking, viajar o caminar por terrenos ligeros en oto\u00f1o<br \/>\n&#8211; MATERIALES PREMIUM: Fabricados con 38% de Lana (Merino), 30% de Poliamida, 30% de Acr\u00edlico y 2% de Elastano. Cuentan con certificaci\u00f3n OEKO-TEX Standard 100 y est\u00e1n libres de sustancias nocivas. Lavar a m\u00e1quina a un m\u00e1ximo de 40\u00b0C. No usar secadora.<br \/>\n&#8211; GARANT\u00cdA ANTIAGUJEROS: \u00bfSe ha hecho un agujero en tus calcetines durante el primer a\u00f1o tras la compra? Te enviaremos un reemplazo gratis. Si tienes cualquier pregunta, nuestro servicio de atenci\u00f3n al cliente estar\u00e1 encantado de ayudarte.<\/p>\n","protected":false},"excerpt":{"rendered":"<p>DANISH ENDURANCE Calcetines de Senderismo Tobilleros Unisex, 3 Pack, MC (1xAmarillo\/Gris Pedernal, 1xFucsia\/Naranja, 1xNegro), 43-47<br \/>\n#Publicidad <span class=\"read-more\"><a class=\"more-link btn btn-transparent\" href=\"https:\/\/rockkofertas.com.es\/index.php\/producto\/b0f1g95p33\/\">Leer m\u00e1s&#8230;<\/a><\/span><\/p>\n","protected":false},"featured_media":9447,"comment_status":"open","ping_status":"closed","template":"","meta":[],"product_cat":[15],"product_tag":[],"class_list":{"0":"post-9448","1":"product","2":"type-product","3":"status-publish","4":"has-post-thumbnail","6":"product_cat-sin-categorizar","8":"first","9":"instock","10":"shipping-taxable","11":"product-type-external"},"_links":{"self":[{"href":"https:\/\/rockkofertas.com.es\/index.php\/wp-json\/wp\/v2\/product\/9448","targetHints":{"allow":["GET"]}}],"collection":[{"href":"https:\/\/rockkofertas.com.es\/index.php\/wp-json\/wp\/v2\/product"}],"about":[{"href":"https:\/\/rockkofertas.com.es\/index.php\/wp-json\/wp\/v2\/types\/product"}],"replies":[{"embeddable":true,"href":"https:\/\/rockkofertas.com.es\/index.php\/wp-json\/wp\/v2\/comments?post=9448"}],"wp:featuredmedia":[{"embeddable":true,"href":"https:\/\/rockkofertas.com.es\/index.php\/wp-json\/wp\/v2\/media\/9447"}],"wp:attachment":[{"href":"https:\/\/rockkofertas.com.es\/index.php\/wp-json\/wp\/v2\/media?parent=9448"}],"wp:term":[{"taxonomy":"product_cat","embeddable":true,"href":"https:\/\/rockkofertas.com.es\/index.php\/wp-json\/wp\/v2\/product_cat?post=9448"},{"taxonomy":"product_tag","embeddable":true,"href":"https:\/\/rockkofertas.com.es\/index.php\/wp-json\/wp\/v2\/product_tag?post=9448"}],"curies":[{"name":"wp","href":"https:\/\/api.w.org\/{rel}","templated":true}]}}