{"id":9442,"date":"2026-03-03T18:58:27","date_gmt":"2026-03-03T18:58:27","guid":{"rendered":"https:\/\/rockkofertas.com.es\/index.php\/producto\/b0f448kb2s\/"},"modified":"2026-03-03T18:58:27","modified_gmt":"2026-03-03T18:58:27","slug":"b0f448kb2s","status":"publish","type":"product","link":"https:\/\/rockkofertas.com.es\/index.php\/producto\/b0f448kb2s\/","title":{"rendered":"B0F448KB2S"},"content":{"rendered":"<p>&#8211; \ud83c\udf2a \u3010Potencia de hurac\u00e1n a 223MPH \u2013 Supera 10 veces el rendimiento del aire comprimido\u3011 Supera a la competencia, literalmente. Con un motor de alto torque de 220 W, el aspirador F3 expulsa el viento a una impresionante velocidad de 223MPH. Perfecto para limpiar computadoras, dispositivos electr\u00f3nicos, autos o como secador de aire para autos. Esta bestia supera a cualquier aspirador de aire comprimido o enlatado para computadoras del mercado.<br \/>\n&#8211; \ud83d\udd0b \u30102 bater\u00edas tipo cargador \u2013 Sin tiempo de inactividad, limpieza ilimitada\u3011 \u00a1No esperes m\u00e1s para recargar! Nuestro exclusivo sistema de bater\u00eda de doble clip incluye 2 bater\u00edas intercambiables de 8000 mAh, que ofrecen hasta 60 minutos de autonom\u00eda. Este aspirador a bater\u00eda te permite limpiar tu auto, garaje, oficina y a\u00fan tener energ\u00eda de sobra. \u00a1Intercambia las bater\u00edas en segundos y vuelve a la limpieza!<br \/>\n&#8211; \ud83c\udf0d \u3010Ecol\u00f3gico y econ\u00f3mico: reutilizable m\u00e1s de 800 veces\u3011 \u00a1Deshazte de los plumeros desechables para computadora para siempre! Nuestro plumero de aire recargable F3 se puede usar m\u00e1s de 800 veces, lo que te ahorra m\u00e1s de $700 al a\u00f1o y reduce los residuos. Con control de 3 velocidades (desde un modo suave para el teclado hasta un modo turbo de aire a m\u00e1xima potencia). Tiene una bater\u00eda de 2 a\u00f1os en espera y es un 83 % m\u00e1s silencioso que las herramientas de limpieza de PC habituales.<br \/>\n&#8211; \ud83e\uddf2 \u3010Boquillas magn\u00e9ticas + luz LED: limpia de forma m\u00e1s inteligente hasta el \u00faltimo detalle\u3011 Incluye 2 boquillas magn\u00e9ticas de r\u00e1pida instalaci\u00f3n: una boquilla de chorro preciso y una boquilla c\u00f3nica de gran angular. Combinadas con el foco LED integrado, podr\u00e1s eliminar migas en grietas, polvo debajo de los teclados u hojas en las rejillas del coche, incluso en total oscuridad. Ideal como plumero para teclados o limpiador de dispositivos electr\u00f3nicos.<br \/>\n&#8211; \ud83d\udd0c \u3010Carga r\u00e1pida USB-C: 80 % de carga en 30 minutos\u3011 Se carga completamente en tan solo 2,5 horas mediante un cable USB-C universal. Sin cargadores especiales, sin tiempo de inactividad. La carga inteligente de 10 W te ahorra tiempo, mientras que la bater\u00eda doble extra\u00edble te ahorra cientos de d\u00f3lares al a\u00f1o en comparaci\u00f3n con los pulverizadores de aire comprimido desechables.<br \/>\n&#8211; \ud83c\udf81 \u3010Kit Definitivo de Aspiradora: Todo lo que Necesitas\u3011 Viene completamente equipado: aspiradora inal\u00e1mbrica F3, 2 bater\u00edas, 2 boquillas magn\u00e9ticas, cable USB-C, cepillo antiest\u00e1tico y manual, todo en una elegante caja de regalo. Perfecto para amantes de la inform\u00e1tica, t\u00e9cnicos, aficionados a los coches o cualquiera que quiera dejar atr\u00e1s las aspiradoras enlatadas para usarlas en ordenadores. Con 2 a\u00f1os de ga~rant\u00eda y 90 d\u00edas de g~a~rant\u00eda de dev~oluci\u00f3n sin complicaciones, y con soporte experto siempre a tu disposici\u00f3n.<\/p>\n","protected":false},"excerpt":{"rendered":"<p>Soplador de Aire El\u00e9Ctrico con 2 Bater\u00edAs Modulares, 2 Boquillas Magn\u00e9Ticas, 3 Velocidades, Led \u2013 Soplador A Bater\u00edA a Bater\u00edA para Teclado, Pc, Coche Y Dispositivos Electr\u00f3Nicos<br \/>#Publicidad <span class=\"read-more\"><a class=\"more-link btn btn-transparent\" href=\"https:\/\/rockkofertas.com.es\/index.php\/producto\/b0f448kb2s\/\">Leer m\u00e1s&#8230;<\/a><\/span><\/p>\n","protected":false},"featured_media":9441,"comment_status":"open","ping_status":"closed","template":"","meta":[],"product_cat":[15],"product_tag":[],"class_list":{"0":"post-9442","1":"product","2":"type-product","3":"status-publish","4":"has-post-thumbnail","6":"product_cat-sin-categorizar","8":"first","9":"instock","10":"shipping-taxable","11":"product-type-external"},"_links":{"self":[{"href":"https:\/\/rockkofertas.com.es\/index.php\/wp-json\/wp\/v2\/product\/9442","targetHints":{"allow":["GET"]}}],"collection":[{"href":"https:\/\/rockkofertas.com.es\/index.php\/wp-json\/wp\/v2\/product"}],"about":[{"href":"https:\/\/rockkofertas.com.es\/index.php\/wp-json\/wp\/v2\/types\/product"}],"replies":[{"embeddable":true,"href":"https:\/\/rockkofertas.com.es\/index.php\/wp-json\/wp\/v2\/comments?post=9442"}],"wp:featuredmedia":[{"embeddable":true,"href":"https:\/\/rockkofertas.com.es\/index.php\/wp-json\/wp\/v2\/media\/9441"}],"wp:attachment":[{"href":"https:\/\/rockkofertas.com.es\/index.php\/wp-json\/wp\/v2\/media?parent=9442"}],"wp:term":[{"taxonomy":"product_cat","embeddable":true,"href":"https:\/\/rockkofertas.com.es\/index.php\/wp-json\/wp\/v2\/product_cat?post=9442"},{"taxonomy":"product_tag","embeddable":true,"href":"https:\/\/rockkofertas.com.es\/index.php\/wp-json\/wp\/v2\/product_tag?post=9442"}],"curies":[{"name":"wp","href":"https:\/\/api.w.org\/{rel}","templated":true}]}}