{"id":9414,"date":"2026-03-02T15:00:36","date_gmt":"2026-03-02T15:00:36","guid":{"rendered":"https:\/\/rockkofertas.com.es\/index.php\/producto\/b0fvxrt8cy\/"},"modified":"2026-03-02T15:00:36","modified_gmt":"2026-03-02T15:00:36","slug":"b0fvxrt8cy","status":"publish","type":"product","link":"https:\/\/rockkofertas.com.es\/index.php\/producto\/b0fvxrt8cy\/","title":{"rendered":"B0FVXRT8CY"},"content":{"rendered":"<p>&#8211; \u2705 [Compatible con la Red de Google, No Se Requiere Aplicaci\u00f3n de Terceros] Novedad 2026: El rastreador tag Android es compatible con el sistema operativo Android y se puede usar en todos los smartphones Android junto con Google Find Hub Device. No es necesario instalar otras aplicaciones desconocidas. El Android para localizar se conecta r\u00e1pidamente a tu smartphone y cubre un amplio campo de red para rastrear tu ubicaci\u00f3n con precisi\u00f3n. (Nota: Se requiere la versi\u00f3n Android 9 o posterior; no se admiten dispositivos iOS ni Huawei.)<br \/>\n&#8211; \ud83d\udcf1 [Emparejamiento Sencillo en Menos de 10 Segundos] El smart tag Android es f\u00e1cil de configurar y ideal para personas que suelen perder objetos como las llaves. Sirve para localizar todo tipo de peque\u00f1os objetos. Solo tienes que abrir la app y pulsar el bot\u00f3n: tu smartphone te preguntar\u00e1 autom\u00e1ticamente si quieres conectar el Android smart tag a la app. Pulsa \u00abS\u00ed\u00bb y el proceso de configuraci\u00f3n estar\u00e1 terminado. Puedes personalizar los ajustes del localizador GPS Android y cambiarle el nombre al dispositivo para que muestre el nombre del objeto al que est\u00e1 asociado.<br \/>\n&#8211; \ud83d\udd14 [Volumen de 100 dB para una Localizaci\u00f3n R\u00e1pida] Cuando buscas el localizador tag Android cerca, su se\u00f1al ac\u00fastica es excepcionalmente alta. El rastreador Android te ayuda a localizar r\u00e1pidamente los objetos cercanos mediante el posicionamiento basado en el sonido. Funciona eficazmente en rincones ocultos y desordenados y en lugares que, de otro modo, podr\u00edas pasar por alto.<br \/>\n&#8211; \ud83d\udccd [Compatible con Navegaci\u00f3n por Rutas y Seguimiento Preciso de la Ubicaci\u00f3n] Cuando utilices tag localizador Android, solo tienes que pulsar \u00abObtener indicaciones\u00bb dentro de la aplicaci\u00f3n para obtener la ruta, la distancia y el tiempo estimado necesario para llegar a tu \u00abLocalizador de llaves\u00bb. Esto te permite recuperarlas sin esfuerzo, incluso si las has perdido lejos de tu ubicaci\u00f3n actual.<br \/>\n&#8211; \ud83d\udc65 [Modo Perdido y Seguimiento Compartido] Si extrav\u00eda objetos valiosos que contienen smart tracker tag Android en espacios p\u00fablicos, active el modo perdido para obtener ayuda a trav\u00e9s de la red de Google. Comparta la ubicaci\u00f3n de Bluetooth smart tag con amigos o familiares. Este rastreador para Android sin suscripci\u00f3n ofrece una instalaci\u00f3n sencilla, un seguimiento preciso de la ubicaci\u00f3n y la posibilidad de compartir el seguimiento con varios usuarios, lo que resulta especialmente \u00fatil cuando se viaja.<br \/>\n&#8211; \u26a0\ufe0f [Recordatorio de Olvidos y Detecci\u00f3n de Dispositivos Desconocidos] Si extrav\u00eda sus llaves o las deja fuera del alcance de la se\u00f1al, su tel\u00e9fono mostrar\u00e1 una notificaci\u00f3n de recordatorio de p\u00e9rdida. Si su tel\u00e9fono detecta un dispositivo de rastreo desconocido que se mueve con usted, recibir\u00e1 una alerta. Con esta smart tag Android, puede rastrear sus pertenencias personales con tranquilidad.<br \/>\n&#8211; \u2705 [Bater\u00eda CR2032 Reemplazable y Clasificaci\u00f3n de Resistencia al Agua IP67] La bater\u00eda CR2032 alojada dentro de la buscador de llaves tiene una vida \u00fatil superior a un a\u00f1o. El smart tracker Android cuenta con un dise\u00f1o inteligente que permite reemplazar la bater\u00eda sin esfuerzo. Su interruptor de encendido incorpora medidas de seguridad integrales contra la activaci\u00f3n accidental. Con una clasificaci\u00f3n de resistencia al agua IP67, no tienes que preocuparte de que la lluvia da\u00f1e el chip del rastreador gps android.<br \/>\n&#8211; \ud83d\udd12 [Protecci\u00f3n de la Privacidad] El uso del localizador tag 4 pack no requiere aplicaciones adicionales que puedan recopilar datos. Sus datos de ubicaci\u00f3n se someten a un cifrado de extremo a extremo, lo que significa que Google no puede ver ni acceder a esta informaci\u00f3n de seguimiento. Solo usted puede ver las ubicaciones marcadas y la posici\u00f3n actual de la air tracker Android.<\/p>\n","protected":false},"excerpt":{"rendered":"<p>Android Smart Tracker Tag, Smart Tag Android Tracker Compatible con Google Find Hub App, Tag Localizador Rastreador para Llaves, Cartera, Equipaje, Bater\u00eda Reemplazable (Blanco)<br \/>#Publicidad <span class=\"read-more\"><a class=\"more-link btn btn-transparent\" href=\"https:\/\/rockkofertas.com.es\/index.php\/producto\/b0fvxrt8cy\/\">Leer m\u00e1s&#8230;<\/a><\/span><\/p>\n","protected":false},"featured_media":9413,"comment_status":"open","ping_status":"closed","template":"","meta":[],"product_cat":[15],"product_tag":[],"class_list":{"0":"post-9414","1":"product","2":"type-product","3":"status-publish","4":"has-post-thumbnail","6":"product_cat-sin-categorizar","8":"first","9":"instock","10":"shipping-taxable","11":"product-type-external"},"_links":{"self":[{"href":"https:\/\/rockkofertas.com.es\/index.php\/wp-json\/wp\/v2\/product\/9414","targetHints":{"allow":["GET"]}}],"collection":[{"href":"https:\/\/rockkofertas.com.es\/index.php\/wp-json\/wp\/v2\/product"}],"about":[{"href":"https:\/\/rockkofertas.com.es\/index.php\/wp-json\/wp\/v2\/types\/product"}],"replies":[{"embeddable":true,"href":"https:\/\/rockkofertas.com.es\/index.php\/wp-json\/wp\/v2\/comments?post=9414"}],"wp:featuredmedia":[{"embeddable":true,"href":"https:\/\/rockkofertas.com.es\/index.php\/wp-json\/wp\/v2\/media\/9413"}],"wp:attachment":[{"href":"https:\/\/rockkofertas.com.es\/index.php\/wp-json\/wp\/v2\/media?parent=9414"}],"wp:term":[{"taxonomy":"product_cat","embeddable":true,"href":"https:\/\/rockkofertas.com.es\/index.php\/wp-json\/wp\/v2\/product_cat?post=9414"},{"taxonomy":"product_tag","embeddable":true,"href":"https:\/\/rockkofertas.com.es\/index.php\/wp-json\/wp\/v2\/product_tag?post=9414"}],"curies":[{"name":"wp","href":"https:\/\/api.w.org\/{rel}","templated":true}]}}