{"id":9402,"date":"2026-03-02T00:00:57","date_gmt":"2026-03-02T00:00:57","guid":{"rendered":"https:\/\/rockkofertas.com.es\/index.php\/producto\/b0fqbky74h\/"},"modified":"2026-03-02T00:00:57","modified_gmt":"2026-03-02T00:00:57","slug":"b0fqbky74h","status":"publish","type":"product","link":"https:\/\/rockkofertas.com.es\/index.php\/producto\/b0fqbky74h\/","title":{"rendered":"B0FQBKY74H"},"content":{"rendered":"<p>&#8211; TUUHAW camiseta de manga larga para mujer con escote en V y encaje a ganchillo,esta camiseta de manga larga destaca por su excelente confecci\u00f3n y su agradable sensaci\u00f3n al tacto. Est\u00e1 fabricada con un material suave y ligero, ideal para el uso diario.<br \/>\n&#8211; Caracter\u00edsticas \u00danicas: Mangas largas: Proporcionan un confort y calor adicionales; Escote en V: Decorado con un delicado encaje a ganchillo que a\u00f1ade un toque femenino; Dise\u00f1o en color s\u00f3lido: Con sutiles puntos suizos que le dan un aire juguet\u00f3n; Corte casual: Asegura libertad de movimiento y una c\u00f3moda adaptaci\u00f3n al cuerpo; Detalles de volantes ligeros en las mangas: Para un toque elegante.<br \/>\n&#8211; Ideas de Estilo:Perfecta para combinar con abrigos ligeros o chaquetas en d\u00edas frescos.Ideal con jeans ajustados o shorts de denim para un look casual.Comb\u00ednala con faldas para una apariencia m\u00e1s femenina.\u00dasala con zapatillas para el d\u00eda a d\u00eda o con zapatos elegantes para ocasiones especiales.<br \/>\n&#8211; Usos Vers\u00e1tiles:Adecuada para la vida diaria y actividades al aire libre relajadas.Perfecta para ir de compras y encuentros sociales.Ideal para cenas rom\u00e1nticas y celebraciones.Gracias a su dise\u00f1o vers\u00e1til, se puede usar durante todo el a\u00f1o, ya sea en primavera, verano, oto\u00f1o o invierno.<br \/>\n&#8211; Informaci\u00f3n \u00datil:Se recomienda consultar la tabla de tallas antes de realizar el pedido.Para cualquier duda o consulta, nuestro servicio al cliente est\u00e1 siempre disponible para ofrecerte una soluci\u00f3n satisfactoria.<\/p>\n","protected":false},"excerpt":{"rendered":"<p>TUUHAW Camisetas Manga Larga Mujer V-Cuello Volantes Blusa Boho Oto\u00f1o Camiseta Suelto Casual Elegante T\u00fanica Encaje Tops Plisada Color S\u00f3lido Ligera Patr\u00f3n de Moda Holgadas Invierno Ropa Negro XL<br \/>\n#Publicidad <span class=\"read-more\"><a class=\"more-link btn btn-transparent\" href=\"https:\/\/rockkofertas.com.es\/index.php\/producto\/b0fqbky74h\/\">Leer m\u00e1s&#8230;<\/a><\/span><\/p>\n","protected":false},"featured_media":9401,"comment_status":"open","ping_status":"closed","template":"","meta":[],"product_cat":[15],"product_tag":[],"class_list":{"0":"post-9402","1":"product","2":"type-product","3":"status-publish","4":"has-post-thumbnail","6":"product_cat-sin-categorizar","8":"first","9":"instock","10":"shipping-taxable","11":"product-type-external"},"_links":{"self":[{"href":"https:\/\/rockkofertas.com.es\/index.php\/wp-json\/wp\/v2\/product\/9402","targetHints":{"allow":["GET"]}}],"collection":[{"href":"https:\/\/rockkofertas.com.es\/index.php\/wp-json\/wp\/v2\/product"}],"about":[{"href":"https:\/\/rockkofertas.com.es\/index.php\/wp-json\/wp\/v2\/types\/product"}],"replies":[{"embeddable":true,"href":"https:\/\/rockkofertas.com.es\/index.php\/wp-json\/wp\/v2\/comments?post=9402"}],"wp:featuredmedia":[{"embeddable":true,"href":"https:\/\/rockkofertas.com.es\/index.php\/wp-json\/wp\/v2\/media\/9401"}],"wp:attachment":[{"href":"https:\/\/rockkofertas.com.es\/index.php\/wp-json\/wp\/v2\/media?parent=9402"}],"wp:term":[{"taxonomy":"product_cat","embeddable":true,"href":"https:\/\/rockkofertas.com.es\/index.php\/wp-json\/wp\/v2\/product_cat?post=9402"},{"taxonomy":"product_tag","embeddable":true,"href":"https:\/\/rockkofertas.com.es\/index.php\/wp-json\/wp\/v2\/product_tag?post=9402"}],"curies":[{"name":"wp","href":"https:\/\/api.w.org\/{rel}","templated":true}]}}