{"id":9382,"date":"2026-02-28T21:52:25","date_gmt":"2026-02-28T21:52:25","guid":{"rendered":"https:\/\/rockkofertas.com.es\/index.php\/producto\/b0frm9rx9n-2\/"},"modified":"2026-02-28T21:52:25","modified_gmt":"2026-02-28T21:52:25","slug":"b0frm9rx9n-2","status":"publish","type":"product","link":"https:\/\/rockkofertas.com.es\/index.php\/producto\/b0frm9rx9n-2\/","title":{"rendered":"B0FRM9RX9N"},"content":{"rendered":"<p>&#8211; \u3010Potente Succi\u00f3n de 28.000Pa\u3011Equipada con un motor de alto rendimiento, combina un dise\u00f1o ligero con una potente succi\u00f3n de hasta 28.000Pa. Elimina eficazmente polvo y pelos acumulados en suelos y rincones dif\u00edciles, logrando un excelente equilibrio entre limpieza profunda y manejo c\u00f3modo en el uso diario.<br \/>\n&#8211; \u3010Limpieza Antienredos de Alta Eficiencia\u3011El dise\u00f1o sin rodillo reduce eficazmente los enredos de pelo y cabello durante la limpieza. Ideal para hogares con mascotas, permite aspirar pelo largo y suciedad sin bloqueos, manteniendo un rendimiento estable y reduciendo el mantenimiento.<br \/>\n&#8211; \u3010Modos ECO y TURBO\u3011 La bater\u00eda recargable de gran capacidad proporciona hasta 35 minutos de autonom\u00eda en modo ECO. Con un solo bot\u00f3n, puedes alternar entre los modos ECO y TURBO seg\u00fan el nivel de suciedad, optimizando el consumo de energ\u00eda y adapt\u00e1ndose a diferentes tareas de limpieza.<br \/>\n&#8211; \u3010Sistema Cicl\u00f3nico Avanzado con Filtro HEPA Lavable\u3011El sistema de filtraci\u00f3n cicl\u00f3nica separa eficazmente el polvo del aire, manteniendo una succi\u00f3n constante. El filtro HEPA lavable captura hasta el 99,5 % de las part\u00edculas finas de hasta 0,3 micras, ayudando a mejorar la calidad del aire interior.Cuenta adem\u00e1s con un dep\u00f3sito de polvo de 800 ml con vaciado higi\u00e9nico de un solo clic, reduciendo la frecuencia de mantenimiento y los costes de uso.<br \/>\n&#8211; \u3010Accesorios Multifuncionales \u3011Incluye un pr\u00e1ctico cepillo 2 en 1 que permite alternar entre boquilla y cepillo seg\u00fan la superficie. Se transforma f\u00e1cilmente en aspiradora de mano, ideal para limpiar suelos duros, muebles, cortinas, rincones dif\u00edciles y el interior del coche con un solo dispositivo.<br \/>\n&#8211; \u3010Ultra Ligera &amp; Cabezal Giratorio Flexible\u3011Con solo 1,25 kg de peso, es f\u00e1cil de manejar con una sola mano y c\u00f3moda para un uso prolongado. El cabezal flexible gira 90\u00b0 arriba\/abajo y 180\u00b0 lateralmente, permitiendo acceder sin esfuerzo a zonas bajas como debajo de sof\u00e1s y camas, as\u00ed como a espacios estrechos entre muebles, haciendo la limpieza m\u00e1s \u00e1gil y eficiente.<\/p>\n","protected":false},"excerpt":{"rendered":"<p>Suirviz Aspiradora sin Cable U5PRO,28000Pa Potente Succi\u00f3n,Escoba Ligera Inal\u00e1mbrica Vertical y de Mano,con Filtro HEPA Lavable y Sistema Antienredos,para Mascotas,Suelos Duros,Mascotas,Hogar y Coche<br \/>#Publicidad <span class=\"read-more\"><a class=\"more-link btn btn-transparent\" href=\"https:\/\/rockkofertas.com.es\/index.php\/producto\/b0frm9rx9n-2\/\">Leer m\u00e1s&#8230;<\/a><\/span><\/p>\n","protected":false},"featured_media":9381,"comment_status":"open","ping_status":"closed","template":"","meta":[],"product_cat":[15],"product_tag":[],"class_list":{"0":"post-9382","1":"product","2":"type-product","3":"status-publish","4":"has-post-thumbnail","6":"product_cat-sin-categorizar","8":"first","9":"instock","10":"shipping-taxable","11":"product-type-external"},"_links":{"self":[{"href":"https:\/\/rockkofertas.com.es\/index.php\/wp-json\/wp\/v2\/product\/9382","targetHints":{"allow":["GET"]}}],"collection":[{"href":"https:\/\/rockkofertas.com.es\/index.php\/wp-json\/wp\/v2\/product"}],"about":[{"href":"https:\/\/rockkofertas.com.es\/index.php\/wp-json\/wp\/v2\/types\/product"}],"replies":[{"embeddable":true,"href":"https:\/\/rockkofertas.com.es\/index.php\/wp-json\/wp\/v2\/comments?post=9382"}],"wp:featuredmedia":[{"embeddable":true,"href":"https:\/\/rockkofertas.com.es\/index.php\/wp-json\/wp\/v2\/media\/9381"}],"wp:attachment":[{"href":"https:\/\/rockkofertas.com.es\/index.php\/wp-json\/wp\/v2\/media?parent=9382"}],"wp:term":[{"taxonomy":"product_cat","embeddable":true,"href":"https:\/\/rockkofertas.com.es\/index.php\/wp-json\/wp\/v2\/product_cat?post=9382"},{"taxonomy":"product_tag","embeddable":true,"href":"https:\/\/rockkofertas.com.es\/index.php\/wp-json\/wp\/v2\/product_tag?post=9382"}],"curies":[{"name":"wp","href":"https:\/\/api.w.org\/{rel}","templated":true}]}}