{"id":9380,"date":"2026-02-28T21:52:16","date_gmt":"2026-02-28T21:52:16","guid":{"rendered":"https:\/\/rockkofertas.com.es\/index.php\/producto\/b0g5n5hyj4\/"},"modified":"2026-02-28T21:52:16","modified_gmt":"2026-02-28T21:52:16","slug":"b0g5n5hyj4","status":"publish","type":"product","link":"https:\/\/rockkofertas.com.es\/index.php\/producto\/b0g5n5hyj4\/","title":{"rendered":"B0G5N5HYJ4"},"content":{"rendered":"<p>&#8211; [Modelos compatibles] MaEiol funda PC portatil es compatible con 15-16 pulgadas, incluidos MacBook, HP, Dell, Lenovo, ASUS, Surface, MSI, Huawei MateBook y Samsung Galaxy Book.<br \/>\n&#8211; [Materiales de alta calidad &amp; ligeros y delgados] El exterior est\u00e1 hecho de lujoso cuero PU mate, mientras que el interior est\u00e1 forrado con un material suave y resistente a los ara\u00f1azos. El estuche se puede llevar solo o guardar en una mochila, malet\u00edn o maleta sin a\u00f1adir peso, lo que lo hace ideal para la escuela, la oficina o viajes. (Nota: Debido a las caracter\u00edsticas de su c\u00e1mara o monitor, el color real puede variar ligeramente del de la imagen).<br \/>\n&#8211; [Protecci\u00f3n integral] Ofrece una excelente protecci\u00f3n contra ara\u00f1azos e impactos. Protege tu dispositivo de golpes y ca\u00eddas cotidianas y prolonga su vida \u00fatil gracias a su durabilidad. La superficie es repelente al agua, por lo que la humedad se limpia f\u00e1cilmente. El revestimiento repelente al agua permite un uso seguro incluso en d\u00edas lluviosos.<br \/>\n&#8211; [Cierre conveniente] El dise\u00f1o tipo sobre con cierre magn\u00e9tico invisible facilita la apertura y el cierre, protegiendo tu dispositivo. Esto garantiza que siempre tengas acceso r\u00e1pido y f\u00e1cil a tu port\u00e1til. [Bolsillo para accesorios] Esta bolsa cuenta con un pr\u00e1ctico bolsillo para guardar perif\u00e9ricos y accesorios como rat\u00f3n, cargador, cables de datos y bater\u00eda externa. El asa facilita su transporte.<br \/>\n&#8211; [Pr\u00e1ctico] Este malet\u00edn para port\u00e1til impresiona por su dise\u00f1o sencillo y elegante, ideal para diversas situaciones, como viajes de negocios, desplazamientos, estudios y el d\u00eda a d\u00eda. Es delgado y ligero, pero ofrece una protecci\u00f3n completa. Tambi\u00e9n funciona como alfombrilla para rat\u00f3n, lo que aumenta la eficiencia de tu trabajo en cualquier lugar.<\/p>\n","protected":false},"excerpt":{"rendered":"<p>MaEiol 15-16 Pulgadas Funda PC Portatil PU Cuero Ultrafino Ordenador Port\u00e1tiles con Accesorios Funda, Sleeve Laptop Notebook Computer para MacBook HP DELL Lenovo Acer Surface ASUS, Marr\u00f3n<br \/>#Publicidad <span class=\"read-more\"><a class=\"more-link btn btn-transparent\" href=\"https:\/\/rockkofertas.com.es\/index.php\/producto\/b0g5n5hyj4\/\">Leer m\u00e1s&#8230;<\/a><\/span><\/p>\n","protected":false},"featured_media":9379,"comment_status":"open","ping_status":"closed","template":"","meta":[],"product_cat":[15],"product_tag":[],"class_list":{"0":"post-9380","1":"product","2":"type-product","3":"status-publish","4":"has-post-thumbnail","6":"product_cat-sin-categorizar","8":"first","9":"instock","10":"shipping-taxable","11":"product-type-external"},"_links":{"self":[{"href":"https:\/\/rockkofertas.com.es\/index.php\/wp-json\/wp\/v2\/product\/9380","targetHints":{"allow":["GET"]}}],"collection":[{"href":"https:\/\/rockkofertas.com.es\/index.php\/wp-json\/wp\/v2\/product"}],"about":[{"href":"https:\/\/rockkofertas.com.es\/index.php\/wp-json\/wp\/v2\/types\/product"}],"replies":[{"embeddable":true,"href":"https:\/\/rockkofertas.com.es\/index.php\/wp-json\/wp\/v2\/comments?post=9380"}],"wp:featuredmedia":[{"embeddable":true,"href":"https:\/\/rockkofertas.com.es\/index.php\/wp-json\/wp\/v2\/media\/9379"}],"wp:attachment":[{"href":"https:\/\/rockkofertas.com.es\/index.php\/wp-json\/wp\/v2\/media?parent=9380"}],"wp:term":[{"taxonomy":"product_cat","embeddable":true,"href":"https:\/\/rockkofertas.com.es\/index.php\/wp-json\/wp\/v2\/product_cat?post=9380"},{"taxonomy":"product_tag","embeddable":true,"href":"https:\/\/rockkofertas.com.es\/index.php\/wp-json\/wp\/v2\/product_tag?post=9380"}],"curies":[{"name":"wp","href":"https:\/\/api.w.org\/{rel}","templated":true}]}}