{"id":9358,"date":"2026-02-27T19:59:00","date_gmt":"2026-02-27T19:59:00","guid":{"rendered":"https:\/\/rockkofertas.com.es\/index.php\/producto\/b0g4vnl2w9\/"},"modified":"2026-02-27T19:59:00","modified_gmt":"2026-02-27T19:59:00","slug":"b0g4vnl2w9","status":"publish","type":"product","link":"https:\/\/rockkofertas.com.es\/index.php\/producto\/b0g4vnl2w9\/","title":{"rendered":"B0G4VNL2W9"},"content":{"rendered":"<p>&#8211; Autonom\u00eda Extrema y Control Total- 80Mins y Pantalla LED que Muestra el Tiempo Real en Minutos: Olv\u00eddate de cargar a medias la limpieza. Con 80 minutos de autonom\u00eda, este aspirador vertical cubre de una sola vez la superficie de una casa grande en Espa\u00f1a (unos 260 m\u00b2). La pantalla LED te muestra el tiempo restante en minutos exactos, no en barras ambiguas. As\u00ed planificas tu limpieza con total seguridad, sin interrupciones ni sorpresas<br \/>\n&#8211; Sistema Multicicl\u00f3n Avanzado- Potencia M\u00e1xima 55,000Pa y Dise\u00f1o Sostenible: Experimente la m\u00e1xima potencia de aspiraci\u00f3n, de hasta 55kPa, que no se debilita con el tiempo. Nuestro sistema multicicl\u00f3n separa el polvo con mucha m\u00e1s eficiencia que los de un solo cono, evitando que se sature el filtro HEPA. As\u00ed mantiene el rendimiento constante y prolonga la vida del filtro, reduciendo su reemplazo y los residuos. Una soluci\u00f3n potente y respetuosa con el medio ambiente<br \/>\n&#8211; Cepillo Anti-Enredo- Elimina el 97% de los Enredos de Pelo: Dise\u00f1ado para hogares con mascotas. Su combinaci\u00f3n de cerdas de polipropileno suave, nylon resistente y filamentos antiest\u00e1ticos recoge eficazmente polvo, pelos y suciedad sin que se adhieran. El dise\u00f1o reforzado con dientes anti-enredos evita que el pelo se enrolle en el eje, lo que reduce dr\u00e1sticamente el mantenimiento, mejora la limpieza y prolonga la vida de su vacuum cleaner<br \/>\n&#8211; F\u00e1cil de Usar- Controles de un Bot\u00f3n y Pr\u00e1ctica Carga Mural: enciende y apaga con un solo toque. Al terminar, basta con colocarlo en su soporte mural \u2014 se carga autom\u00e1ticamente y se guarda de forma elegante, sin cables que conectar cada vez. Adem\u00e1s, vac\u00eda el dep\u00f3sito con un solo clic y sin contacto con el polvo<br \/>\n&#8211; Se Sostiene Solo y Alcanza Donde Otros No (3\/7 vs 5\/5): Pausa en segundos: gracias a su auto-equilibrio, se queda de pie solo al soltarlo. Perfecto para atender el tel\u00e9fono o la puerta; Limpia a fondo sin esfuerzo: su tubo se pliega en un punto 3\/7 (no 5\/5 como otros), alcanzando m\u00e1s profundo bajo sof\u00e1s y camas sin moverlos. Olv\u00eddate de agacharte o desplazar muebles para una limpieza completa<br \/>\n&#8211; Servicio 24\/7 y Centro de Reparaci\u00f3n en Europa: Conf\u00eda en una marca con m\u00e1s de 450,000 usuarios en 132 pa\u00edses y reconocida en medios espa\u00f1oles. Ultenic le ofrece soporte al cliente 24 horas, 7 d\u00edas a la semana. Lo m\u00e1s importante: nuestro centro de reparaciones local en Europa garantiza un servicio postventa r\u00e1pido y directo para clientes en Espa\u00f1a y la UE. Su satisfacci\u00f3n es nuestra prioridad<\/p>\n","protected":false},"excerpt":{"rendered":"<p>Ultenic U18Pro Aspiradora sin Cable 55Kpa\/80Mins, Sistema Multicicl\u00f3n, Display con Tiempo Restante en Minutos y Limpieza sin Agacharse, Escoba Aspirador Anti-enredos para Pelo de Mascotas y Alfombras<br \/>#Publicidad <span class=\"read-more\"><a class=\"more-link btn btn-transparent\" href=\"https:\/\/rockkofertas.com.es\/index.php\/producto\/b0g4vnl2w9\/\">Leer m\u00e1s&#8230;<\/a><\/span><\/p>\n","protected":false},"featured_media":9357,"comment_status":"open","ping_status":"closed","template":"","meta":[],"product_cat":[15],"product_tag":[],"class_list":{"0":"post-9358","1":"product","2":"type-product","3":"status-publish","4":"has-post-thumbnail","6":"product_cat-sin-categorizar","8":"first","9":"instock","10":"shipping-taxable","11":"product-type-external"},"_links":{"self":[{"href":"https:\/\/rockkofertas.com.es\/index.php\/wp-json\/wp\/v2\/product\/9358","targetHints":{"allow":["GET"]}}],"collection":[{"href":"https:\/\/rockkofertas.com.es\/index.php\/wp-json\/wp\/v2\/product"}],"about":[{"href":"https:\/\/rockkofertas.com.es\/index.php\/wp-json\/wp\/v2\/types\/product"}],"replies":[{"embeddable":true,"href":"https:\/\/rockkofertas.com.es\/index.php\/wp-json\/wp\/v2\/comments?post=9358"}],"wp:featuredmedia":[{"embeddable":true,"href":"https:\/\/rockkofertas.com.es\/index.php\/wp-json\/wp\/v2\/media\/9357"}],"wp:attachment":[{"href":"https:\/\/rockkofertas.com.es\/index.php\/wp-json\/wp\/v2\/media?parent=9358"}],"wp:term":[{"taxonomy":"product_cat","embeddable":true,"href":"https:\/\/rockkofertas.com.es\/index.php\/wp-json\/wp\/v2\/product_cat?post=9358"},{"taxonomy":"product_tag","embeddable":true,"href":"https:\/\/rockkofertas.com.es\/index.php\/wp-json\/wp\/v2\/product_tag?post=9358"}],"curies":[{"name":"wp","href":"https:\/\/api.w.org\/{rel}","templated":true}]}}