{"id":9356,"date":"2026-02-27T18:32:41","date_gmt":"2026-02-27T18:32:41","guid":{"rendered":"https:\/\/rockkofertas.com.es\/index.php\/producto\/b0g141fdkh\/"},"modified":"2026-02-27T18:32:41","modified_gmt":"2026-02-27T18:32:41","slug":"b0g141fdkh","status":"publish","type":"product","link":"https:\/\/rockkofertas.com.es\/index.php\/producto\/b0g141fdkh\/","title":{"rendered":"B0G141FDKH"},"content":{"rendered":"<p>&#8211; Motor sin Escobillas de 100W: Esta hidrolimpiadora de alta presion equipada con un motor sin escobillas de 100W ofrece una presi\u00f3n de hasta 50 bares y un caudal de 222L\/h, con un alcance de chorro de hasta 7 metros.<br \/>\n&#8211; Ideal para Tareas de Limpieza Peque\u00f1as a Medianas: Dise\u00f1ada para trabajos de limpieza ligeros a moderados, como lavar coches, entradas de veh\u00edculos, terrazas, decks, barbacoas y herramientas exteriores.<br \/>\n&#8211; 2 Modos de Boquilla: 0\u00b0 y 45\u00b0. Sin configuraciones complicadas: solo conecta la bater\u00eda, llena el cubo de agua y estar\u00e1s listo para limpiar en minutos. Adecuada para usuarios de todas las edades.<br \/>\n&#8211; Limpieza Profunda: Adem\u00e1s, incluye un pulverizador de espuma para una limpieza profunda de veh\u00edculos, eliminando r\u00e1pidamente suciedad, grasa y manchas de aceite. Ideal para todas sus necesidades de limpieza.<br \/>\n&#8211; Lista de Empaque: 1 lavadora a presi\u00f3n inal\u00e1mbrica, 1 cargador, 2 bater\u00edas de 1200mAh, 1 manguera de agua de 5m, 1 botella de espuma de 330ml, 1 filtro, 1 conector r\u00e1pido, 1 adaptador para botella de cola, 1 varilla met\u00e1lica, 1 boquilla roja de 0\u00b0, 1 boquilla blanca de 45\u00b0, 1 manual de instrucciones.<\/p>\n","protected":false},"excerpt":{"rendered":"<p>Hidrolimpiadora Bateria, Hidrolimpiadora de Alta Presion Portatil con 2 Baterias Potente para Limpiar Coche, Terraza, Jard\u00edn<br \/>#Publicidad <span class=\"read-more\"><a class=\"more-link btn btn-transparent\" href=\"https:\/\/rockkofertas.com.es\/index.php\/producto\/b0g141fdkh\/\">Leer m\u00e1s&#8230;<\/a><\/span><\/p>\n","protected":false},"featured_media":9355,"comment_status":"open","ping_status":"closed","template":"","meta":[],"product_cat":[15],"product_tag":[],"class_list":{"0":"post-9356","1":"product","2":"type-product","3":"status-publish","4":"has-post-thumbnail","6":"product_cat-sin-categorizar","8":"first","9":"instock","10":"shipping-taxable","11":"product-type-external"},"_links":{"self":[{"href":"https:\/\/rockkofertas.com.es\/index.php\/wp-json\/wp\/v2\/product\/9356","targetHints":{"allow":["GET"]}}],"collection":[{"href":"https:\/\/rockkofertas.com.es\/index.php\/wp-json\/wp\/v2\/product"}],"about":[{"href":"https:\/\/rockkofertas.com.es\/index.php\/wp-json\/wp\/v2\/types\/product"}],"replies":[{"embeddable":true,"href":"https:\/\/rockkofertas.com.es\/index.php\/wp-json\/wp\/v2\/comments?post=9356"}],"wp:featuredmedia":[{"embeddable":true,"href":"https:\/\/rockkofertas.com.es\/index.php\/wp-json\/wp\/v2\/media\/9355"}],"wp:attachment":[{"href":"https:\/\/rockkofertas.com.es\/index.php\/wp-json\/wp\/v2\/media?parent=9356"}],"wp:term":[{"taxonomy":"product_cat","embeddable":true,"href":"https:\/\/rockkofertas.com.es\/index.php\/wp-json\/wp\/v2\/product_cat?post=9356"},{"taxonomy":"product_tag","embeddable":true,"href":"https:\/\/rockkofertas.com.es\/index.php\/wp-json\/wp\/v2\/product_tag?post=9356"}],"curies":[{"name":"wp","href":"https:\/\/api.w.org\/{rel}","templated":true}]}}