{"id":9239,"date":"2026-02-21T16:00:48","date_gmt":"2026-02-21T16:00:48","guid":{"rendered":"https:\/\/rockkofertas.com.es\/index.php\/producto\/b0d9gnghf8\/"},"modified":"2026-02-21T16:00:48","modified_gmt":"2026-02-21T16:00:48","slug":"b0d9gnghf8","status":"publish","type":"product","link":"https:\/\/rockkofertas.com.es\/index.php\/producto\/b0d9gnghf8\/","title":{"rendered":"B0D9GNGHF8"},"content":{"rendered":"<p>&#8211; Dimensiones y paquete: Contiene 1 piezas de cortinas transl\u00facidas por paquete y cada una mide 200 cm de ancho x 160 cm de alto. Nota: La medida de la altura (160 cm) es el total incluyendo las anillas<br \/>\n&#8211; Ideal para peque\u00f1as ventanas: ideal para peque\u00f1as ventanas en cocinas, ba\u00f1os, guarder\u00edas o pasillos. Proporciona un oscurecimiento correcto manteniendo el brillo de la habitaci\u00f3n<br \/>\n&#8211; Las habitaciones son m\u00e1s luminosas: las cortinas blancas de voile suavizan el sol, evitan el deslumbramiento y crean un ambiente brillante y c\u00e1lido &#8211; muy adecuado para un invierno oscuro en Europa<br \/>\n&#8211; Transl\u00facido y privacidad: materiales ligeros permiten la entrada de luz mientras brindan privacidad &#8211; muy adecuados para habitaciones que requieren luz y privacidad<br \/>\n&#8211; Atenci\u00f3n: limpieza en seco si es necesario, no a m\u00e1quina, f\u00e1cil de limpiar. Si tiene alguna pregunta, P\u00f3ngase en contacto con nosotros y le atenderemos en un plazo de 24 horas. Mrtrees, tu pareja eterna<\/p>\n","protected":false},"excerpt":{"rendered":"<p>MRTREES Cortinas Salon 2 Metros Ancho 160cm Largo 1 Pieza,Cortinas Infantiles Cortinas Dormitorio Juvenil Cortina Separador de ambientes Blanca translucidas<br \/>\n#Publicidad <span class=\"read-more\"><a class=\"more-link btn btn-transparent\" href=\"https:\/\/rockkofertas.com.es\/index.php\/producto\/b0d9gnghf8\/\">Leer m\u00e1s&#8230;<\/a><\/span><\/p>\n","protected":false},"featured_media":9238,"comment_status":"open","ping_status":"closed","template":"","meta":[],"product_cat":[15],"product_tag":[],"class_list":{"0":"post-9239","1":"product","2":"type-product","3":"status-publish","4":"has-post-thumbnail","6":"product_cat-sin-categorizar","8":"first","9":"instock","10":"shipping-taxable","11":"product-type-external"},"_links":{"self":[{"href":"https:\/\/rockkofertas.com.es\/index.php\/wp-json\/wp\/v2\/product\/9239","targetHints":{"allow":["GET"]}}],"collection":[{"href":"https:\/\/rockkofertas.com.es\/index.php\/wp-json\/wp\/v2\/product"}],"about":[{"href":"https:\/\/rockkofertas.com.es\/index.php\/wp-json\/wp\/v2\/types\/product"}],"replies":[{"embeddable":true,"href":"https:\/\/rockkofertas.com.es\/index.php\/wp-json\/wp\/v2\/comments?post=9239"}],"wp:featuredmedia":[{"embeddable":true,"href":"https:\/\/rockkofertas.com.es\/index.php\/wp-json\/wp\/v2\/media\/9238"}],"wp:attachment":[{"href":"https:\/\/rockkofertas.com.es\/index.php\/wp-json\/wp\/v2\/media?parent=9239"}],"wp:term":[{"taxonomy":"product_cat","embeddable":true,"href":"https:\/\/rockkofertas.com.es\/index.php\/wp-json\/wp\/v2\/product_cat?post=9239"},{"taxonomy":"product_tag","embeddable":true,"href":"https:\/\/rockkofertas.com.es\/index.php\/wp-json\/wp\/v2\/product_tag?post=9239"}],"curies":[{"name":"wp","href":"https:\/\/api.w.org\/{rel}","templated":true}]}}