{"id":9231,"date":"2026-02-21T08:01:25","date_gmt":"2026-02-21T08:01:25","guid":{"rendered":"https:\/\/rockkofertas.com.es\/index.php\/producto\/b0btpgbmlt\/"},"modified":"2026-02-21T08:01:25","modified_gmt":"2026-02-21T08:01:25","slug":"b0btpgbmlt","status":"publish","type":"product","link":"https:\/\/rockkofertas.com.es\/index.php\/producto\/b0btpgbmlt\/","title":{"rendered":"B0BTPGBMLT"},"content":{"rendered":"<p>&#8211; \ud83c\udf77\ud83c\udf81\u3010Idea de regalo\u3011Adem\u00e1s de un abridor de vino imprescindible, el vers\u00e1til juego de amantes del vino de lujo 8 en 1 de ZOYIDOUX incluye una base de almacenamiento de carga, un cortador de l\u00e1mina de sellado, un aireador y vertedor de vino, una bomba de vac\u00edo, 2 tapones de vino y 1 tipo Cable de carga C. Con este juego de abridor de vino el\u00e9ctrico, puede abrir botellas de vino sin problemas y verter y mantener fresco con facilidad y disfrutar de la calidad del vino premium con cada sorbo<br \/>\n&#8211; \ud83c\udf77\ud83c\udf81 \u3010Uso sin esfuerzo\u3011 El abrebotellas el\u00e9ctrico de acero inoxidable tiene una bater\u00eda Ni-MH recargable incorporada, no es necesario reemplazar la bater\u00eda, ahorra energ\u00eda y protege el medio ambiente. Bot\u00f3n de un solo toque, quita corchos f\u00e1cilmente en 6 segundos, silencioso y r\u00e1pido, una carga completa puede abrir al menos 40 botellas de vino tinto de forma continua<br \/>\n&#8211; \ud83c\udf77\ud83c\udf81 \u3010Mantenga sus vinos frescos\u3011 El vertedor de vino con aireador ayuda a resaltar todo el sabor del vino. El vino al vac\u00edo con escala de tiempo puede mantener fresca una botella de vino abierta durante per\u00edodos de tiempo m\u00e1s prolongados. Puede infundir ox\u00edgeno de manera efectiva y lograr un perfil de sabor m\u00e1s mejorado mientras vierte, y puede evitar el goteo y controlar el flujo<br \/>\n&#8211; \ud83c\udf77\ud83c\udf81\u3010Base de almacenamiento recargable\u3011La base de almacenamiento adopta un puerto tipo C, cargando m\u00e1s r\u00e1pido que el puerto USB tradicional. Puede cargar, almacenar y exhibir simult\u00e1neamente su abridor de botellas de vino el\u00e9ctrico. El soporte puede guardar todos los accesorios de vino y lo hace m\u00e1s ordenado en el refrigerador de vinos\/estante de almacenamiento\/credenza\/bar\/cocina\/\u00e1rea de sal\u00f3n, etc<br \/>\n&#8211; \ud83c\udf77\ud83c\udf81 \u3010Idea de regalo perfecta\u3011 Un juego de accesorios para vino elegante y con clase con un dise\u00f1o atractivo que habla de car\u00e1cter y buen gusto. Este abridor de vino el\u00e9ctrico es un gran regalo para los seres queridos y los amantes del vino para cumplea\u00f1os, bodas, aniversarios, Navidad, A\u00f1o Nuevo, Acci\u00f3n de Gracias, D\u00eda de la Madre, D\u00eda del Padre, D\u00eda de San Valent\u00edn, regalos para pap\u00e1, etc<\/p>\n","protected":false},"excerpt":{"rendered":"<p>ZOYIDOUX Sacacorchos el\u00e9ctrico recargable 8 en 1 Juego de regalo, Abridor de vino El\u00e9ctrico con base de carga,Cortac\u00e1psulas,Bomba de Vac\u00edo,2 Tap\u00f3n de Vino de Vac\u00edo,Vertedor de Vino,Cable USB-C<br \/>\n#Publicidad <span class=\"read-more\"><a class=\"more-link btn btn-transparent\" href=\"https:\/\/rockkofertas.com.es\/index.php\/producto\/b0btpgbmlt\/\">Leer m\u00e1s&#8230;<\/a><\/span><\/p>\n","protected":false},"featured_media":9230,"comment_status":"open","ping_status":"closed","template":"","meta":[],"product_cat":[15],"product_tag":[],"class_list":{"0":"post-9231","1":"product","2":"type-product","3":"status-publish","4":"has-post-thumbnail","6":"product_cat-sin-categorizar","8":"first","9":"instock","10":"shipping-taxable","11":"product-type-external"},"_links":{"self":[{"href":"https:\/\/rockkofertas.com.es\/index.php\/wp-json\/wp\/v2\/product\/9231","targetHints":{"allow":["GET"]}}],"collection":[{"href":"https:\/\/rockkofertas.com.es\/index.php\/wp-json\/wp\/v2\/product"}],"about":[{"href":"https:\/\/rockkofertas.com.es\/index.php\/wp-json\/wp\/v2\/types\/product"}],"replies":[{"embeddable":true,"href":"https:\/\/rockkofertas.com.es\/index.php\/wp-json\/wp\/v2\/comments?post=9231"}],"wp:featuredmedia":[{"embeddable":true,"href":"https:\/\/rockkofertas.com.es\/index.php\/wp-json\/wp\/v2\/media\/9230"}],"wp:attachment":[{"href":"https:\/\/rockkofertas.com.es\/index.php\/wp-json\/wp\/v2\/media?parent=9231"}],"wp:term":[{"taxonomy":"product_cat","embeddable":true,"href":"https:\/\/rockkofertas.com.es\/index.php\/wp-json\/wp\/v2\/product_cat?post=9231"},{"taxonomy":"product_tag","embeddable":true,"href":"https:\/\/rockkofertas.com.es\/index.php\/wp-json\/wp\/v2\/product_tag?post=9231"}],"curies":[{"name":"wp","href":"https:\/\/api.w.org\/{rel}","templated":true}]}}