{"id":9099,"date":"2026-02-13T16:00:38","date_gmt":"2026-02-13T16:00:38","guid":{"rendered":"https:\/\/rockkofertas.com.es\/index.php\/producto\/b0dkybll5b\/"},"modified":"2026-02-13T16:00:38","modified_gmt":"2026-02-13T16:00:38","slug":"b0dkybll5b","status":"publish","type":"product","link":"https:\/\/rockkofertas.com.es\/index.php\/producto\/b0dkybll5b\/","title":{"rendered":"B0DKYBLL5B"},"content":{"rendered":"<p>&#8211; PAQUETE DE SEGURIDAD PARA BICI NI\u00d1O 5 A\u00d1OS : Timbre, almohadilla de manillar, pedales con reflectores, protector de cadena, guardabarros, ruedas de apoyo desmontables y reflectores grandes.<br \/>\n&#8211; SISTEMA DE FRENOS PARA BICICLETA PARA NI\u00d1OS de 4 a 6 A\u00d1OS : Freno de contrapedal en la rueda trasera. Freno en V-Brake de aluminio en la rueda delantera. Una necesidad para todas las bici de este tama\u00f1o. Dos sistemas de frenado independientes para bici ni\u00f1a 5 a\u00f1os.<br \/>\n&#8211; LIGERA : Una bicicleta infantil adecuada para ni\u00f1os a partir de los 5 a\u00f1os. El marco que hemos dise\u00f1ado es ligero y tiene un aspecto deportivo, sin que los ciclistas tengan que renunciar a una entrada baja.<br \/>\n&#8211; BICICLETA 16 PULGADAS NI\u00d1O : Bicicleta para ni\u00f1os y ni\u00f1as con componentes de aluminio de calidad y un amplio rango de ajuste. Manillar y sill\u00edn ajustables en altura y \u00e1ngulo.<br \/>\n&#8211; REGALO 5 A\u00d1OS : Esta bicicleta junior cumple con todas las normas y requisitos de la EU DIN ISO 8098.<\/p>\n","protected":false},"excerpt":{"rendered":"<p>PROMETHEUS BICYCLES Bicicleta ni\u00f1o 5 a\u00f1os Bicicleta 16 Pulgadas ni\u00f1o ni\u00f1a | Bicicletas ni\u00f1os Infantil 4-6 a\u00f1os con ruedines y Freno de contrapedal &#8211; Rojo<br \/>\n#Publicidad <span class=\"read-more\"><a class=\"more-link btn btn-transparent\" href=\"https:\/\/rockkofertas.com.es\/index.php\/producto\/b0dkybll5b\/\">Leer m\u00e1s&#8230;<\/a><\/span><\/p>\n","protected":false},"featured_media":9098,"comment_status":"open","ping_status":"closed","template":"","meta":[],"product_cat":[15],"product_tag":[],"class_list":{"0":"post-9099","1":"product","2":"type-product","3":"status-publish","4":"has-post-thumbnail","6":"product_cat-sin-categorizar","8":"first","9":"instock","10":"shipping-taxable","11":"product-type-external"},"_links":{"self":[{"href":"https:\/\/rockkofertas.com.es\/index.php\/wp-json\/wp\/v2\/product\/9099","targetHints":{"allow":["GET"]}}],"collection":[{"href":"https:\/\/rockkofertas.com.es\/index.php\/wp-json\/wp\/v2\/product"}],"about":[{"href":"https:\/\/rockkofertas.com.es\/index.php\/wp-json\/wp\/v2\/types\/product"}],"replies":[{"embeddable":true,"href":"https:\/\/rockkofertas.com.es\/index.php\/wp-json\/wp\/v2\/comments?post=9099"}],"wp:featuredmedia":[{"embeddable":true,"href":"https:\/\/rockkofertas.com.es\/index.php\/wp-json\/wp\/v2\/media\/9098"}],"wp:attachment":[{"href":"https:\/\/rockkofertas.com.es\/index.php\/wp-json\/wp\/v2\/media?parent=9099"}],"wp:term":[{"taxonomy":"product_cat","embeddable":true,"href":"https:\/\/rockkofertas.com.es\/index.php\/wp-json\/wp\/v2\/product_cat?post=9099"},{"taxonomy":"product_tag","embeddable":true,"href":"https:\/\/rockkofertas.com.es\/index.php\/wp-json\/wp\/v2\/product_tag?post=9099"}],"curies":[{"name":"wp","href":"https:\/\/api.w.org\/{rel}","templated":true}]}}