{"id":9075,"date":"2026-02-12T14:06:23","date_gmt":"2026-02-12T14:06:23","guid":{"rendered":"https:\/\/rockkofertas.com.es\/index.php\/producto\/b0fs2g325d\/"},"modified":"2026-02-12T14:06:23","modified_gmt":"2026-02-12T14:06:23","slug":"b0fs2g325d","status":"publish","type":"product","link":"https:\/\/rockkofertas.com.es\/index.php\/producto\/b0fs2g325d\/","title":{"rendered":"B0FS2G325D"},"content":{"rendered":"<p>&#8211; Regalo testigo de boda personalizado: Placa de madera grabada con nombres y fecha. Incluye bol\u00edgrafo\/pluma para la firma, convirti\u00e9ndose en un recuerdo \u00fanico e inolvidable de la ceremonia.<br \/>\n&#8211; \ud83d\udc8d Detalle original para testigos de boda: Un obsequio elegante y emotivo que agradecer\u00e1 tu testigo. Personalizaci\u00f3n exclusiva que hace de este regalo una pieza \u00fanica para conservar de por vida.<br \/>\n&#8211; \ud83c\udf3f Placa de madera personalizada: Fabricada en madera natural de alta calidad, resistente y elegante. Ideal para usar en la firma de los testigos y guardar como recuerdo especial de la boda.<br \/>\n&#8211; \u2728 Incluye bol\u00edgrafo\/pluma de firma: Un set completo y sofisticado que combina utilidad y emoci\u00f3n. Perfecto para entregar el d\u00eda de la boda como gesto de agradecimiento y cari\u00f1o.<br \/>\n&#8211; \ud83c\udf89 Regalo emotivo y pr\u00e1ctico: Sorprende a tus testigos con un detalle \u00fanico que une funcionalidad y sentimiento. Una placa con bol\u00edgrafo personalizada que quedar\u00e1 como recuerdo eterno.<\/p>\n","protected":false},"excerpt":{"rendered":"<p>Regalo testigo personalizado para boda. Placa de madera para testigos personalizada con pluma\/bol\u00edgrafo para firma. Regalo original boda<br \/>#Publicidad <span class=\"read-more\"><a class=\"more-link btn btn-transparent\" href=\"https:\/\/rockkofertas.com.es\/index.php\/producto\/b0fs2g325d\/\">Leer m\u00e1s&#8230;<\/a><\/span><\/p>\n","protected":false},"featured_media":9074,"comment_status":"open","ping_status":"closed","template":"","meta":[],"product_cat":[15],"product_tag":[],"class_list":{"0":"post-9075","1":"product","2":"type-product","3":"status-publish","4":"has-post-thumbnail","6":"product_cat-sin-categorizar","8":"first","9":"instock","10":"shipping-taxable","11":"product-type-external"},"_links":{"self":[{"href":"https:\/\/rockkofertas.com.es\/index.php\/wp-json\/wp\/v2\/product\/9075","targetHints":{"allow":["GET"]}}],"collection":[{"href":"https:\/\/rockkofertas.com.es\/index.php\/wp-json\/wp\/v2\/product"}],"about":[{"href":"https:\/\/rockkofertas.com.es\/index.php\/wp-json\/wp\/v2\/types\/product"}],"replies":[{"embeddable":true,"href":"https:\/\/rockkofertas.com.es\/index.php\/wp-json\/wp\/v2\/comments?post=9075"}],"wp:featuredmedia":[{"embeddable":true,"href":"https:\/\/rockkofertas.com.es\/index.php\/wp-json\/wp\/v2\/media\/9074"}],"wp:attachment":[{"href":"https:\/\/rockkofertas.com.es\/index.php\/wp-json\/wp\/v2\/media?parent=9075"}],"wp:term":[{"taxonomy":"product_cat","embeddable":true,"href":"https:\/\/rockkofertas.com.es\/index.php\/wp-json\/wp\/v2\/product_cat?post=9075"},{"taxonomy":"product_tag","embeddable":true,"href":"https:\/\/rockkofertas.com.es\/index.php\/wp-json\/wp\/v2\/product_tag?post=9075"}],"curies":[{"name":"wp","href":"https:\/\/api.w.org\/{rel}","templated":true}]}}