{"id":9019,"date":"2026-02-10T10:26:08","date_gmt":"2026-02-10T10:26:08","guid":{"rendered":"https:\/\/rockkofertas.com.es\/index.php\/producto\/b0c1zf49pq-3\/"},"modified":"2026-02-10T10:26:08","modified_gmt":"2026-02-10T10:26:08","slug":"b0c1zf49pq-3","status":"publish","type":"product","link":"https:\/\/rockkofertas.com.es\/index.php\/producto\/b0c1zf49pq-3\/","title":{"rendered":"B0C1ZF49PQ"},"content":{"rendered":"<p>&#8211; \u2714[Asistente de cocina 4 en 1] &#8211; Una vez instalados los accesorios correspondientes (no incluidos en el paquete), convertirse en licuadora de picadora de carne, rebanadora y embutidora, ayud\u00e1ndole en muchas tareas de cocina. Nota: Busque \u00abaccesorios ZM1501\u00bb para obtenerlos, los accesorios se venden por separado y no est\u00e1n incluidos en el paquete del licuadora.<br \/>\n&#8211; \u2714[Alta tasa de zumo exprimido] &#8211; Los desarrolladores de AMZCHEF licuadora saben que se extrae m\u00e1s zumo cuantas m\u00e1s veces se masticar la fruta, raz\u00f3n por la cual el extractor de zumos est\u00e1 equipado con un sinf\u00edn de mejoras (hasta 7 etapas) que permiten una tasa de extracci\u00f3n de zumo extremadamente alta. Si elige este juicer machine, ser\u00e1 una excelente manera de evitar el desperdicio de alimentos.<br \/>\n&#8211; \u2714[Zumo sin pulpa] &#8211; El licuadora prensado en frio est\u00e1 equipado con un filtro de acero inoxidable de malla fina y tupida, que separa adecuadamente el jugo de la pulpa. Cada sorbo que tome ser\u00e1 un zumo puro y delicado.<br \/>\n&#8211; \u2714[Velocidad lenta para una nutrici\u00f3n superior] &#8211; El slow juicer gira de 90 a 110 veces por minuto. Desde un punto de vista cient\u00edfico, la baja velocidad es un factor importante para evitar la p\u00e9rdida de nutrientes del zumo, ya que una slow juicer machine no oxida los nutrientes debido a la acumulaci\u00f3n de calor. Este cold press juicer es adecuado para frutas y verduras blandas o duras.<br \/>\n&#8211; \u2714[\u00bfQu\u00e9 incluye?] &#8211; Licuadora para verduras y frutas \u00d7 1, Dep\u00f3sito de jugo \u00d7 1, Dep\u00f3sito de pulpa \u00d7 1, Cepillo de limpieza \u00d7 1, Libro de recetas \u00d7 1, Manual de usuario \u00d7 1. Los accesorios no son aptos para lavavajillas.<\/p>\n","protected":false},"excerpt":{"rendered":"<p>AMZCHEF Licuadora prensado en fr\u00edo &#8211; Extractor de zumos y verduras &#8211; Licuadoras para zumos con 2 dep\u00f3sitos y cepillo &#8211; Cold press slow juicer machine con funci\u00f3n de masticaci\u00f3n inversa &#8211; Negro Mate<br \/>#Publicidad <span class=\"read-more\"><a class=\"more-link btn btn-transparent\" href=\"https:\/\/rockkofertas.com.es\/index.php\/producto\/b0c1zf49pq-3\/\">Leer m\u00e1s&#8230;<\/a><\/span><\/p>\n","protected":false},"featured_media":9018,"comment_status":"open","ping_status":"closed","template":"","meta":[],"product_cat":[15],"product_tag":[],"class_list":{"0":"post-9019","1":"product","2":"type-product","3":"status-publish","4":"has-post-thumbnail","6":"product_cat-sin-categorizar","8":"first","9":"instock","10":"shipping-taxable","11":"product-type-external"},"_links":{"self":[{"href":"https:\/\/rockkofertas.com.es\/index.php\/wp-json\/wp\/v2\/product\/9019","targetHints":{"allow":["GET"]}}],"collection":[{"href":"https:\/\/rockkofertas.com.es\/index.php\/wp-json\/wp\/v2\/product"}],"about":[{"href":"https:\/\/rockkofertas.com.es\/index.php\/wp-json\/wp\/v2\/types\/product"}],"replies":[{"embeddable":true,"href":"https:\/\/rockkofertas.com.es\/index.php\/wp-json\/wp\/v2\/comments?post=9019"}],"wp:featuredmedia":[{"embeddable":true,"href":"https:\/\/rockkofertas.com.es\/index.php\/wp-json\/wp\/v2\/media\/9018"}],"wp:attachment":[{"href":"https:\/\/rockkofertas.com.es\/index.php\/wp-json\/wp\/v2\/media?parent=9019"}],"wp:term":[{"taxonomy":"product_cat","embeddable":true,"href":"https:\/\/rockkofertas.com.es\/index.php\/wp-json\/wp\/v2\/product_cat?post=9019"},{"taxonomy":"product_tag","embeddable":true,"href":"https:\/\/rockkofertas.com.es\/index.php\/wp-json\/wp\/v2\/product_tag?post=9019"}],"curies":[{"name":"wp","href":"https:\/\/api.w.org\/{rel}","templated":true}]}}