{"id":8909,"date":"2026-02-04T06:21:25","date_gmt":"2026-02-04T06:21:25","guid":{"rendered":"https:\/\/rockkofertas.com.es\/index.php\/producto\/b0g6jzp73d\/"},"modified":"2026-02-04T06:21:25","modified_gmt":"2026-02-04T06:21:25","slug":"b0g6jzp73d","status":"publish","type":"product","link":"https:\/\/rockkofertas.com.es\/index.php\/producto\/b0g6jzp73d\/","title":{"rendered":"B0G6JZP73D"},"content":{"rendered":"<p>&#8211; \u3010Calentamiento circular y uniforme \u2013 simula de forma inteligente el calor de la gallina\u3011 Gracias a su dise\u00f1o circular innovador combinado con un sistema de control digital de temperatura (ajustable 50-149\u00b0F\/15-65\u00b0C), el calor se distribuye uniformemente a 360\u00b0, imitando con precisi\u00f3n el calor natural de una gallina clueca. As\u00ed proporciona confort t\u00e9rmico completo a pollitos y aves j\u00f3venes, favoreciendo un crecimiento saludable.<br \/>\n&#8211; \u3010Dise\u00f1o circular para alta eficiencia y ahorro energ\u00e9tico\u3011 La superficie calefactora circular integrada concentra el calor hacia abajo y reduce la p\u00e9rdida de calor hacia arriba en comparaci\u00f3n con las l\u00e1mparas t\u00e9rmicas tradicionales. Con una potencia de 45W, proporciona calor eficiente y ahorra energ\u00eda \u2013 para un calor uniforme y suficiente en toda la superficie.<br \/>\n&#8211; \u3010Altura ajustable para necesidades t\u00e9rmicas flexibles\u3011 El soporte estable permite un ajuste libre de la altura, para adaptarse f\u00e1cilmente a las diferentes fases de crecimiento y tama\u00f1os de grupo (recomendado para 10-15 animales). De este modo, cada pollito recibe calor uniforme y adecuado.<br \/>\n&#8211; \u3010Ign\u00edfugo y duradero \u2013 funcionamiento claro para mayor seguridad\u3011 Carcasa de material ABS ign\u00edfugo de alta calidad con excelente aislamiento (\u2265100M\u03a9). Equipado con un indicador de encendido brillante para un estado de funcionamiento claro. La superficie lisa y circular se limpia f\u00e1cilmente con un pa\u00f1o.<br \/>\n&#8211; \u3010Vers\u00e1til \u2013 el asistente pr\u00e1ctico para la cr\u00eda de animales\u3011 Ideal no solo para calentar pollitos, patitos, codornices y otras aves, sino tambi\u00e9n para calentar animales peque\u00f1os como h\u00e1msteres o p\u00e1jaros en invierno. Una herramienta indispensable para la cr\u00eda dom\u00e9stica, los gallineros y la educaci\u00f3n natural de los ni\u00f1os.<\/p>\n","protected":false},"excerpt":{"rendered":"<p>Calentador para gallinero 45 W, redondo, temperatura ajustable (10\u201365 \u00b0C) con pantalla digital e iluminaci\u00f3n LED c\u00e1lida, apto para 15 pollitos\/patitos\/aves dom\u00e9sticas, Z03<br \/>#Publicidad <span class=\"read-more\"><a class=\"more-link btn btn-transparent\" href=\"https:\/\/rockkofertas.com.es\/index.php\/producto\/b0g6jzp73d\/\">Leer m\u00e1s&#8230;<\/a><\/span><\/p>\n","protected":false},"featured_media":8908,"comment_status":"open","ping_status":"closed","template":"","meta":[],"product_cat":[15],"product_tag":[],"class_list":{"0":"post-8909","1":"product","2":"type-product","3":"status-publish","4":"has-post-thumbnail","6":"product_cat-sin-categorizar","8":"first","9":"instock","10":"shipping-taxable","11":"product-type-external"},"_links":{"self":[{"href":"https:\/\/rockkofertas.com.es\/index.php\/wp-json\/wp\/v2\/product\/8909","targetHints":{"allow":["GET"]}}],"collection":[{"href":"https:\/\/rockkofertas.com.es\/index.php\/wp-json\/wp\/v2\/product"}],"about":[{"href":"https:\/\/rockkofertas.com.es\/index.php\/wp-json\/wp\/v2\/types\/product"}],"replies":[{"embeddable":true,"href":"https:\/\/rockkofertas.com.es\/index.php\/wp-json\/wp\/v2\/comments?post=8909"}],"wp:featuredmedia":[{"embeddable":true,"href":"https:\/\/rockkofertas.com.es\/index.php\/wp-json\/wp\/v2\/media\/8908"}],"wp:attachment":[{"href":"https:\/\/rockkofertas.com.es\/index.php\/wp-json\/wp\/v2\/media?parent=8909"}],"wp:term":[{"taxonomy":"product_cat","embeddable":true,"href":"https:\/\/rockkofertas.com.es\/index.php\/wp-json\/wp\/v2\/product_cat?post=8909"},{"taxonomy":"product_tag","embeddable":true,"href":"https:\/\/rockkofertas.com.es\/index.php\/wp-json\/wp\/v2\/product_tag?post=8909"}],"curies":[{"name":"wp","href":"https:\/\/api.w.org\/{rel}","templated":true}]}}