{"id":8815,"date":"2026-01-30T20:00:45","date_gmt":"2026-01-30T20:00:45","guid":{"rendered":"https:\/\/rockkofertas.com.es\/index.php\/producto\/b0f1ys92s2\/"},"modified":"2026-01-30T20:00:45","modified_gmt":"2026-01-30T20:00:45","slug":"b0f1ys92s2","status":"publish","type":"product","link":"https:\/\/rockkofertas.com.es\/index.php\/producto\/b0f1ys92s2\/","title":{"rendered":"B0F1YS92S2"},"content":{"rendered":"<p>&#8211; Rat\u00f3n inal\u00e1mbrico para gaming r\u00e1pido y preciso: un icono del gaming profesional, dise\u00f1ado en colaboraci\u00f3n con los mejores profesionales de los esports y concebido para ganar.<br \/>\n&#8211; El sensor m\u00e1s avanzado en gaming: HERO 2 ofrece un seguimiento de m\u00e1s de 888 IPS, hasta 44 000 DPI y una calibraci\u00f3n precisa del sensor sin suavizado, aceleraci\u00f3n ni filtros(1).<br \/>\n&#8211; Precisi\u00f3n profesional: los interruptores h\u00edbridos \u00f3ptico-mec\u00e1nicos LIGHTFORCE ofrecen un nivel de precisi\u00f3n y fiabilidad de calidad profesional, as\u00ed como una actuaci\u00f3n \u00f3ptica de latencia ultrabaja con un clic n\u00edtido y t\u00e1ctil.<br \/>\n&#8211; Conexi\u00f3n robusta: la tecnolog\u00eda inal\u00e1mbrica LIGHTSPEED proporciona unas sensaciones r\u00e1pidas y fiables de nivel de competici\u00f3n. Aumenta tu velocidad de respuesta de 1 kHZ(2) a 8 kHz con el receptor inal\u00e1mbrico PRO LIGHTSPEED (se vende por separado).<br \/>\n&#8211; Rendimiento avanzado: un rat\u00f3n inal\u00e1mbrico que triunfa en campeonatos, equipado con sensor HERO 2 avanzado, funcionamiento inal\u00e1mbrico fiable mediante LIGHTSPEED, carga USB-C y 88 horas de bater\u00eda, todo con un peso de 60 g.<br \/>\n&#8211; Pies de rat\u00f3n de PTFE sin aditivos: disfruta de un deslizamiento suave y de la m\u00e1xima conexi\u00f3n con la partida gracias a los pies de PTFE sin aditivos.<br \/>\n&#8211; (1) Las funciones avanzadas requieren el software Logitech G HUB; probado en la alfombrilla G640<br \/>\n&#8211; (2) En movimiento constante a una velocidad de respuesta de 1 kHz (la duraci\u00f3n de la bater\u00eda var\u00eda seg\u00fan las condiciones de uso)<\/p>\n","protected":false},"excerpt":{"rendered":"<p>Logitech G Pro X Superlight 2 SE rat\u00f3n inal\u00e1mbrico para Gaming, 60 g, 5 Botones programables, Sensor de 44 000 dpi, Velocidad m\u00e1xima &gt;888 IPS, Velocidad de Respuesta de 1 kHz, USB-C, PC\/Mac &#8211; Negro<br \/>\n#Publicidad <span class=\"read-more\"><a class=\"more-link btn btn-transparent\" href=\"https:\/\/rockkofertas.com.es\/index.php\/producto\/b0f1ys92s2\/\">Leer m\u00e1s&#8230;<\/a><\/span><\/p>\n","protected":false},"featured_media":8814,"comment_status":"open","ping_status":"closed","template":"","meta":[],"product_cat":[15],"product_tag":[],"class_list":{"0":"post-8815","1":"product","2":"type-product","3":"status-publish","4":"has-post-thumbnail","6":"product_cat-sin-categorizar","8":"first","9":"instock","10":"shipping-taxable","11":"product-type-external"},"_links":{"self":[{"href":"https:\/\/rockkofertas.com.es\/index.php\/wp-json\/wp\/v2\/product\/8815","targetHints":{"allow":["GET"]}}],"collection":[{"href":"https:\/\/rockkofertas.com.es\/index.php\/wp-json\/wp\/v2\/product"}],"about":[{"href":"https:\/\/rockkofertas.com.es\/index.php\/wp-json\/wp\/v2\/types\/product"}],"replies":[{"embeddable":true,"href":"https:\/\/rockkofertas.com.es\/index.php\/wp-json\/wp\/v2\/comments?post=8815"}],"wp:featuredmedia":[{"embeddable":true,"href":"https:\/\/rockkofertas.com.es\/index.php\/wp-json\/wp\/v2\/media\/8814"}],"wp:attachment":[{"href":"https:\/\/rockkofertas.com.es\/index.php\/wp-json\/wp\/v2\/media?parent=8815"}],"wp:term":[{"taxonomy":"product_cat","embeddable":true,"href":"https:\/\/rockkofertas.com.es\/index.php\/wp-json\/wp\/v2\/product_cat?post=8815"},{"taxonomy":"product_tag","embeddable":true,"href":"https:\/\/rockkofertas.com.es\/index.php\/wp-json\/wp\/v2\/product_tag?post=8815"}],"curies":[{"name":"wp","href":"https:\/\/api.w.org\/{rel}","templated":true}]}}