{"id":8787,"date":"2026-01-29T12:00:43","date_gmt":"2026-01-29T12:00:43","guid":{"rendered":"https:\/\/rockkofertas.com.es\/index.php\/producto\/b0dcb8h8kc\/"},"modified":"2026-01-29T12:00:43","modified_gmt":"2026-01-29T12:00:43","slug":"b0dcb8h8kc","status":"publish","type":"product","link":"https:\/\/rockkofertas.com.es\/index.php\/producto\/b0dcb8h8kc\/","title":{"rendered":"B0DCB8H8KC"},"content":{"rendered":"<p>&#8211; Calcetines De Trabajo Durables: Nuestros calcetines de trabajo est\u00e1n reforzados en la zona del tal\u00f3n y la puntera, adapt\u00e1ndose f\u00e1cilmente a entornos de trabajo de alta intensidad, ideales para un uso prolongado.<br \/>\n&#8211; Calcetines deportivos c\u00f3modos: el tejido de rizo de la parte inferior del calcet\u00edn reduce la fatiga del pie y evita la formaci\u00f3n de ampollas, pero tambi\u00e9n mantiene los pies calientes y proporciona comodidad durante todo el d\u00eda<br \/>\n&#8211; Calcetines de senderismo transpirables: hechos de material de algod\u00f3n de alta calidad y tejido de malla transpirable, garantizan una r\u00e1pida disipaci\u00f3n del calor, mantienen los pies secos y c\u00f3modos, evitan el crecimiento de bacterias.<br \/>\n&#8211; Calcetines antideslizantes de alta calidad: el dise\u00f1o de banda el\u00e1stica permite que los calcetines mantengan su forma durante un largo per\u00edodo de tiempo, y no dejar\u00e1 marcas en sus piernas cuando los use, evitando eficazmente que se deslicen durante el trabajo o el senderismo.<\/p>\n","protected":false},"excerpt":{"rendered":"<p>TUUHAW Calcetines Hombre Invierno Algodon Calcetines De Trabajo Hombre 43-46 Deporte Running Ciclismo Work Socks Termicos C\u00f3modos y Transpirables 10 Pares<br \/>\n#Publicidad <span class=\"read-more\"><a class=\"more-link btn btn-transparent\" href=\"https:\/\/rockkofertas.com.es\/index.php\/producto\/b0dcb8h8kc\/\">Leer m\u00e1s&#8230;<\/a><\/span><\/p>\n","protected":false},"featured_media":8786,"comment_status":"open","ping_status":"closed","template":"","meta":[],"product_cat":[15],"product_tag":[],"class_list":{"0":"post-8787","1":"product","2":"type-product","3":"status-publish","4":"has-post-thumbnail","6":"product_cat-sin-categorizar","8":"first","9":"instock","10":"shipping-taxable","11":"product-type-external"},"_links":{"self":[{"href":"https:\/\/rockkofertas.com.es\/index.php\/wp-json\/wp\/v2\/product\/8787","targetHints":{"allow":["GET"]}}],"collection":[{"href":"https:\/\/rockkofertas.com.es\/index.php\/wp-json\/wp\/v2\/product"}],"about":[{"href":"https:\/\/rockkofertas.com.es\/index.php\/wp-json\/wp\/v2\/types\/product"}],"replies":[{"embeddable":true,"href":"https:\/\/rockkofertas.com.es\/index.php\/wp-json\/wp\/v2\/comments?post=8787"}],"wp:featuredmedia":[{"embeddable":true,"href":"https:\/\/rockkofertas.com.es\/index.php\/wp-json\/wp\/v2\/media\/8786"}],"wp:attachment":[{"href":"https:\/\/rockkofertas.com.es\/index.php\/wp-json\/wp\/v2\/media?parent=8787"}],"wp:term":[{"taxonomy":"product_cat","embeddable":true,"href":"https:\/\/rockkofertas.com.es\/index.php\/wp-json\/wp\/v2\/product_cat?post=8787"},{"taxonomy":"product_tag","embeddable":true,"href":"https:\/\/rockkofertas.com.es\/index.php\/wp-json\/wp\/v2\/product_tag?post=8787"}],"curies":[{"name":"wp","href":"https:\/\/api.w.org\/{rel}","templated":true}]}}