{"id":8781,"date":"2026-01-29T08:51:04","date_gmt":"2026-01-29T08:51:04","guid":{"rendered":"https:\/\/rockkofertas.com.es\/index.php\/producto\/b0gf8httzg-2\/"},"modified":"2026-01-29T08:51:04","modified_gmt":"2026-01-29T08:51:04","slug":"b0gf8httzg-2","status":"publish","type":"product","link":"https:\/\/rockkofertas.com.es\/index.php\/producto\/b0gf8httzg-2\/","title":{"rendered":"B0GF8HTTZG"},"content":{"rendered":"<p>&#8211; \u3010Mini Camaras Espia HD 1080P\u3011Con v\u00eddeo de alta calidad de 1920 x 1080p para una grabaci\u00f3n fluida de hasta 30 fps (fotogramas por segundo). Mejore a\u00fan m\u00e1s el efecto de imagen y la buena aplicabilidad de la mini camaras espia en un entorno de luz responsable, presentaci\u00f3n real y delicada, gran redondez del entorno de color y f\u00e1cil captura de detalles de imagen m\u00e1s ricos.<br \/>\n&#8211; \u3010Mini Camara Espia WiFi\u3011los tel\u00e9fonos inteligentes pueden descargar aplicaciones para ver im\u00e1genes en tiempo real (la mini camaras espia solo admite Wi-Fi de 2,4 GHz). No importa d\u00f3nde se encuentre, , la c\u00e1mara tiene una conexi\u00f3n remota a cualquier dispositivo mediante se\u00f1al Wi Fi, para que puedas controlar la c\u00e1mara a distancia, siendo posible ver grabaciones en vivo, grabaciones pasadas o incluso tomar fotos.<br \/>\n&#8211; \u3010Detecci\u00f3n Remota de Movimiento, Alarma R\u00e1pida\u3011la microc\u00e1mara tiene un detector de movimiento sensible, que una vez detectado algo comienza inmediatamente la grabaci\u00f3n, al mismo tiempo que env\u00eda una notificaci\u00f3n de alerta a tu dispositivo. El modo de detecci\u00f3n de movimiento se puede configurar para ahorrar bater\u00eda, espacio y espacio de almacenamiento de la c\u00e1mara, ya que solo grabar\u00e1 cuando sus sensores de movimiento est\u00e1n activados.<br \/>\n&#8211; \u3010La Funci\u00f3n de Visi\u00f3n Nocturna por Infrarrojos\u3011La Mini Camaras Espia cuenta con luces LED infrarrojas, que pueden ser controladas a trav\u00e9s del tel\u00e9fono m\u00f3vil para activar o desactivar el modo de visi\u00f3n nocturna, permitiendo as\u00ed ver im\u00e1genes en tiempo real incluso en condiciones de poca luz. El sensor de nivel estelar de la mini c\u00e1mara esp\u00eda mejora a\u00fan m\u00e1s el rendimiento de detecci\u00f3n de luz, mientras que el objetivo de gran apertura proporciona un efecto de doble entrada de luz, ofreciendo una experiencia visual m\u00e1s clara y detallada. La distancia de visi\u00f3n nocturna de la mini c\u00e1mara es superior a 5 metros, lo que le permite no perderse ning\u00fan detalle.<br \/>\n&#8211; \u3010Fuerte Duraci\u00f3n De Bater\u00eda y Funci\u00f3n de Voz de Llamado\u3011Esta mini camara espia tiene una duraci\u00f3n de bater\u00eda de hasta 4 horas de uso continuo. Esto aumentar\u00e1 significativamente el tiempo de grabaci\u00f3n. Para extender el tiempo de uso, se puede conectar directamente a una fuente de alimentaci\u00f3n o bater\u00eda externa sin afectar su rendimiento.<\/p>\n","protected":false},"excerpt":{"rendered":"<p>Mini Camara Espia HD 1080P WiFi Oculta C\u00e1mara Esp\u00eda con Visi\u00f3n Nocturna y Detecci\u00f3n De Movimiento, Mini C\u00e1maras De Vigilancia inalambricas Larga Duracion, Camara Vigilancia Wifi para Interior Amarillo<br \/>#Publicidad <span class=\"read-more\"><a class=\"more-link btn btn-transparent\" href=\"https:\/\/rockkofertas.com.es\/index.php\/producto\/b0gf8httzg-2\/\">Leer m\u00e1s&#8230;<\/a><\/span><\/p>\n","protected":false},"featured_media":8780,"comment_status":"open","ping_status":"closed","template":"","meta":[],"product_cat":[15],"product_tag":[],"class_list":{"0":"post-8781","1":"product","2":"type-product","3":"status-publish","4":"has-post-thumbnail","6":"product_cat-sin-categorizar","8":"first","9":"instock","10":"shipping-taxable","11":"product-type-external"},"_links":{"self":[{"href":"https:\/\/rockkofertas.com.es\/index.php\/wp-json\/wp\/v2\/product\/8781","targetHints":{"allow":["GET"]}}],"collection":[{"href":"https:\/\/rockkofertas.com.es\/index.php\/wp-json\/wp\/v2\/product"}],"about":[{"href":"https:\/\/rockkofertas.com.es\/index.php\/wp-json\/wp\/v2\/types\/product"}],"replies":[{"embeddable":true,"href":"https:\/\/rockkofertas.com.es\/index.php\/wp-json\/wp\/v2\/comments?post=8781"}],"wp:featuredmedia":[{"embeddable":true,"href":"https:\/\/rockkofertas.com.es\/index.php\/wp-json\/wp\/v2\/media\/8780"}],"wp:attachment":[{"href":"https:\/\/rockkofertas.com.es\/index.php\/wp-json\/wp\/v2\/media?parent=8781"}],"wp:term":[{"taxonomy":"product_cat","embeddable":true,"href":"https:\/\/rockkofertas.com.es\/index.php\/wp-json\/wp\/v2\/product_cat?post=8781"},{"taxonomy":"product_tag","embeddable":true,"href":"https:\/\/rockkofertas.com.es\/index.php\/wp-json\/wp\/v2\/product_tag?post=8781"}],"curies":[{"name":"wp","href":"https:\/\/api.w.org\/{rel}","templated":true}]}}