{"id":8763,"date":"2026-01-28T18:52:29","date_gmt":"2026-01-28T18:52:29","guid":{"rendered":"https:\/\/rockkofertas.com.es\/index.php\/producto\/b0dt6z691x-2\/"},"modified":"2026-01-28T18:52:29","modified_gmt":"2026-01-28T18:52:29","slug":"b0dt6z691x-2","status":"publish","type":"product","link":"https:\/\/rockkofertas.com.es\/index.php\/producto\/b0dt6z691x-2\/","title":{"rendered":"B0DT6Z691X"},"content":{"rendered":"<p>&#8211; 1\ufe0f\u20e3 ADHERENCIA ULTRA-PRO 50 % M\u00c1S FUERTE \u2013 Banda bimet\u00e1lica eleva al instante las aletas nasales mientras un adhesivo hipoalerg\u00e9nico de grado hospitalario asegura fijaci\u00f3n toda la noche resiste sudor barba y movimiento y se retira sin dejar residuos ni irritar la piel sensible.<br \/>\n&#8211; 2\ufe0f\u20e3 ANTI RONQUIDOS PARA DORMIR MEJOR &#8211; Evita los ronquidos y mejora tu calidad de sue\u00f1o con nuestras tiras nasales. Facilitan la entrada de aire por la nariz durante la noche, promoviendo un descanso m\u00e1s profundo y reparador.<br \/>\n&#8211; 3\ufe0f\u20e3 1 TIRA BUCAL DE REGALO (MOUTH TAPE) &#8211; Incluye gratis una tira bucal para evitar la respiraci\u00f3n por la boca al dormir. La combinaci\u00f3n de tiras nasales + mouth tape potencia la eficacia para un sue\u00f1o sin interrupciones.<br \/>\n&#8211; 4\ufe0f\u20e3 +31 % FLUJO DE AIRE VALIDADO \u2013 Estudio interno en 20 atletas demuestra incremento del volumen inspirado ideal para running ciclismo crossfit yoga apnea resfriados rinitis y alergias dise\u00f1o flexible 66 mm se adapta a cualquier tipo de nariz.<br \/>\n&#8211; 5\ufe0f\u20e3 GARANT\u00cdA ZEN 30 D SOPORTE ESPA\u00d1A 24 H \u2013 Producto fabricado bajo ISO 13485 y marcado CE dermatol\u00f3gicamente testado si se despega irrita o no mejoras tu descanso enviamos otro pack o devolvemos tu dinero sin preguntas porque tu respiraci\u00f3n es lo primero.<\/p>\n","protected":false},"excerpt":{"rendered":"<p>Tiras Nasales Deportivas Premium (120) + Mouth Tape de regalo Nose Strips Nasal Strips anti ronquidos para dormir y respirar mejor por la nariz Adhesivo M\u00e9dico 50% M\u00e1s Fuerte Certificado CE ISO13485<br \/>#Publicidad <span class=\"read-more\"><a class=\"more-link btn btn-transparent\" href=\"https:\/\/rockkofertas.com.es\/index.php\/producto\/b0dt6z691x-2\/\">Leer m\u00e1s&#8230;<\/a><\/span><\/p>\n","protected":false},"featured_media":8762,"comment_status":"open","ping_status":"closed","template":"","meta":[],"product_cat":[15],"product_tag":[],"class_list":{"0":"post-8763","1":"product","2":"type-product","3":"status-publish","4":"has-post-thumbnail","6":"product_cat-sin-categorizar","8":"first","9":"instock","10":"shipping-taxable","11":"product-type-external"},"_links":{"self":[{"href":"https:\/\/rockkofertas.com.es\/index.php\/wp-json\/wp\/v2\/product\/8763","targetHints":{"allow":["GET"]}}],"collection":[{"href":"https:\/\/rockkofertas.com.es\/index.php\/wp-json\/wp\/v2\/product"}],"about":[{"href":"https:\/\/rockkofertas.com.es\/index.php\/wp-json\/wp\/v2\/types\/product"}],"replies":[{"embeddable":true,"href":"https:\/\/rockkofertas.com.es\/index.php\/wp-json\/wp\/v2\/comments?post=8763"}],"wp:featuredmedia":[{"embeddable":true,"href":"https:\/\/rockkofertas.com.es\/index.php\/wp-json\/wp\/v2\/media\/8762"}],"wp:attachment":[{"href":"https:\/\/rockkofertas.com.es\/index.php\/wp-json\/wp\/v2\/media?parent=8763"}],"wp:term":[{"taxonomy":"product_cat","embeddable":true,"href":"https:\/\/rockkofertas.com.es\/index.php\/wp-json\/wp\/v2\/product_cat?post=8763"},{"taxonomy":"product_tag","embeddable":true,"href":"https:\/\/rockkofertas.com.es\/index.php\/wp-json\/wp\/v2\/product_tag?post=8763"}],"curies":[{"name":"wp","href":"https:\/\/api.w.org\/{rel}","templated":true}]}}