{"id":8745,"date":"2026-01-28T17:45:00","date_gmt":"2026-01-28T17:45:00","guid":{"rendered":"https:\/\/rockkofertas.com.es\/index.php\/producto\/b0gk6wzjsp\/"},"modified":"2026-01-28T17:45:00","modified_gmt":"2026-01-28T17:45:00","slug":"b0gk6wzjsp","status":"publish","type":"product","link":"https:\/\/rockkofertas.com.es\/index.php\/producto\/b0gk6wzjsp\/","title":{"rendered":"B0GK6WZJSP"},"content":{"rendered":"<p>&#8211; Blanqueamiento dental: Nuestro polvo blanqueador dental V34 puede blanquear los dientes. Puede eliminar las manchas dentales causadas por el caf\u00e9, el t\u00e9, el vino, el tabaco, la limonada, etc., eliminando eficaz y r\u00e1pidamente los dientes amarillos.<br \/>\n&#8211; Limpieza dental en profundidad: el polvo blanqueador dental violeta puede penetrar en los espacios del esmalte y eliminar las part\u00edculas de comida y las manchas profundas incrustadas en ellos.<br \/>\n&#8211; Mantenga un aliento fresco: el cepillo de dientes contiene extractos de hierbas para un sabor fresco y duradero, proporcionando un aliento fresco y duradero para unos dientes y enc\u00edas sanos. Es una gran opci\u00f3n para combatir el mal aliento.<br \/>\n&#8211; Material de alta calidad: ingredientes de extractos de plantas, sin agentes blanqueadores industriales, seguro para los dientes, ayuda a eliminar las manchas de forma eficaz, potente y suave.<br \/>\n&#8211; Port\u00e1til y f\u00e1cil de usar: Simplemente sumerja un cepillo de dientes h\u00famedo en el polvo y cepille de 3 a 5 minutos. Adecuado tanto para adultos como para ni\u00f1os. Es la mejor opci\u00f3n para prevenir el mal aliento. Tama\u00f1o peque\u00f1o, envase pr\u00e1ctico, f\u00e1cil de llevar y de viajar, para que pueda disfrutar del tratamiento blanqueador con facilidad.<\/p>\n","protected":false},"excerpt":{"rendered":"<p>V34 Blanqueador Dental Polvo, Blanqueamiento Dental Eliminaci\u00f3n Profunda de Manchas, Blanqueamiento Dental de Larga Duraci\u00f3n, Suave para Dientes Sensibles, Inmediatamente una Sonrisa<br \/>#Publicidad <span class=\"read-more\"><a class=\"more-link btn btn-transparent\" href=\"https:\/\/rockkofertas.com.es\/index.php\/producto\/b0gk6wzjsp\/\">Leer m\u00e1s&#8230;<\/a><\/span><\/p>\n","protected":false},"featured_media":8744,"comment_status":"open","ping_status":"closed","template":"","meta":[],"product_cat":[15],"product_tag":[],"class_list":{"0":"post-8745","1":"product","2":"type-product","3":"status-publish","4":"has-post-thumbnail","6":"product_cat-sin-categorizar","8":"first","9":"instock","10":"shipping-taxable","11":"product-type-external"},"_links":{"self":[{"href":"https:\/\/rockkofertas.com.es\/index.php\/wp-json\/wp\/v2\/product\/8745","targetHints":{"allow":["GET"]}}],"collection":[{"href":"https:\/\/rockkofertas.com.es\/index.php\/wp-json\/wp\/v2\/product"}],"about":[{"href":"https:\/\/rockkofertas.com.es\/index.php\/wp-json\/wp\/v2\/types\/product"}],"replies":[{"embeddable":true,"href":"https:\/\/rockkofertas.com.es\/index.php\/wp-json\/wp\/v2\/comments?post=8745"}],"wp:featuredmedia":[{"embeddable":true,"href":"https:\/\/rockkofertas.com.es\/index.php\/wp-json\/wp\/v2\/media\/8744"}],"wp:attachment":[{"href":"https:\/\/rockkofertas.com.es\/index.php\/wp-json\/wp\/v2\/media?parent=8745"}],"wp:term":[{"taxonomy":"product_cat","embeddable":true,"href":"https:\/\/rockkofertas.com.es\/index.php\/wp-json\/wp\/v2\/product_cat?post=8745"},{"taxonomy":"product_tag","embeddable":true,"href":"https:\/\/rockkofertas.com.es\/index.php\/wp-json\/wp\/v2\/product_tag?post=8745"}],"curies":[{"name":"wp","href":"https:\/\/api.w.org\/{rel}","templated":true}]}}