{"id":8741,"date":"2026-01-28T16:00:38","date_gmt":"2026-01-28T16:00:38","guid":{"rendered":"https:\/\/rockkofertas.com.es\/index.php\/producto\/b07jp65vf8-3\/"},"modified":"2026-01-28T16:00:38","modified_gmt":"2026-01-28T16:00:38","slug":"b07jp65vf8-3","status":"publish","type":"product","link":"https:\/\/rockkofertas.com.es\/index.php\/producto\/b07jp65vf8-3\/","title":{"rendered":"B07JP65VF8"},"content":{"rendered":"<p>&#8211; Vaqueros para hombre, corte ce\u00f1ido, estilo cl\u00e1sico de 5 bolsillos, trabillas, cremallera<br \/>\n&#8211; Corte de cintura baja, mezclilla el\u00e1stica c\u00f3moda<br \/>\n&#8211; Este producto est\u00e1 hecho de algod\u00f3n reciclado, el algod\u00f3n reciclado preserva los recursos naturales y reduce la cantidad de residuos<\/p>\n","protected":false},"excerpt":{"rendered":"<p>JACK &amp; JONES Jjiglenn Jjoriginal Am 814 Noos, Vaqueros slim Hombre, Azul, 32W \/ 32L<br \/>\n#Publicidad <span class=\"read-more\"><a class=\"more-link btn btn-transparent\" href=\"https:\/\/rockkofertas.com.es\/index.php\/producto\/b07jp65vf8-3\/\">Leer m\u00e1s&#8230;<\/a><\/span><\/p>\n","protected":false},"featured_media":8740,"comment_status":"open","ping_status":"closed","template":"","meta":[],"product_cat":[15],"product_tag":[],"class_list":{"0":"post-8741","1":"product","2":"type-product","3":"status-publish","4":"has-post-thumbnail","6":"product_cat-sin-categorizar","8":"first","9":"instock","10":"shipping-taxable","11":"product-type-external"},"_links":{"self":[{"href":"https:\/\/rockkofertas.com.es\/index.php\/wp-json\/wp\/v2\/product\/8741","targetHints":{"allow":["GET"]}}],"collection":[{"href":"https:\/\/rockkofertas.com.es\/index.php\/wp-json\/wp\/v2\/product"}],"about":[{"href":"https:\/\/rockkofertas.com.es\/index.php\/wp-json\/wp\/v2\/types\/product"}],"replies":[{"embeddable":true,"href":"https:\/\/rockkofertas.com.es\/index.php\/wp-json\/wp\/v2\/comments?post=8741"}],"wp:featuredmedia":[{"embeddable":true,"href":"https:\/\/rockkofertas.com.es\/index.php\/wp-json\/wp\/v2\/media\/8740"}],"wp:attachment":[{"href":"https:\/\/rockkofertas.com.es\/index.php\/wp-json\/wp\/v2\/media?parent=8741"}],"wp:term":[{"taxonomy":"product_cat","embeddable":true,"href":"https:\/\/rockkofertas.com.es\/index.php\/wp-json\/wp\/v2\/product_cat?post=8741"},{"taxonomy":"product_tag","embeddable":true,"href":"https:\/\/rockkofertas.com.es\/index.php\/wp-json\/wp\/v2\/product_tag?post=8741"}],"curies":[{"name":"wp","href":"https:\/\/api.w.org\/{rel}","templated":true}]}}