{"id":8703,"date":"2026-01-27T07:48:21","date_gmt":"2026-01-27T07:48:21","guid":{"rendered":"https:\/\/rockkofertas.com.es\/index.php\/producto\/b0gg9l76jx\/"},"modified":"2026-01-27T07:48:21","modified_gmt":"2026-01-27T07:48:21","slug":"b0gg9l76jx","status":"publish","type":"product","link":"https:\/\/rockkofertas.com.es\/index.php\/producto\/b0gg9l76jx\/","title":{"rendered":"B0GG9L76JX"},"content":{"rendered":"<p>&#8211; \u30102 en 1: corte y pulido\u3011: El cortau\u00f1as el\u00e9ctrico tiene una ranura para cortar las u\u00f1as en el lado derecho, dise\u00f1ada para u\u00f1as curvas. La cuchilla de aleaci\u00f3n est\u00e1 oculta detr\u00e1s de la ranura protectora en forma de arco, y la cuchilla giratoria de 360\u00b0 corta las u\u00f1as de manera eficiente. El cabezal circular de pulido de u\u00f1as del lado izquierdo de la lima el\u00e9ctrica elimina las rebabas de las u\u00f1as y les da una forma redondeada y suave.<br \/>\n&#8211; \u3010Cortau\u00f1as el\u00e9ctrico para beb\u00e9s y personas mayores\u3011: El Corta\u00fa\u00f1as Autom\u00e1tico tiene dos velocidades, alta y baja. Pulse ambos botones al mismo tiempo para encender el interruptor, luego pulse solo el bot\u00f3n izquierdo para encender el pulidor de u\u00f1as y pulse solo el bot\u00f3n derecho para encender el cortau\u00f1as el\u00e9ctrico. Velocidad baja para beb\u00e9s y velocidad alta para adultos y personas mayores.<br \/>\n&#8211; \u3010Almacenamiento autom\u00e1tico de restos de u\u00f1as\u3011: Este cortau\u00f1as el\u00e9ctrico tiene un compartimento de almacenamiento de restos de u\u00f1as incorporado, que se puede almacenar autom\u00e1ticamente despu\u00e9s de cortar las u\u00f1as, por lo que no tendr\u00e1 que preocuparse de que los fragmentos de u\u00f1as cortadas vuelen por todas partes, lo que garantiza una experiencia sin desorden y mantiene su entorno limpio. Puede utilizar este cortau\u00f1as el\u00e9ctrico en cualquier lugar.<br \/>\n&#8211; \u3010Dise\u00f1o silencioso y seguro\u3011: Nuestra cortadora de u\u00f1as el\u00e9ctrica funciona con un nivel de ruido de 35 decibelios, lo que le permite cortarse las u\u00f1as con tranquilidad. Con un mecanismo de seguridad anti-pellizcos, el dispositivo se detiene instant\u00e1neamente cuando detecta una fuerza excesiva, protegiendo los delicados dedos. La luz auxiliar incorporada le ayuda a ver m\u00e1s claramente el proceso de corte de las u\u00f1as.<br \/>\n&#8211; \u3010La elecci\u00f3n perfecta para regalar\u3011: Este lima u\u00f1as electrica presenta un dise\u00f1o ergon\u00f3mico y materiales ABS, adecuados para todo tipo de u\u00f1as, ya sea para el cuidado diario o para manicuras profesionales. Es un regalo \u00fanico para familiares, parientes, compa\u00f1eros de trabajo y amigos.<\/p>\n","protected":false},"excerpt":{"rendered":"<p>Cortau\u00f1as Electrico, 2 en 1 Nuevo Corta\u00fa\u00f1as Autom\u00e1tico y Pulidor con Luz LED y Recargable por USB, Tijeras de U\u00f1as El\u00e9ctricas lima u\u00f1as electrica para Ni\u00f1os y Adultos<br \/>#Publicidad <span class=\"read-more\"><a class=\"more-link btn btn-transparent\" href=\"https:\/\/rockkofertas.com.es\/index.php\/producto\/b0gg9l76jx\/\">Leer m\u00e1s&#8230;<\/a><\/span><\/p>\n","protected":false},"featured_media":8702,"comment_status":"open","ping_status":"closed","template":"","meta":[],"product_cat":[15],"product_tag":[],"class_list":{"0":"post-8703","1":"product","2":"type-product","3":"status-publish","4":"has-post-thumbnail","6":"product_cat-sin-categorizar","8":"first","9":"instock","10":"shipping-taxable","11":"product-type-external"},"_links":{"self":[{"href":"https:\/\/rockkofertas.com.es\/index.php\/wp-json\/wp\/v2\/product\/8703","targetHints":{"allow":["GET"]}}],"collection":[{"href":"https:\/\/rockkofertas.com.es\/index.php\/wp-json\/wp\/v2\/product"}],"about":[{"href":"https:\/\/rockkofertas.com.es\/index.php\/wp-json\/wp\/v2\/types\/product"}],"replies":[{"embeddable":true,"href":"https:\/\/rockkofertas.com.es\/index.php\/wp-json\/wp\/v2\/comments?post=8703"}],"wp:featuredmedia":[{"embeddable":true,"href":"https:\/\/rockkofertas.com.es\/index.php\/wp-json\/wp\/v2\/media\/8702"}],"wp:attachment":[{"href":"https:\/\/rockkofertas.com.es\/index.php\/wp-json\/wp\/v2\/media?parent=8703"}],"wp:term":[{"taxonomy":"product_cat","embeddable":true,"href":"https:\/\/rockkofertas.com.es\/index.php\/wp-json\/wp\/v2\/product_cat?post=8703"},{"taxonomy":"product_tag","embeddable":true,"href":"https:\/\/rockkofertas.com.es\/index.php\/wp-json\/wp\/v2\/product_tag?post=8703"}],"curies":[{"name":"wp","href":"https:\/\/api.w.org\/{rel}","templated":true}]}}