{"id":8625,"date":"2026-01-23T19:01:13","date_gmt":"2026-01-23T19:01:13","guid":{"rendered":"https:\/\/rockkofertas.com.es\/index.php\/producto\/b0cqt3gfsx\/"},"modified":"2026-01-23T19:01:13","modified_gmt":"2026-01-23T19:01:13","slug":"b0cqt3gfsx","status":"publish","type":"product","link":"https:\/\/rockkofertas.com.es\/index.php\/producto\/b0cqt3gfsx\/","title":{"rendered":"B0CQT3GFSX"},"content":{"rendered":"<p>&#8211; Es peque\u00f1o. Aumenta la talla si est\u00e1s entre tallas.<br \/>\n&#8211; Comodidad inigualable durante todo el d\u00eda para mujeres y hombres: Entra en una comodidad inigualable con el zapato sin cordones Mellow Ease de Crocs. Dise\u00f1ados tanto para hombres como para mujeres, estos zapatos sin cordones ofrecen una experiencia acolchada, asegurando la relajaci\u00f3n desde la ma\u00f1ana hasta la noche.<br \/>\n&#8211; Transici\u00f3n de estilo sin esfuerzo: Eleva tu estilo diario sin esfuerzo con el dise\u00f1o elegante y vers\u00e1til del zapato sin cordones Mellow Ease. Ideales para salidas casuales o eventos pulidos, estos zapatos sin cordones son una opci\u00f3n elegante tanto para hombres como para mujeres.<br \/>\n&#8211; Felicidad ligera como una pluma con LiteRide: disfrute de una sensaci\u00f3n de ingravidez sin comprometer la durabilidad, gracias a la tecnolog\u00eda LiteRide. Los zapatos sin cordones Mellow Ease ofrecen una caminata sin preocupaciones, plantillas de copa profunda para mayor comodidad y ventanas superiores contempor\u00e1neas para una mayor transpirabilidad. Perfecto para hombres y mujeres que buscan estilo y comodidad.<br \/>\n&#8211; Compre con confianza: Los productos Crocs est\u00e1n respaldados por nuestra garant\u00eda del fabricante de 90 d\u00edas para alta calidad y autenticidad. Se aplican t\u00e9rminos y condiciones.<\/p>\n","protected":false},"excerpt":{"rendered":"<p>Crocs Mellow Ease 38-39 EU White\/White<br \/>#Publicidad <span class=\"read-more\"><a class=\"more-link btn btn-transparent\" href=\"https:\/\/rockkofertas.com.es\/index.php\/producto\/b0cqt3gfsx\/\">Leer m\u00e1s&#8230;<\/a><\/span><\/p>\n","protected":false},"featured_media":8624,"comment_status":"open","ping_status":"closed","template":"","meta":[],"product_cat":[15],"product_tag":[],"class_list":{"0":"post-8625","1":"product","2":"type-product","3":"status-publish","4":"has-post-thumbnail","6":"product_cat-sin-categorizar","8":"first","9":"instock","10":"shipping-taxable","11":"product-type-external"},"_links":{"self":[{"href":"https:\/\/rockkofertas.com.es\/index.php\/wp-json\/wp\/v2\/product\/8625","targetHints":{"allow":["GET"]}}],"collection":[{"href":"https:\/\/rockkofertas.com.es\/index.php\/wp-json\/wp\/v2\/product"}],"about":[{"href":"https:\/\/rockkofertas.com.es\/index.php\/wp-json\/wp\/v2\/types\/product"}],"replies":[{"embeddable":true,"href":"https:\/\/rockkofertas.com.es\/index.php\/wp-json\/wp\/v2\/comments?post=8625"}],"wp:featuredmedia":[{"embeddable":true,"href":"https:\/\/rockkofertas.com.es\/index.php\/wp-json\/wp\/v2\/media\/8624"}],"wp:attachment":[{"href":"https:\/\/rockkofertas.com.es\/index.php\/wp-json\/wp\/v2\/media?parent=8625"}],"wp:term":[{"taxonomy":"product_cat","embeddable":true,"href":"https:\/\/rockkofertas.com.es\/index.php\/wp-json\/wp\/v2\/product_cat?post=8625"},{"taxonomy":"product_tag","embeddable":true,"href":"https:\/\/rockkofertas.com.es\/index.php\/wp-json\/wp\/v2\/product_tag?post=8625"}],"curies":[{"name":"wp","href":"https:\/\/api.w.org\/{rel}","templated":true}]}}