{"id":8615,"date":"2026-01-23T11:29:46","date_gmt":"2026-01-23T11:29:46","guid":{"rendered":"https:\/\/rockkofertas.com.es\/index.php\/producto\/b0fj86md3c-2\/"},"modified":"2026-01-23T11:29:46","modified_gmt":"2026-01-23T11:29:46","slug":"b0fj86md3c-2","status":"publish","type":"product","link":"https:\/\/rockkofertas.com.es\/index.php\/producto\/b0fj86md3c-2\/","title":{"rendered":"B0FJ86MD3C"},"content":{"rendered":"<p>&#8211; \ud83c\udf81 Protecci\u00f3n 24 horas: reloj inteligente mujer se centran en la salud femenina. Cuentan con funciones de monitorizaci\u00f3n de la frecuencia card\u00edaca, la saturaci\u00f3n de ox\u00edgeno en sangre (SpO2) la presi\u00f3n arterial. Pueden recopilar datos b\u00e1sicos de salud en tiempo real. El monitoreo del sue\u00f1o analiza en profundidad el estado del sue\u00f1o. Adem\u00e1s, reloj inteligente tambi\u00e9n cuentan con funciones de cuidado de la salud femenina, que registran los ciclos fisiol\u00f3gicos protegen la salud en todos los aspectos<br \/>\n&#8211; \ud83c\udf81 Llamadas Bluetooth y asistente de voz: Este relojes con llamada ofrece una calidad de sonido n\u00edtida y una conexi\u00f3n Bluetooth estable, lo que garantiza llamadas fluidas. No necesitas sacar el tel\u00e9fono con frecuencia. Puedes responder o hacer llamadas levantando la mano. Adem\u00e1s,reloj inteligente mujer con llamadas cuenta con asistente de voz, que mejora la comodidad en tu d\u00eda a d\u00eda. Este elegante y exquisito smartwatch es el regalo perfecto para madres, esposas, hijas y amigas cercanas<br \/>\n&#8211; \ud83c\udf81 Funciones personalizadas pr\u00e1cticas: Este relojes inteligentes cuenta con bloqueo de contrase\u00f1a, variedad de estilos de esfera, ajustes personalizados, control de reproducci\u00f3n de m\u00fasica, ajuste de vibraci\u00f3n, pron\u00f3stico del tiempo, cron\u00f3metro, alarma, recordatorio de sedentarismo, recordatorio de agua potable y recordatorio de la aplicaci\u00f3n, pantalla iluminada al girar la mu\u00f1eca, modo no molestar y otras funciones. Este reloj mujer inteligente tiene muchas m\u00e1s funciones pr\u00e1cticas que te esperan<br \/>\n&#8211; \ud83c\udf81 114 Modo Deportivo y Resistencia al Agua IP68\uff1a Los relojes deportivos mujer ofrecen una variedad de modos deportivos y registran datos clave como pasos, distancia, calor\u00edas quemadas, etc. en tiempo real. Cada esfuerzo se presenta num\u00e9ricamente, pulsera actividad inteligente lo que facilita la comprensi\u00f3n de la intensidad y el efecto del ejercicio. Adem\u00e1s, este reloj deportivo es resistente IP68 Impermeable, lo que evita la lluvia y las manchas de sudor en el d\u00eda a d\u00eda<br \/>\n&#8211; \ud83c\udf81 Pantalla TFT a color: smartwatch mujer cuenta con una pantalla t\u00e1ctil TFT de 1.27 pulgadas con una resoluci\u00f3n de 360&#215;360, que ofrece im\u00e1genes n\u00edtidas y vibrantes, y colores vibrantes. smart watch Su respuesta t\u00e1ctil sensible ofrece una experiencia de uso c\u00f3moda. Adem\u00e1s,reloj smartwatch mujer es compatible con tel\u00e9fonos Android 4.4 superiores, iOS 9.0 superiores, cuenta con una conexi\u00f3n estable a trav\u00e9s de Bluetooth 4.0, lo que le permite disfrutar de una vida inteligente en cualquier momento<\/p>\n","protected":false},"excerpt":{"rendered":"<p>Reloj Inteligente Mujer Smartwatch con llamada: 1.27&#8243;TFT Pantalla T\u00e1ctil Smart Watch Bluetooth con Frecuencia Card\u00edaca SpO2 Sangre Presi\u00f3n Arterial Sue\u00f1o Deportivo IP68 Impermeable para iOS Android<br \/>#Publicidad <span class=\"read-more\"><a class=\"more-link btn btn-transparent\" href=\"https:\/\/rockkofertas.com.es\/index.php\/producto\/b0fj86md3c-2\/\">Leer m\u00e1s&#8230;<\/a><\/span><\/p>\n","protected":false},"featured_media":8614,"comment_status":"open","ping_status":"closed","template":"","meta":[],"product_cat":[15],"product_tag":[],"class_list":{"0":"post-8615","1":"product","2":"type-product","3":"status-publish","4":"has-post-thumbnail","6":"product_cat-sin-categorizar","8":"first","9":"instock","10":"shipping-taxable","11":"product-type-external"},"_links":{"self":[{"href":"https:\/\/rockkofertas.com.es\/index.php\/wp-json\/wp\/v2\/product\/8615","targetHints":{"allow":["GET"]}}],"collection":[{"href":"https:\/\/rockkofertas.com.es\/index.php\/wp-json\/wp\/v2\/product"}],"about":[{"href":"https:\/\/rockkofertas.com.es\/index.php\/wp-json\/wp\/v2\/types\/product"}],"replies":[{"embeddable":true,"href":"https:\/\/rockkofertas.com.es\/index.php\/wp-json\/wp\/v2\/comments?post=8615"}],"wp:featuredmedia":[{"embeddable":true,"href":"https:\/\/rockkofertas.com.es\/index.php\/wp-json\/wp\/v2\/media\/8614"}],"wp:attachment":[{"href":"https:\/\/rockkofertas.com.es\/index.php\/wp-json\/wp\/v2\/media?parent=8615"}],"wp:term":[{"taxonomy":"product_cat","embeddable":true,"href":"https:\/\/rockkofertas.com.es\/index.php\/wp-json\/wp\/v2\/product_cat?post=8615"},{"taxonomy":"product_tag","embeddable":true,"href":"https:\/\/rockkofertas.com.es\/index.php\/wp-json\/wp\/v2\/product_tag?post=8615"}],"curies":[{"name":"wp","href":"https:\/\/api.w.org\/{rel}","templated":true}]}}