{"id":8603,"date":"2026-01-23T04:00:33","date_gmt":"2026-01-23T04:00:33","guid":{"rendered":"https:\/\/rockkofertas.com.es\/index.php\/producto\/b0c1y6rcdh\/"},"modified":"2026-01-23T04:00:33","modified_gmt":"2026-01-23T04:00:33","slug":"b0c1y6rcdh","status":"publish","type":"product","link":"https:\/\/rockkofertas.com.es\/index.php\/producto\/b0c1y6rcdh\/","title":{"rendered":"B0C1Y6RCDH"},"content":{"rendered":"<p>&#8211; DISE\u00d1O EXQUISITO: El pa\u00f1uelo de seda presenta elementos geom\u00e9tricos cl\u00e1sicos, monogramas y cadenas para un atractivo retro morden. El estampado en cadena serpentea como la interacci\u00f3n sinuosa de ramas en flor, con colores suaves y poco profundos. Los bloques de color geom\u00e9tricos est\u00e1n cosidos de forma creativa, el colorido a\u00f1ade vitalidad y expresi\u00f3n de estilo. El estampado de letras aporta un fuerte impacto visual, a\u00f1adiendo capas visuales en el apilamiento de letras y colores repetidos.<br \/>\n&#8211; SEDA NATURAL SUAVE: El pa\u00f1uelo de seda est\u00e1 hecho de seda de morera calidad con una textura de sat\u00e9n mate. El tejido, agradable a la piel y transpirable, cuida suavemente la salud de la piel. La tela de seda de 12 momme est\u00e1 tejida en una trama de sarga tupida y fina, suave pero con una textura estereosc\u00f3pica, que facilita el c\u00f3ncavo de un aspecto pulcro y capaz. La seda de morera natural puede evitar el problema de la electricidad est\u00e1tica, y tiene buena conservaci\u00f3n del calor y elasticidad.<br \/>\n&#8211; M\u00daLTIPLES FORMAS DE USO: El pa\u00f1uelo de seda mide 70 x 70 cm, flexible y vers\u00e1til. Ate un lazo como pa\u00f1uelo para el cuello, resaltando un aire femenino elegante y suave. Util\u00edcelo como pa\u00f1uelo para envolver completamente la cabeza y conseguir un look ardiente y desinhibido. Ll\u00e9velo debajo de una camisa y un traje para conseguir un pa\u00f1uelo triangular atrevido y colorido que a\u00f1ada capas. Como tocado o diadema, un pa\u00f1uelo de seda vaporoso desprende un fuerte aire de vacaciones en la playa.<br \/>\n&#8211; OCASI\u00d3N: El pa\u00f1uelo de seda vintage presenta una personalidad morden con un fuerte sentido de los tiempos, pasando del lugar de trabajo, las citas y los escenarios de fiesta con facilidad. Su elegante estilo callejero es adecuado para la ropa informal de diario. Para viajar o estar al aire libre, este exquisito y pr\u00e1ctico accesorio ofrece protecci\u00f3n contra el viento y el sol. Elegante e intelectual a la vez que capaz, es adecuado para llevar en el lugar de trabajo y mostrar su aura de seguridad.<br \/>\n&#8211; REGALO IDEAL: El pa\u00f1uelo de seda cuadrado de LumiSyne es un accesorio ideal para realzar el temperamento llamativo. Disponible en una amplia gama de colores y patrones, nuestros productos se adaptan a la est\u00e9tica de cada uno para crear diferentes estilos. El regalo perfecto para cumplea\u00f1os, bodas, aniversarios, D\u00eda de San Valent\u00edn, D\u00eda de la Madre, Navidad y m\u00e1s.<\/p>\n","protected":false},"excerpt":{"rendered":"<p>LumiSyne Bufanda De Seda Mujer Pa\u00f1uelo Cuadrada 70\u00d770cm Estampado Retro Patr\u00f3n Geom\u00e9trico Cadena Letras Ligero Sat\u00e9n Bufanda Peque\u00f1a Multifuncion Pa\u00f1uelo Para Cabello Cuello Bandanas Banda Cabeza<br \/>\n#Publicidad <span class=\"read-more\"><a class=\"more-link btn btn-transparent\" href=\"https:\/\/rockkofertas.com.es\/index.php\/producto\/b0c1y6rcdh\/\">Leer m\u00e1s&#8230;<\/a><\/span><\/p>\n","protected":false},"featured_media":8602,"comment_status":"open","ping_status":"closed","template":"","meta":[],"product_cat":[15],"product_tag":[],"class_list":{"0":"post-8603","1":"product","2":"type-product","3":"status-publish","4":"has-post-thumbnail","6":"product_cat-sin-categorizar","8":"first","9":"instock","10":"shipping-taxable","11":"product-type-external"},"_links":{"self":[{"href":"https:\/\/rockkofertas.com.es\/index.php\/wp-json\/wp\/v2\/product\/8603","targetHints":{"allow":["GET"]}}],"collection":[{"href":"https:\/\/rockkofertas.com.es\/index.php\/wp-json\/wp\/v2\/product"}],"about":[{"href":"https:\/\/rockkofertas.com.es\/index.php\/wp-json\/wp\/v2\/types\/product"}],"replies":[{"embeddable":true,"href":"https:\/\/rockkofertas.com.es\/index.php\/wp-json\/wp\/v2\/comments?post=8603"}],"wp:featuredmedia":[{"embeddable":true,"href":"https:\/\/rockkofertas.com.es\/index.php\/wp-json\/wp\/v2\/media\/8602"}],"wp:attachment":[{"href":"https:\/\/rockkofertas.com.es\/index.php\/wp-json\/wp\/v2\/media?parent=8603"}],"wp:term":[{"taxonomy":"product_cat","embeddable":true,"href":"https:\/\/rockkofertas.com.es\/index.php\/wp-json\/wp\/v2\/product_cat?post=8603"},{"taxonomy":"product_tag","embeddable":true,"href":"https:\/\/rockkofertas.com.es\/index.php\/wp-json\/wp\/v2\/product_tag?post=8603"}],"curies":[{"name":"wp","href":"https:\/\/api.w.org\/{rel}","templated":true}]}}