{"id":86,"date":"2024-12-25T09:16:20","date_gmt":"2024-12-25T09:16:20","guid":{"rendered":"https:\/\/rockkofertas.com.es\/index.php\/producto\/b0btjd6lcl\/"},"modified":"2024-12-25T09:16:20","modified_gmt":"2024-12-25T09:16:20","slug":"b0btjd6lcl","status":"publish","type":"product","link":"https:\/\/rockkofertas.com.es\/index.php\/producto\/b0btjd6lcl\/","title":{"rendered":"B0BTJD6LCL"},"content":{"rendered":"<p>&#8211; Digital Sound Enhancement Engine (DSEE) restaura tu m\u00fasica con sonidos de alta frecuencia y una atenuaci\u00f3n gradual para un resultado aut\u00e9ntico<br \/>\n&#8211; Con hasta 50 horas de autonom\u00eda, puedes escuchar tu m\u00fasica sin preocuparte; y, si la carga de los auriculares se agota, con una carga \u00f3ptima de 3 minutos te da hasta 1,5 h de tiempo de escucha<br \/>\n&#8211; Los WH-CH520 tienen conexi\u00f3n multipunto, botones intuitivos e incluso pueden controlarse con tu voz; y como la conexi\u00f3n es sencilla con Swift Pair y Fast Pair<br \/>\n&#8211; Con un micr\u00f3fono incorporado de calidad y un proceso de reducci\u00f3n de ruido, el WH-CH520 capta los sonidos y reduce el ruido ambiental durante las llamadas<br \/>\n&#8211; Responde f\u00e1cilmente a las llamadas con un click en los botones de los auriculares, y no tendr\u00e1s que sacar el tel\u00e9fono del bolsillo<\/p>\n","protected":false},"excerpt":{"rendered":"<p>Sony WH-CH520 Auriculares Inal\u00e1mbricos Bluetooth, hasta 50 Horas de Autonom\u00eda con Carga R\u00e1pida y Estilo Diadema, Negro<br \/>\n#Publicidad <span class=\"read-more\"><a class=\"more-link btn btn-transparent\" href=\"https:\/\/rockkofertas.com.es\/index.php\/producto\/b0btjd6lcl\/\">Leer m\u00e1s&#8230;<\/a><\/span><\/p>\n","protected":false},"featured_media":85,"comment_status":"open","ping_status":"closed","template":"","meta":[],"product_cat":[15],"product_tag":[],"class_list":{"0":"post-86","1":"product","2":"type-product","3":"status-publish","4":"has-post-thumbnail","6":"product_cat-sin-categorizar","8":"first","9":"instock","10":"shipping-taxable","11":"product-type-external"},"_links":{"self":[{"href":"https:\/\/rockkofertas.com.es\/index.php\/wp-json\/wp\/v2\/product\/86","targetHints":{"allow":["GET"]}}],"collection":[{"href":"https:\/\/rockkofertas.com.es\/index.php\/wp-json\/wp\/v2\/product"}],"about":[{"href":"https:\/\/rockkofertas.com.es\/index.php\/wp-json\/wp\/v2\/types\/product"}],"replies":[{"embeddable":true,"href":"https:\/\/rockkofertas.com.es\/index.php\/wp-json\/wp\/v2\/comments?post=86"}],"wp:featuredmedia":[{"embeddable":true,"href":"https:\/\/rockkofertas.com.es\/index.php\/wp-json\/wp\/v2\/media\/85"}],"wp:attachment":[{"href":"https:\/\/rockkofertas.com.es\/index.php\/wp-json\/wp\/v2\/media?parent=86"}],"wp:term":[{"taxonomy":"product_cat","embeddable":true,"href":"https:\/\/rockkofertas.com.es\/index.php\/wp-json\/wp\/v2\/product_cat?post=86"},{"taxonomy":"product_tag","embeddable":true,"href":"https:\/\/rockkofertas.com.es\/index.php\/wp-json\/wp\/v2\/product_tag?post=86"}],"curies":[{"name":"wp","href":"https:\/\/api.w.org\/{rel}","templated":true}]}}