{"id":8583,"date":"2026-01-22T04:00:38","date_gmt":"2026-01-22T04:00:38","guid":{"rendered":"https:\/\/rockkofertas.com.es\/index.php\/producto\/b0fnmxdhfh\/"},"modified":"2026-01-22T04:00:38","modified_gmt":"2026-01-22T04:00:38","slug":"b0fnmxdhfh","status":"publish","type":"product","link":"https:\/\/rockkofertas.com.es\/index.php\/producto\/b0fnmxdhfh\/","title":{"rendered":"B0FNMXDHFH"},"content":{"rendered":"<p>&#8211; CUENTA ATR\u00c1S DE CRISTAL FESTIVO: Experimenta la magia de la Navidad con 24 d\u00edas llenos de sorpresas de piedras naturales curativas. Cada cristal, desde el cuarzo hasta el amatista, lleva en s\u00ed propiedades energ\u00e9ticas \u00fanicas que enriquecer\u00e1n tus fiestas con una radiaci\u00f3n positiva y significado<br \/>\n&#8211; PIEDRAS NATURALES PREMIUM: Todas las piedras son 100% naturales y seleccionadas a mano. Vienen cuidadosamente empaquetados en minifrascos con etiquetas, una experiencia aut\u00e9ntica y encantadora cada d\u00eda<br \/>\n&#8211; Colecci\u00f3n de piedras de energ\u00eda variada: descubre 21 tipos de chips de piedra, adem\u00e1s de una pulsera de cristal de siete colores y varillas de piedra curativa, cuidadosamente ensambladas para apoyar la meditaci\u00f3n, el trabajo de chakras, la limpieza de energ\u00eda y las pr\u00e1cticas hol\u00edsticas<br \/>\n&#8211; M\u00faltiples usos: ideal para la fabricaci\u00f3n de joyas, meditaci\u00f3n, decoraci\u00f3n de viviendas, dise\u00f1o de altares y trabajo energ\u00e9tico. Estos cristales ofrecen posibilidades infinitas para coleccionistas principiantes y experimentados<br \/>\n&#8211; El regalo perfecto para principiantes y amantes: este calendario es un regalo m\u00e1gico y sensible para cualquier persona interesada en cristales, atenci\u00f3n plena o m\u00e9todos alternativos de curaci\u00f3n, con inspiraci\u00f3n diaria y una forma especial de contar los d\u00edas hasta Navidad<\/p>\n","protected":false},"excerpt":{"rendered":"<p>RubyPop 2025 Calendario de Adviento de Cristal &#8211; 24 D\u00edas Calendario de Cuenta Regresiva de Navidad con Piedras de Curaci\u00f3n Natural para Adultos, Set de Brujer\u00eda para Principiantes Hecho a Mano Regalo<br \/>\n#Publicidad <span class=\"read-more\"><a class=\"more-link btn btn-transparent\" href=\"https:\/\/rockkofertas.com.es\/index.php\/producto\/b0fnmxdhfh\/\">Leer m\u00e1s&#8230;<\/a><\/span><\/p>\n","protected":false},"featured_media":8582,"comment_status":"open","ping_status":"closed","template":"","meta":[],"product_cat":[15],"product_tag":[],"class_list":{"0":"post-8583","1":"product","2":"type-product","3":"status-publish","4":"has-post-thumbnail","6":"product_cat-sin-categorizar","8":"first","9":"instock","10":"shipping-taxable","11":"product-type-external"},"_links":{"self":[{"href":"https:\/\/rockkofertas.com.es\/index.php\/wp-json\/wp\/v2\/product\/8583","targetHints":{"allow":["GET"]}}],"collection":[{"href":"https:\/\/rockkofertas.com.es\/index.php\/wp-json\/wp\/v2\/product"}],"about":[{"href":"https:\/\/rockkofertas.com.es\/index.php\/wp-json\/wp\/v2\/types\/product"}],"replies":[{"embeddable":true,"href":"https:\/\/rockkofertas.com.es\/index.php\/wp-json\/wp\/v2\/comments?post=8583"}],"wp:featuredmedia":[{"embeddable":true,"href":"https:\/\/rockkofertas.com.es\/index.php\/wp-json\/wp\/v2\/media\/8582"}],"wp:attachment":[{"href":"https:\/\/rockkofertas.com.es\/index.php\/wp-json\/wp\/v2\/media?parent=8583"}],"wp:term":[{"taxonomy":"product_cat","embeddable":true,"href":"https:\/\/rockkofertas.com.es\/index.php\/wp-json\/wp\/v2\/product_cat?post=8583"},{"taxonomy":"product_tag","embeddable":true,"href":"https:\/\/rockkofertas.com.es\/index.php\/wp-json\/wp\/v2\/product_tag?post=8583"}],"curies":[{"name":"wp","href":"https:\/\/api.w.org\/{rel}","templated":true}]}}