{"id":8575,"date":"2026-01-21T17:30:42","date_gmt":"2026-01-21T17:30:42","guid":{"rendered":"https:\/\/rockkofertas.com.es\/index.php\/producto\/b0bxpj5hr9\/"},"modified":"2026-01-21T17:30:42","modified_gmt":"2026-01-21T17:30:42","slug":"b0bxpj5hr9","status":"publish","type":"product","link":"https:\/\/rockkofertas.com.es\/index.php\/producto\/b0bxpj5hr9\/","title":{"rendered":"B0BXPJ5HR9"},"content":{"rendered":"<p>&#8211; \u3010VERS\u00c1TIL COMPA\u00d1ERO DE COCINA\u3011Esta estanter\u00eda de pie no es s\u00f3lo para mostrar los elementos esenciales de la cocina, sino que tambi\u00e9n se transforma en una acogedora barra de caf\u00e9 o una mesa de comedor conveniente para momentos encantadores<br \/>\n&#8211; \u3010TIRA MAGN\u00c9TICA DE CUCHILLO Y PORTARROLLOS\u3011Tira magn\u00e9tica con 3 kg de fuerza de succi\u00f3n, da alta seguridad y acceso f\u00e1cil a los cuchillos de cocina y los mantiene secos; portarrollos de papel para cambiar y sacar f\u00e1cilmente los pa\u00f1os de cocina<br \/>\n&#8211; \u3010DOS OPCIONES DE MONTAJE\u3011Las piezas numeradas y instrucciones f\u00e1ciles de entender te ayudar\u00e1n a montar esta estanter\u00eda sin esfuerzo. Puedes cambiar la orientaci\u00f3n de los estantes, portarrollos o tiras de cuchillos tanto a la izquierda como a la derecha<br \/>\n&#8211; \u3010PR\u00c1CTICA CESTA EXTRA\u00cdBLE\u3011 Puedes guardar tus utensilios de cocina en la cesta debajo de la mesa, la cesta de dise\u00f1o como caj\u00f3n da f\u00e1cil acceso y con topes para evitar ca\u00eddas cuando la tires<br \/>\n&#8211; \u3010ESTABLE Y SEGURO\u3011El aglomerado de alta calidad y la construcci\u00f3n de acero proporcionan un marco estable; los pies ajustables mejoran la estabilidad; el dispositivo antivuelco hace que esta estanter\u00eda de cocina sea a\u00fan m\u00e1s seguro<\/p>\n","protected":false},"excerpt":{"rendered":"<p>VASAGLE Estanter\u00eda de Cocina, Soporte para Panader\u00eda, Isla de Cocina con Tira Magn\u00e9tica de Cuchillo, Cesta de Alambre, Soporte de Papel, 12 Ganchos, Marr\u00f3n R\u00fastico y Negro KKS026B01<br \/>#Publicidad <span class=\"read-more\"><a class=\"more-link btn btn-transparent\" href=\"https:\/\/rockkofertas.com.es\/index.php\/producto\/b0bxpj5hr9\/\">Leer m\u00e1s&#8230;<\/a><\/span><\/p>\n","protected":false},"featured_media":8574,"comment_status":"open","ping_status":"closed","template":"","meta":[],"product_cat":[15],"product_tag":[],"class_list":{"0":"post-8575","1":"product","2":"type-product","3":"status-publish","4":"has-post-thumbnail","6":"product_cat-sin-categorizar","8":"first","9":"instock","10":"shipping-taxable","11":"product-type-external"},"_links":{"self":[{"href":"https:\/\/rockkofertas.com.es\/index.php\/wp-json\/wp\/v2\/product\/8575","targetHints":{"allow":["GET"]}}],"collection":[{"href":"https:\/\/rockkofertas.com.es\/index.php\/wp-json\/wp\/v2\/product"}],"about":[{"href":"https:\/\/rockkofertas.com.es\/index.php\/wp-json\/wp\/v2\/types\/product"}],"replies":[{"embeddable":true,"href":"https:\/\/rockkofertas.com.es\/index.php\/wp-json\/wp\/v2\/comments?post=8575"}],"wp:featuredmedia":[{"embeddable":true,"href":"https:\/\/rockkofertas.com.es\/index.php\/wp-json\/wp\/v2\/media\/8574"}],"wp:attachment":[{"href":"https:\/\/rockkofertas.com.es\/index.php\/wp-json\/wp\/v2\/media?parent=8575"}],"wp:term":[{"taxonomy":"product_cat","embeddable":true,"href":"https:\/\/rockkofertas.com.es\/index.php\/wp-json\/wp\/v2\/product_cat?post=8575"},{"taxonomy":"product_tag","embeddable":true,"href":"https:\/\/rockkofertas.com.es\/index.php\/wp-json\/wp\/v2\/product_tag?post=8575"}],"curies":[{"name":"wp","href":"https:\/\/api.w.org\/{rel}","templated":true}]}}