{"id":8563,"date":"2026-01-21T08:00:43","date_gmt":"2026-01-21T08:00:43","guid":{"rendered":"https:\/\/rockkofertas.com.es\/index.php\/producto\/b0bs1fmh8h-2\/"},"modified":"2026-01-21T08:00:43","modified_gmt":"2026-01-21T08:00:43","slug":"b0bs1fmh8h-2","status":"publish","type":"product","link":"https:\/\/rockkofertas.com.es\/index.php\/producto\/b0bs1fmh8h-2\/","title":{"rendered":"B0BS1FMH8H"},"content":{"rendered":"<p>&#8211; Lleva en tu mu\u00f1eca las bolitas esmaltadas de colores con la Pulsera Dots Colors Enamel. Una explosi\u00f3n de color que tiene un solo objetivo: ponerle alegr\u00eda de la buena a cualquier look.<br \/>\n&#8211; Fabricada en Plata de ley ba\u00f1ada en oro 18kt. Es un material para las amantes de la joyer\u00eda de calidad, destaca por su brillo y resistencia.<br \/>\n&#8211; Largo cadena 15cm + 3,5cm alargador con bolitas esmaltadas de 2,5mm. Destaca por sus detalles en ESMALTE. El esmalte es una capa de vidrio fundido que una vez calentado, se fusionar\u00e1 con la superficie del metal proporcionando un acabado brillante y duradero. Su color puede variar ligeramente.<br \/>\n&#8211; CUIDADOS : Para que todas tus joyas est\u00e9n relucientes como el primer d\u00eda, es importante que las limpies de manera regular. Para ello, utiliza un pa\u00f1o suave para devolverles su brillo. Frota la pieza suavemente con el pa\u00f1o y posteriormente enjuaga tu pieza con agua tibia. Adem\u00e1s, te recomendamos que las mantengas alejadas del calor del sol, del agua, o que entren en contacto con productos qu\u00edmicos como cosm\u00e9ticos para el cabello, perfumes o colonias.<br \/>\n&#8211; \u00a1Se incluir\u00e1 \u00fanicamente un estuche en el pedido! Nuestro estuche es genial para poder guardar tus joyas tanto en casa, como cuando te vayas de viaje, util\u00edzalo como tu mini joyero personal. El color del estuche puede variar y el color que te toque ser\u00e1 cosa del destino, \u00a1esperamos que te encante!<\/p>\n","protected":false},"excerpt":{"rendered":"<p>SINGULARU &#8211; Pulsera Dots Colors Enamel. Bolitas Esmaltadas de Colores en Plata de Ley 925 con Ba\u00f1o de Oro 18 Kt. Largo de cadena 18.5 cm. Joyas para Mujer<br \/>\n#Publicidad <span class=\"read-more\"><a class=\"more-link btn btn-transparent\" href=\"https:\/\/rockkofertas.com.es\/index.php\/producto\/b0bs1fmh8h-2\/\">Leer m\u00e1s&#8230;<\/a><\/span><\/p>\n","protected":false},"featured_media":8562,"comment_status":"open","ping_status":"closed","template":"","meta":[],"product_cat":[15],"product_tag":[],"class_list":{"0":"post-8563","1":"product","2":"type-product","3":"status-publish","4":"has-post-thumbnail","6":"product_cat-sin-categorizar","8":"first","9":"instock","10":"shipping-taxable","11":"product-type-external"},"_links":{"self":[{"href":"https:\/\/rockkofertas.com.es\/index.php\/wp-json\/wp\/v2\/product\/8563","targetHints":{"allow":["GET"]}}],"collection":[{"href":"https:\/\/rockkofertas.com.es\/index.php\/wp-json\/wp\/v2\/product"}],"about":[{"href":"https:\/\/rockkofertas.com.es\/index.php\/wp-json\/wp\/v2\/types\/product"}],"replies":[{"embeddable":true,"href":"https:\/\/rockkofertas.com.es\/index.php\/wp-json\/wp\/v2\/comments?post=8563"}],"wp:featuredmedia":[{"embeddable":true,"href":"https:\/\/rockkofertas.com.es\/index.php\/wp-json\/wp\/v2\/media\/8562"}],"wp:attachment":[{"href":"https:\/\/rockkofertas.com.es\/index.php\/wp-json\/wp\/v2\/media?parent=8563"}],"wp:term":[{"taxonomy":"product_cat","embeddable":true,"href":"https:\/\/rockkofertas.com.es\/index.php\/wp-json\/wp\/v2\/product_cat?post=8563"},{"taxonomy":"product_tag","embeddable":true,"href":"https:\/\/rockkofertas.com.es\/index.php\/wp-json\/wp\/v2\/product_tag?post=8563"}],"curies":[{"name":"wp","href":"https:\/\/api.w.org\/{rel}","templated":true}]}}