{"id":8561,"date":"2026-01-21T07:09:44","date_gmt":"2026-01-21T07:09:44","guid":{"rendered":"https:\/\/rockkofertas.com.es\/index.php\/producto\/b0g344338q\/"},"modified":"2026-01-21T07:09:44","modified_gmt":"2026-01-21T07:09:44","slug":"b0g344338q","status":"publish","type":"product","link":"https:\/\/rockkofertas.com.es\/index.php\/producto\/b0g344338q\/","title":{"rendered":"B0G344338Q"},"content":{"rendered":"<p>&#8211; Estilo urbano para hombre: B\u00f3xers de incontinencia para hombre con corte moderno, fabricados en modal: materiales naturales, suaves y ligeros para un look urbano y contempor\u00e1neo<br \/>\n&#8211; Capacidad de absorci\u00f3n de 80 ml para incontinencia leve: Ofrece una protecci\u00f3n fiable para p\u00e9rdidas urinarias leves, se lleva como ropa interior normal y permanece invisible bajo la ropa<br \/>\n&#8211; Dise\u00f1o de tres capas: Dise\u00f1o de tres capas: la primera capa absorbe r\u00e1pidamente, se seca r\u00e1pido y mantiene una sensaci\u00f3n de frescura<br \/>\n&#8211; Lavable y duradero: Materiales y acabado de alta calidad: lavable a m\u00e1quina (se recomienda usar bolsa de lavado), mantiene su forma y es duradero para el uso diario<br \/>\n&#8211; C\u00f3modo y funcional: Suave, ligero y flexible: corte perfecto que se adapta al cuerpo de forma \u00f3ptima y ofrece un confort sin preocupaciones, como la ropa interior convencional<\/p>\n","protected":false},"excerpt":{"rendered":"<p>Carer lote de 2 B\u00f3xers de Incontinencia para Hombre Lavables \u2013 80 ml, Ropa Interior Suave y Ligera Corte Moderno y Elegante Absorci\u00f3n R\u00e1pida para P\u00e9rdidas Urinarias Leves, Color Liso, talla S<br \/>#Publicidad <span class=\"read-more\"><a class=\"more-link btn btn-transparent\" href=\"https:\/\/rockkofertas.com.es\/index.php\/producto\/b0g344338q\/\">Leer m\u00e1s&#8230;<\/a><\/span><\/p>\n","protected":false},"featured_media":8560,"comment_status":"open","ping_status":"closed","template":"","meta":[],"product_cat":[15],"product_tag":[],"class_list":{"0":"post-8561","1":"product","2":"type-product","3":"status-publish","4":"has-post-thumbnail","6":"product_cat-sin-categorizar","8":"first","9":"instock","10":"shipping-taxable","11":"product-type-external"},"_links":{"self":[{"href":"https:\/\/rockkofertas.com.es\/index.php\/wp-json\/wp\/v2\/product\/8561","targetHints":{"allow":["GET"]}}],"collection":[{"href":"https:\/\/rockkofertas.com.es\/index.php\/wp-json\/wp\/v2\/product"}],"about":[{"href":"https:\/\/rockkofertas.com.es\/index.php\/wp-json\/wp\/v2\/types\/product"}],"replies":[{"embeddable":true,"href":"https:\/\/rockkofertas.com.es\/index.php\/wp-json\/wp\/v2\/comments?post=8561"}],"wp:featuredmedia":[{"embeddable":true,"href":"https:\/\/rockkofertas.com.es\/index.php\/wp-json\/wp\/v2\/media\/8560"}],"wp:attachment":[{"href":"https:\/\/rockkofertas.com.es\/index.php\/wp-json\/wp\/v2\/media?parent=8561"}],"wp:term":[{"taxonomy":"product_cat","embeddable":true,"href":"https:\/\/rockkofertas.com.es\/index.php\/wp-json\/wp\/v2\/product_cat?post=8561"},{"taxonomy":"product_tag","embeddable":true,"href":"https:\/\/rockkofertas.com.es\/index.php\/wp-json\/wp\/v2\/product_tag?post=8561"}],"curies":[{"name":"wp","href":"https:\/\/api.w.org\/{rel}","templated":true}]}}