{"id":8553,"date":"2026-01-20T20:00:41","date_gmt":"2026-01-20T20:00:41","guid":{"rendered":"https:\/\/rockkofertas.com.es\/index.php\/producto\/b0d8jdrxbl\/"},"modified":"2026-01-20T20:00:41","modified_gmt":"2026-01-20T20:00:41","slug":"b0d8jdrxbl","status":"publish","type":"product","link":"https:\/\/rockkofertas.com.es\/index.php\/producto\/b0d8jdrxbl\/","title":{"rendered":"B0D8JDRXBL"},"content":{"rendered":"<p>&#8211; El compa\u00f1ero ideal, por ejemplo, para obras, jardiner\u00eda o camping<br \/>\n&#8211; Sonido excepcional en una carcasa robusta. Potencia de salida de m\u00fasica: m\u00e1x. 100 W (10 W RMS)<br \/>\n&#8211; Transmisi\u00f3n inal\u00e1mbrica de m\u00fasica desde smartphone o tablet (Bluetooth 5.4, alcance aprox. 10 m, seg\u00fan las condiciones ambientales)<br \/>\n&#8211; Radio FM PLL con 30 emisoras presintonizadas- IP54: a prueba de salpicaduras. Toma AUX. Antena telesc\u00f3pica. Bater\u00eda interna de iones de litio de 2.000 mAh.<br \/>\n&#8211; Volumen de suministro: radio de obra MEDION (MD 43895), cable de carga USB-C, manual de instrucciones.<\/p>\n","protected":false},"excerpt":{"rendered":"<p>MEDION E65895 Radio de Obra con bater\u00eda Recargable (Carcasa Robusta, asa de Transporte, Bluetooth, Resistente a Salpicaduras (IP54), Radio FM, AUX) Verde<br \/>\n#Publicidad <span class=\"read-more\"><a class=\"more-link btn btn-transparent\" href=\"https:\/\/rockkofertas.com.es\/index.php\/producto\/b0d8jdrxbl\/\">Leer m\u00e1s&#8230;<\/a><\/span><\/p>\n","protected":false},"featured_media":8552,"comment_status":"open","ping_status":"closed","template":"","meta":[],"product_cat":[15],"product_tag":[],"class_list":{"0":"post-8553","1":"product","2":"type-product","3":"status-publish","4":"has-post-thumbnail","6":"product_cat-sin-categorizar","8":"first","9":"instock","10":"shipping-taxable","11":"product-type-external"},"_links":{"self":[{"href":"https:\/\/rockkofertas.com.es\/index.php\/wp-json\/wp\/v2\/product\/8553","targetHints":{"allow":["GET"]}}],"collection":[{"href":"https:\/\/rockkofertas.com.es\/index.php\/wp-json\/wp\/v2\/product"}],"about":[{"href":"https:\/\/rockkofertas.com.es\/index.php\/wp-json\/wp\/v2\/types\/product"}],"replies":[{"embeddable":true,"href":"https:\/\/rockkofertas.com.es\/index.php\/wp-json\/wp\/v2\/comments?post=8553"}],"wp:featuredmedia":[{"embeddable":true,"href":"https:\/\/rockkofertas.com.es\/index.php\/wp-json\/wp\/v2\/media\/8552"}],"wp:attachment":[{"href":"https:\/\/rockkofertas.com.es\/index.php\/wp-json\/wp\/v2\/media?parent=8553"}],"wp:term":[{"taxonomy":"product_cat","embeddable":true,"href":"https:\/\/rockkofertas.com.es\/index.php\/wp-json\/wp\/v2\/product_cat?post=8553"},{"taxonomy":"product_tag","embeddable":true,"href":"https:\/\/rockkofertas.com.es\/index.php\/wp-json\/wp\/v2\/product_tag?post=8553"}],"curies":[{"name":"wp","href":"https:\/\/api.w.org\/{rel}","templated":true}]}}