{"id":8541,"date":"2026-01-20T06:54:00","date_gmt":"2026-01-20T06:54:00","guid":{"rendered":"https:\/\/rockkofertas.com.es\/index.php\/producto\/b0fwbpmkfd\/"},"modified":"2026-01-20T06:54:00","modified_gmt":"2026-01-20T06:54:00","slug":"b0fwbpmkfd","status":"publish","type":"product","link":"https:\/\/rockkofertas.com.es\/index.php\/producto\/b0fwbpmkfd\/","title":{"rendered":"B0FWBPMKFD"},"content":{"rendered":"<p>&#8211; \u3010Eliminaci\u00f3n Efectiva De Pelos De Mascotas\u3011El atrapa pelos lavadora cuenta con una superficie especial de microfibra que atrapa eficazmente pelos,pelusas y polvo.Ya sean pelos de perro o de gato,el atrapa pelos lavadora elimina el pelo a fondo durante el ciclo de lavado y garantiza una ropa limpia e higi\u00e9nica.<br \/>\n&#8211; \u3010Reutilizable y Duradero\u3011Fabricado con nailon y polipropileno de alta calidad,el atrapa pelos lavadora es resistente y se puede reutilizar muchas veces.Incluso despu\u00e9s de numerosos lavados,el atrapa pelos lavadora mantiene su forma y efectividad,siendo una soluci\u00f3n sostenible y ecol\u00f3gica contra los pelos de mascotas.<br \/>\n&#8211; \u3010Suave con la Ropa\u3011Gracias a su material suave y flexible,el atrapa pelos lavadora es delicado con todo tipo de tejidos.Incluso las telas m\u00e1s sensibles,como lana o seda,est\u00e1n protegidas.El atrapa pelos lavadora evita que la ropa se enrede o se desgaste,manteni\u00e9ndola suave y bien cuidada.<br \/>\n&#8211; \u3010Vers\u00e1til y Pr\u00e1ctico\u3011El atrapa pelos lavadora es ideal para la ropa de uso diario,s\u00e1banas,toallas o mantas.Especialmente \u00fatil para los due\u00f1os de mascotas,el atrapa pelos lavadora reduce eficazmente los pelos y garantiza una colada limpia,fresca y un entorno de lavado m\u00e1s higi\u00e9nico.<br \/>\n&#8211; \u3010F\u00e1cil de Usar\u3011Simplemente coloque el atrapa pelos lavadora junto con su ropa dentro del tambor,sin necesidad de esfuerzo adicional.Durante el ciclo de lavado,el atrapa pelos lavadora act\u00faa autom\u00e1ticamente,eliminando pelos,pelusas y motas sin da\u00f1ar la ropa.<\/p>\n","protected":false},"excerpt":{"rendered":"<p>12 PCS Atrapa Pelos Lavadora,Bolas Atrapa Pelos para Lavadora,Bolas para Lavadora,Reutilizable Quita Pelos Mascota,Recoge Pelusas Lavadora Bola,Eliminar El Pelo De Las Mascotas (color25101501)<br \/>#Publicidad <span class=\"read-more\"><a class=\"more-link btn btn-transparent\" href=\"https:\/\/rockkofertas.com.es\/index.php\/producto\/b0fwbpmkfd\/\">Leer m\u00e1s&#8230;<\/a><\/span><\/p>\n","protected":false},"featured_media":8540,"comment_status":"open","ping_status":"closed","template":"","meta":[],"product_cat":[15],"product_tag":[],"class_list":{"0":"post-8541","1":"product","2":"type-product","3":"status-publish","4":"has-post-thumbnail","6":"product_cat-sin-categorizar","8":"first","9":"instock","10":"shipping-taxable","11":"product-type-external"},"_links":{"self":[{"href":"https:\/\/rockkofertas.com.es\/index.php\/wp-json\/wp\/v2\/product\/8541","targetHints":{"allow":["GET"]}}],"collection":[{"href":"https:\/\/rockkofertas.com.es\/index.php\/wp-json\/wp\/v2\/product"}],"about":[{"href":"https:\/\/rockkofertas.com.es\/index.php\/wp-json\/wp\/v2\/types\/product"}],"replies":[{"embeddable":true,"href":"https:\/\/rockkofertas.com.es\/index.php\/wp-json\/wp\/v2\/comments?post=8541"}],"wp:featuredmedia":[{"embeddable":true,"href":"https:\/\/rockkofertas.com.es\/index.php\/wp-json\/wp\/v2\/media\/8540"}],"wp:attachment":[{"href":"https:\/\/rockkofertas.com.es\/index.php\/wp-json\/wp\/v2\/media?parent=8541"}],"wp:term":[{"taxonomy":"product_cat","embeddable":true,"href":"https:\/\/rockkofertas.com.es\/index.php\/wp-json\/wp\/v2\/product_cat?post=8541"},{"taxonomy":"product_tag","embeddable":true,"href":"https:\/\/rockkofertas.com.es\/index.php\/wp-json\/wp\/v2\/product_tag?post=8541"}],"curies":[{"name":"wp","href":"https:\/\/api.w.org\/{rel}","templated":true}]}}