{"id":8527,"date":"2026-01-19T20:00:38","date_gmt":"2026-01-19T20:00:38","guid":{"rendered":"https:\/\/rockkofertas.com.es\/index.php\/producto\/b076ws2wj6\/"},"modified":"2026-01-19T20:00:38","modified_gmt":"2026-01-19T20:00:38","slug":"b076ws2wj6","status":"publish","type":"product","link":"https:\/\/rockkofertas.com.es\/index.php\/producto\/b076ws2wj6\/","title":{"rendered":"B076WS2WJ6"},"content":{"rendered":"<p>&#8211; GRAN COMPATIBILIDAD: UGREEN carcasa disco duro 3,5 es ideal para conectar tu disco duro SATA I\/II\/II de 3,5 pulgadas a ordenador, Smart TV, PS4, PS4 Pro, Xbox Series X \/ S, Xbox 360, Xbox One, ect. Funciona con todos sistemas operativos de Windows, Linux, Mac OS. Plug and Play sin tener que instalar ning\u00fan controlador adicional.<br \/>\n&#8211; ADMITE GRAN CAPACIDAD: esta caja disco duro 3.5&#8243; acepta 3.5&#8243; HDD o SSD de la capacidad m\u00e1xima hasta 20TB, tales como WD Red, Seagate Ironwolf Pro, Seagate Barracuda, Seagate SkyHawk, TOSHIBA P300, Toshiba X300. LED azul indica estado de funcionamiento y conexi\u00f3n.<br \/>\n&#8211; S\u00daPER VELOCIDAD CON UASP: esta carcasa hdd admite USB 3.0 5Gbps conexi\u00f3n con UASP soportado, resulta 10 veces m\u00e1s r\u00e1pida que el USB 2.0, y 70% m\u00e1s r\u00e1pido y 80% menos uso de CPU que USB 3.0 convencional al conectar a equipos anfitri\u00f3n disponibles de UASP.<br \/>\n&#8211; M\u00c1S SEGURO: esta caja externa para disco duro de 3.5&#8243; es incorporado con peque\u00f1as almohadillas de proteccion para aguantar ca\u00eddas, golpes; las peque\u00f1as ventilaciones ayudan a disipar el calor de tu disco duro a tiempo. Con la tecnolog\u00eda S.M.A.R.T. y TRIM, mejora la eficacia de lectura y escritura del SSD y te ayuda a monitorizar tu disco duro en busca de posibles errores de diferente tipo.<br \/>\n&#8211; MONTAJE SENCILLO SIN HERRAMIENTAS: simplemente quita la tapa superior, encaja el disco duro y vuelve a poner la tapa, ya listo para conectar al ordenador por el USB 3.0 cable adjunto, y a la fuente de alimentaci\u00f3n por el adaptador de corriente adjunto.<\/p>\n","protected":false},"excerpt":{"rendered":"<p>UGREEN Carcasa Disco Duro SATA SSD 3.5&#8243; 20TB, Caja SSD USB 3.0 con UASP Comaptible con PC, Xbox X\/S, PS4, con Cable y Adaptador de Corriente 12V 2A<br \/>\n#Publicidad <span class=\"read-more\"><a class=\"more-link btn btn-transparent\" href=\"https:\/\/rockkofertas.com.es\/index.php\/producto\/b076ws2wj6\/\">Leer m\u00e1s&#8230;<\/a><\/span><\/p>\n","protected":false},"featured_media":8526,"comment_status":"open","ping_status":"closed","template":"","meta":[],"product_cat":[15],"product_tag":[],"class_list":{"0":"post-8527","1":"product","2":"type-product","3":"status-publish","4":"has-post-thumbnail","6":"product_cat-sin-categorizar","8":"first","9":"instock","10":"shipping-taxable","11":"product-type-external"},"_links":{"self":[{"href":"https:\/\/rockkofertas.com.es\/index.php\/wp-json\/wp\/v2\/product\/8527","targetHints":{"allow":["GET"]}}],"collection":[{"href":"https:\/\/rockkofertas.com.es\/index.php\/wp-json\/wp\/v2\/product"}],"about":[{"href":"https:\/\/rockkofertas.com.es\/index.php\/wp-json\/wp\/v2\/types\/product"}],"replies":[{"embeddable":true,"href":"https:\/\/rockkofertas.com.es\/index.php\/wp-json\/wp\/v2\/comments?post=8527"}],"wp:featuredmedia":[{"embeddable":true,"href":"https:\/\/rockkofertas.com.es\/index.php\/wp-json\/wp\/v2\/media\/8526"}],"wp:attachment":[{"href":"https:\/\/rockkofertas.com.es\/index.php\/wp-json\/wp\/v2\/media?parent=8527"}],"wp:term":[{"taxonomy":"product_cat","embeddable":true,"href":"https:\/\/rockkofertas.com.es\/index.php\/wp-json\/wp\/v2\/product_cat?post=8527"},{"taxonomy":"product_tag","embeddable":true,"href":"https:\/\/rockkofertas.com.es\/index.php\/wp-json\/wp\/v2\/product_tag?post=8527"}],"curies":[{"name":"wp","href":"https:\/\/api.w.org\/{rel}","templated":true}]}}