{"id":8505,"date":"2026-01-18T00:00:42","date_gmt":"2026-01-18T00:00:42","guid":{"rendered":"https:\/\/rockkofertas.com.es\/index.php\/producto\/b0f8dws35p\/"},"modified":"2026-01-18T00:00:42","modified_gmt":"2026-01-18T00:00:42","slug":"b0f8dws35p","status":"publish","type":"product","link":"https:\/\/rockkofertas.com.es\/index.php\/producto\/b0f8dws35p\/","title":{"rendered":"B0F8DWS35P"},"content":{"rendered":"<p>&#8211; \u00danete a la aventura: La pantalla IPS de 27&#8243;, 2560 x 1440 px y dise\u00f1o de tres bordes ultradelgados, redefine el juego con mayor amplitud, detalle y nitidez, d\u00e1ndote la ventaja para dominar el juego<br \/>\n&#8211; Juego m\u00e1s fluido: La r\u00e1pida tasa de refresco de 200 Hz te brinda mayor fluidez visual, menor latencia y transiciones m\u00e1s r\u00e1pidas, reduciendo el desenfoque de movimiento y mejorando tu velocidad de reacci\u00f3n; adem\u00e1s, su tiempo de respuesta de s\u00f3lo 0.5ms te da mayor ventaja al reducir el efecto ghosting<br \/>\n&#8211; Conexi\u00f3n r\u00e1pida: Potencia tu setup con los dos puertos HDMI 2.1 y el puerto DP 1.4, dise\u00f1ados para transmisiones de contenido en alta resoluci\u00f3n y tasas de refresco elevadas, sin p\u00e9rdida de calidad ni interrupciones<br \/>\n&#8211; Im\u00e1genes m\u00e1s reales: La gama de colores de 99% sRGB y 90% DCI-P3 te ofrece gr\u00e1ficos detallados, mejor contraste y profundidad con tonos m\u00e1s oscuros y brillantes, sumergi\u00e9ndote en una experiencia visual legendaria<br \/>\n&#8211; Mayor rendimiento FPS: Marca la diferencia con las tecnolog\u00edas integradas AMD FreeSync Premium y VESA Adaptive Sync que ajustan din\u00e1micamente la tasa de refresco igualando los FPS generados por la tarjeta gr\u00e1fica, a la vez que eliminan el tearing y stuttering para una imagen mas n\u00edtida y sin interrupciones<\/p>\n","protected":false},"excerpt":{"rendered":"<p>Lenovo Legion R27qe Gen 2 &#8211; Monitor Gaming QHD 27&#8243; (IPS, 200 Hz, 0.5 ms MPRT, 16:9, HDMI 2.1 + DP 1.4, AMD FreeSync Premium, VESA Adaptive Sync, Ajuste Inclinaci\u00f3n\/Altura\/Pivote\/Giro) &#8211; Negro<br \/>\n#Publicidad <span class=\"read-more\"><a class=\"more-link btn btn-transparent\" href=\"https:\/\/rockkofertas.com.es\/index.php\/producto\/b0f8dws35p\/\">Leer m\u00e1s&#8230;<\/a><\/span><\/p>\n","protected":false},"featured_media":8504,"comment_status":"open","ping_status":"closed","template":"","meta":[],"product_cat":[15],"product_tag":[],"class_list":{"0":"post-8505","1":"product","2":"type-product","3":"status-publish","4":"has-post-thumbnail","6":"product_cat-sin-categorizar","8":"first","9":"instock","10":"shipping-taxable","11":"product-type-external"},"_links":{"self":[{"href":"https:\/\/rockkofertas.com.es\/index.php\/wp-json\/wp\/v2\/product\/8505","targetHints":{"allow":["GET"]}}],"collection":[{"href":"https:\/\/rockkofertas.com.es\/index.php\/wp-json\/wp\/v2\/product"}],"about":[{"href":"https:\/\/rockkofertas.com.es\/index.php\/wp-json\/wp\/v2\/types\/product"}],"replies":[{"embeddable":true,"href":"https:\/\/rockkofertas.com.es\/index.php\/wp-json\/wp\/v2\/comments?post=8505"}],"wp:featuredmedia":[{"embeddable":true,"href":"https:\/\/rockkofertas.com.es\/index.php\/wp-json\/wp\/v2\/media\/8504"}],"wp:attachment":[{"href":"https:\/\/rockkofertas.com.es\/index.php\/wp-json\/wp\/v2\/media?parent=8505"}],"wp:term":[{"taxonomy":"product_cat","embeddable":true,"href":"https:\/\/rockkofertas.com.es\/index.php\/wp-json\/wp\/v2\/product_cat?post=8505"},{"taxonomy":"product_tag","embeddable":true,"href":"https:\/\/rockkofertas.com.es\/index.php\/wp-json\/wp\/v2\/product_tag?post=8505"}],"curies":[{"name":"wp","href":"https:\/\/api.w.org\/{rel}","templated":true}]}}