{"id":8499,"date":"2026-01-17T09:20:24","date_gmt":"2026-01-17T09:20:24","guid":{"rendered":"https:\/\/rockkofertas.com.es\/index.php\/producto\/b0f2htdtn7-2\/"},"modified":"2026-01-17T09:20:24","modified_gmt":"2026-01-17T09:20:24","slug":"b0f2htdtn7-2","status":"publish","type":"product","link":"https:\/\/rockkofertas.com.es\/index.php\/producto\/b0f2htdtn7-2\/","title":{"rendered":"B0F2HTDTN7"},"content":{"rendered":"<p>&#8211; Radiofrecuencia de 3 MHz para una piel visiblemente m\u00e1s firme: La radiofrecuencia de alta frecuencia a 3 MHz estimula la producci\u00f3n natural de col\u00e1geno en las capas profundas de la piel mediante una difusi\u00f3n de calor dirigida. Mejora la elasticidad de la piel y reduce visiblemente las arrugas y l\u00edneas finas con un uso regular<br \/>\n&#8211; Dispositivo facial multifuncional todo en uno: Combina vibraciones ultras\u00f3nicas, microcorrientes EMS, fototerapia con luz roja y azul, y control de temperatura inteligente a 42\u202f\u00b0C. Estas tecnolog\u00edas trabajan juntas para tensar la piel, suavizar las l\u00edneas finas y mejorar la apariencia general del rostro<br \/>\n&#8211; Modo DEEP reafirmante \u2013 Lifting en solo 3 minutos: El modo DEEP utiliza microcorrientes bioi\u00f3nicas de 737\u00b13\u202fHz para estimular los m\u00fasculos faciales, tonificar la piel fl\u00e1cida de mejillas, barbilla y cuello, redefinir el contorno y refinar la textura en solo 3 minutos<br \/>\n&#8211; Modo MAX de penetraci\u00f3n \u2013 Cuidado profundo de la piel: El modo MAX emplea vibraciones ultras\u00f3nicas de alta frecuencia para descomponer los productos de cuidado facial y facilitar su absorci\u00f3n profunda. Abre los poros, hidrata intensamente y mejora la nutrici\u00f3n de la piel para un cutis luminoso y saludable.<br \/>\n&#8211; Compacto y port\u00e1til \u2013 Ideal para casa o viaje: Ligero y f\u00e1cil de transportar, este dispositivo de belleza es ideal tanto para uso dom\u00e9stico como en movimiento. Su tama\u00f1o pr\u00e1ctico le permite mantener su rutina diaria de cuidado facial en cualquier lugar. Siga las instrucciones del manual para obtener los mejores resultados.<\/p>\n","protected":false},"excerpt":{"rendered":"<p>CARER SPARK Dispositivo de Radiofrecuencia Facial 3MHz, Masajeador Facial Antiedad con Ultrasonido EMS Fototerapia Reducci\u00f3n de Arrugas y L\u00edneas Finas Cuidado Facial El\u00e9ctrico Multifuncional<br \/>#Publicidad <span class=\"read-more\"><a class=\"more-link btn btn-transparent\" href=\"https:\/\/rockkofertas.com.es\/index.php\/producto\/b0f2htdtn7-2\/\">Leer m\u00e1s&#8230;<\/a><\/span><\/p>\n","protected":false},"featured_media":8498,"comment_status":"open","ping_status":"closed","template":"","meta":[],"product_cat":[15],"product_tag":[],"class_list":{"0":"post-8499","1":"product","2":"type-product","3":"status-publish","4":"has-post-thumbnail","6":"product_cat-sin-categorizar","8":"first","9":"instock","10":"shipping-taxable","11":"product-type-external"},"_links":{"self":[{"href":"https:\/\/rockkofertas.com.es\/index.php\/wp-json\/wp\/v2\/product\/8499","targetHints":{"allow":["GET"]}}],"collection":[{"href":"https:\/\/rockkofertas.com.es\/index.php\/wp-json\/wp\/v2\/product"}],"about":[{"href":"https:\/\/rockkofertas.com.es\/index.php\/wp-json\/wp\/v2\/types\/product"}],"replies":[{"embeddable":true,"href":"https:\/\/rockkofertas.com.es\/index.php\/wp-json\/wp\/v2\/comments?post=8499"}],"wp:featuredmedia":[{"embeddable":true,"href":"https:\/\/rockkofertas.com.es\/index.php\/wp-json\/wp\/v2\/media\/8498"}],"wp:attachment":[{"href":"https:\/\/rockkofertas.com.es\/index.php\/wp-json\/wp\/v2\/media?parent=8499"}],"wp:term":[{"taxonomy":"product_cat","embeddable":true,"href":"https:\/\/rockkofertas.com.es\/index.php\/wp-json\/wp\/v2\/product_cat?post=8499"},{"taxonomy":"product_tag","embeddable":true,"href":"https:\/\/rockkofertas.com.es\/index.php\/wp-json\/wp\/v2\/product_tag?post=8499"}],"curies":[{"name":"wp","href":"https:\/\/api.w.org\/{rel}","templated":true}]}}