{"id":8463,"date":"2026-01-15T16:00:42","date_gmt":"2026-01-15T16:00:42","guid":{"rendered":"https:\/\/rockkofertas.com.es\/index.php\/producto\/b07rmhzt68\/"},"modified":"2026-01-15T16:00:42","modified_gmt":"2026-01-15T16:00:42","slug":"b07rmhzt68","status":"publish","type":"product","link":"https:\/\/rockkofertas.com.es\/index.php\/producto\/b07rmhzt68\/","title":{"rendered":"B07RMHZT68"},"content":{"rendered":"<p>&#8211; Sart\u00e9n de acero inoxidable de 24 cm de di\u00e1metro<br \/>\n&#8211; Revestimiento antiadherente Permadur Plus con part\u00edculas de carbono de silicio para darle mayor resistencia<br \/>\n&#8211; Apta para horno hasta 260\u00baC<br \/>\n&#8211; Mango de Cromargan acero inoxidable 18\/10<br \/>\n&#8211; Base Trans-Therm Full induction<br \/>\n&#8211; Compatible con cualquier tipo de cocina incluida inducci\u00f3n<\/p>\n","protected":false},"excerpt":{"rendered":"<p>WMF Permadur Advance &#8211; Sart\u00e9n 24 cm Antiadherente, Acero Inoxidable Cromargan, Resistente a los Ara\u00f1azos, Mango de Acero Inoxidable, Apta para inducci\u00f3n, Sin PFOA<br \/>\n#Publicidad <span class=\"read-more\"><a class=\"more-link btn btn-transparent\" href=\"https:\/\/rockkofertas.com.es\/index.php\/producto\/b07rmhzt68\/\">Leer m\u00e1s&#8230;<\/a><\/span><\/p>\n","protected":false},"featured_media":8462,"comment_status":"open","ping_status":"closed","template":"","meta":[],"product_cat":[15],"product_tag":[],"class_list":{"0":"post-8463","1":"product","2":"type-product","3":"status-publish","4":"has-post-thumbnail","6":"product_cat-sin-categorizar","8":"first","9":"instock","10":"shipping-taxable","11":"product-type-external"},"_links":{"self":[{"href":"https:\/\/rockkofertas.com.es\/index.php\/wp-json\/wp\/v2\/product\/8463","targetHints":{"allow":["GET"]}}],"collection":[{"href":"https:\/\/rockkofertas.com.es\/index.php\/wp-json\/wp\/v2\/product"}],"about":[{"href":"https:\/\/rockkofertas.com.es\/index.php\/wp-json\/wp\/v2\/types\/product"}],"replies":[{"embeddable":true,"href":"https:\/\/rockkofertas.com.es\/index.php\/wp-json\/wp\/v2\/comments?post=8463"}],"wp:featuredmedia":[{"embeddable":true,"href":"https:\/\/rockkofertas.com.es\/index.php\/wp-json\/wp\/v2\/media\/8462"}],"wp:attachment":[{"href":"https:\/\/rockkofertas.com.es\/index.php\/wp-json\/wp\/v2\/media?parent=8463"}],"wp:term":[{"taxonomy":"product_cat","embeddable":true,"href":"https:\/\/rockkofertas.com.es\/index.php\/wp-json\/wp\/v2\/product_cat?post=8463"},{"taxonomy":"product_tag","embeddable":true,"href":"https:\/\/rockkofertas.com.es\/index.php\/wp-json\/wp\/v2\/product_tag?post=8463"}],"curies":[{"name":"wp","href":"https:\/\/api.w.org\/{rel}","templated":true}]}}