{"id":8461,"date":"2026-01-15T12:00:42","date_gmt":"2026-01-15T12:00:42","guid":{"rendered":"https:\/\/rockkofertas.com.es\/index.php\/producto\/b01mt61xpl\/"},"modified":"2026-01-15T12:00:42","modified_gmt":"2026-01-15T12:00:42","slug":"b01mt61xpl","status":"publish","type":"product","link":"https:\/\/rockkofertas.com.es\/index.php\/producto\/b01mt61xpl\/","title":{"rendered":"B01MT61XPL"},"content":{"rendered":"<p>&#8211; Bic presenta su caja de bol\u00edgrafos Bic por 12 unidades, cada boli con 3 tintas en sus colores originales negro, rojo y azul m\u00e1s una mina de punta HB en su portaminas para que dibujes sin hacer cambios<br \/>\n&#8211; Los boli Bic 4 colores contienen tres puntas redondas de 1.0 mm en sus tintas de bol\u00edgrafo y una mina HB de grafito de 0.7 mm para tomar notas y dibujar usando bolis de colores<br \/>\n&#8211; En un solo movimiento puedes cambiar r\u00e1pidamente de bol\u00edgrafos a l\u00e1piz de dibujo gracias al sistema retr\u00e1ctil de un solo clic presente en cada boli Bic facilitando tu trabajo y escritura<br \/>\n&#8211; El grip de goma presente en los bol\u00edgrafos Bic 3+1HB te brinda mejor agarre y su goma de borrar te la opci\u00f3n de corregir tus trazos sin recurrir a elementos externos<br \/>\n&#8211; Los bol\u00edgrafos de colores Bic son un art\u00edculo conveniente para papeler\u00eda, estudio o trabajo en un dise\u00f1o y f\u00e1cil de llevar en el bolsillo a cualquier lugar<\/p>\n","protected":false},"excerpt":{"rendered":"<p>BIC 4 Colores 3+1HB Bol\u00edgrafo y Portaminas &#8211; Caja de 12 Unidades<br \/>\n#Publicidad <span class=\"read-more\"><a class=\"more-link btn btn-transparent\" href=\"https:\/\/rockkofertas.com.es\/index.php\/producto\/b01mt61xpl\/\">Leer m\u00e1s&#8230;<\/a><\/span><\/p>\n","protected":false},"featured_media":8460,"comment_status":"open","ping_status":"closed","template":"","meta":[],"product_cat":[15],"product_tag":[],"class_list":{"0":"post-8461","1":"product","2":"type-product","3":"status-publish","4":"has-post-thumbnail","6":"product_cat-sin-categorizar","8":"first","9":"instock","10":"shipping-taxable","11":"product-type-external"},"_links":{"self":[{"href":"https:\/\/rockkofertas.com.es\/index.php\/wp-json\/wp\/v2\/product\/8461","targetHints":{"allow":["GET"]}}],"collection":[{"href":"https:\/\/rockkofertas.com.es\/index.php\/wp-json\/wp\/v2\/product"}],"about":[{"href":"https:\/\/rockkofertas.com.es\/index.php\/wp-json\/wp\/v2\/types\/product"}],"replies":[{"embeddable":true,"href":"https:\/\/rockkofertas.com.es\/index.php\/wp-json\/wp\/v2\/comments?post=8461"}],"wp:featuredmedia":[{"embeddable":true,"href":"https:\/\/rockkofertas.com.es\/index.php\/wp-json\/wp\/v2\/media\/8460"}],"wp:attachment":[{"href":"https:\/\/rockkofertas.com.es\/index.php\/wp-json\/wp\/v2\/media?parent=8461"}],"wp:term":[{"taxonomy":"product_cat","embeddable":true,"href":"https:\/\/rockkofertas.com.es\/index.php\/wp-json\/wp\/v2\/product_cat?post=8461"},{"taxonomy":"product_tag","embeddable":true,"href":"https:\/\/rockkofertas.com.es\/index.php\/wp-json\/wp\/v2\/product_tag?post=8461"}],"curies":[{"name":"wp","href":"https:\/\/api.w.org\/{rel}","templated":true}]}}