{"id":8455,"date":"2026-01-15T00:00:42","date_gmt":"2026-01-15T00:00:42","guid":{"rendered":"https:\/\/rockkofertas.com.es\/index.php\/producto\/b001dzlldg\/"},"modified":"2026-01-15T00:00:42","modified_gmt":"2026-01-15T00:00:42","slug":"b001dzlldg","status":"publish","type":"product","link":"https:\/\/rockkofertas.com.es\/index.php\/producto\/b001dzlldg\/","title":{"rendered":"B001DZLLDG"},"content":{"rendered":"<p>&#8211; El cami\u00f3n MACK Granite con pala baja y retroexcavadora JCB 4CX, de bruder, es apto para jugar en interiores y exteriores<br \/>\n&#8211; Las ventanillas de la cabina son de pl\u00e1stico transparente e inastillable y las puertas se pueden abrir<br \/>\n&#8211; Las rampas de acceso son abatibles. La retrocargadora tiene una excavadora de cuchara frontal totalmente funcional que se puede bloquear en la posici\u00f3n m\u00e1s alta<br \/>\n&#8211; La cuchara delantera se puede inclinar hacia abajo y el asiento del conductor se puede girar 360\u00b0. La retroexcavadora tambi\u00e9n es totalmente funcional y puede desplazarse horizontalmente, girar 180\u00b0 y bloquearse. Los dos soportes extensibles proporcionan a la retrocargadora una sujeci\u00f3n segura y los neum\u00e1ticos con banda de rodadura completan el conjunto<br \/>\n&#8211; Encontrar\u00e1 m\u00e1s veh\u00edculos y accesorios de la gama bruder en nuestra tienda de marcas. Haga clic en la marca bruder debajo del t\u00edtulo del producto<\/p>\n","protected":false},"excerpt":{"rendered":"<p>bruder 02813 &#8211; Cami\u00f3n de granito MACK con pala baja y retroexcavadora JCB 4CX, transportador, veh\u00edculo de construcci\u00f3n<br \/>\n#Publicidad <span class=\"read-more\"><a class=\"more-link btn btn-transparent\" href=\"https:\/\/rockkofertas.com.es\/index.php\/producto\/b001dzlldg\/\">Leer m\u00e1s&#8230;<\/a><\/span><\/p>\n","protected":false},"featured_media":8454,"comment_status":"open","ping_status":"closed","template":"","meta":[],"product_cat":[15],"product_tag":[],"class_list":{"0":"post-8455","1":"product","2":"type-product","3":"status-publish","4":"has-post-thumbnail","6":"product_cat-sin-categorizar","8":"first","9":"instock","10":"shipping-taxable","11":"product-type-external"},"_links":{"self":[{"href":"https:\/\/rockkofertas.com.es\/index.php\/wp-json\/wp\/v2\/product\/8455","targetHints":{"allow":["GET"]}}],"collection":[{"href":"https:\/\/rockkofertas.com.es\/index.php\/wp-json\/wp\/v2\/product"}],"about":[{"href":"https:\/\/rockkofertas.com.es\/index.php\/wp-json\/wp\/v2\/types\/product"}],"replies":[{"embeddable":true,"href":"https:\/\/rockkofertas.com.es\/index.php\/wp-json\/wp\/v2\/comments?post=8455"}],"wp:featuredmedia":[{"embeddable":true,"href":"https:\/\/rockkofertas.com.es\/index.php\/wp-json\/wp\/v2\/media\/8454"}],"wp:attachment":[{"href":"https:\/\/rockkofertas.com.es\/index.php\/wp-json\/wp\/v2\/media?parent=8455"}],"wp:term":[{"taxonomy":"product_cat","embeddable":true,"href":"https:\/\/rockkofertas.com.es\/index.php\/wp-json\/wp\/v2\/product_cat?post=8455"},{"taxonomy":"product_tag","embeddable":true,"href":"https:\/\/rockkofertas.com.es\/index.php\/wp-json\/wp\/v2\/product_tag?post=8455"}],"curies":[{"name":"wp","href":"https:\/\/api.w.org\/{rel}","templated":true}]}}