{"id":8445,"date":"2026-01-14T16:46:39","date_gmt":"2026-01-14T16:46:39","guid":{"rendered":"https:\/\/rockkofertas.com.es\/index.php\/producto\/b0g7fmbppz\/"},"modified":"2026-01-14T16:46:39","modified_gmt":"2026-01-14T16:46:39","slug":"b0g7fmbppz","status":"publish","type":"product","link":"https:\/\/rockkofertas.com.es\/index.php\/producto\/b0g7fmbppz\/","title":{"rendered":"B0G7FMBPPZ"},"content":{"rendered":"<p>&#8211; \u3010Con dos pantallas delanteras y traseras, es m\u00e1s conveniente tomar selfies.\u3011Esta c\u00e1mara digital est\u00e1 equipada con una pantalla frontal de 1,4 pulgadas, y puede cambiar al modo selfie presionando y manteniendo presionado el bot\u00f3n OK durante 3 segundos, lo cual es conveniente para tomar selfies y Vlogs.La pantalla trasera de 2,8 pulgadas proporciona un campo de visi\u00f3n m\u00e1s amplio y una vista previa m\u00e1s clara.La funci\u00f3n antivibraci\u00f3n incorporada y la tecnolog\u00eda de luz de relleno autom\u00e1tica satisfacen las necesidades de tomar fotograf\u00edas en diversas condiciones de luz, y son una opci\u00f3n de alta calidad para grabar la vida y grabar Vlogs.<br \/>\n&#8211; \u3010Camara fotos 4K de 64MP y zoom digital de 18 aumentos\u3011Esta Camara digital tiene una resoluci\u00f3n clara de 64MP, mientras que admite una grabaci\u00f3n de video 4K full HD fluida, la imagen es v\u00edvida y v\u00edvida.Su funci\u00f3n de zoom digital de 18x y su avanzada tecnolog\u00eda de enfoque autom\u00e1tico pueden capturar f\u00e1cilmente detalles ricos y colores brillantes independientemente de los objetos lejanos y cercanos, de modo que cada momento est\u00e9 claramente congelado.Si exportas las fotos y los archivos de video que tomaste a tu computadora para verlos, puedes desbloquear una experiencia visual m\u00e1s clara.<br \/>\n&#8211; \u3010Dise\u00f1o port\u00e1til, una opci\u00f3n de alta calidad para principiantes. \u3011El cuerpo liviano y compacto es f\u00e1cil de transportar y f\u00e1cil de guardar en el bolsillo, lo que lo convierte en una opci\u00f3n ideal para sus viajes y uso diario. shooting.At al mismo tiempo, tambi\u00e9n est\u00e1 equipado con 2 bater\u00edas recargables y una tarjeta de memoria de gran capacidad de 64 GB, por lo que no necesita preocuparse por la energ\u00eda y el espacio de almacenamiento, disfrutar de la grabaci\u00f3n y grabar cada momento maravilloso.Con su dise\u00f1o simple, esta c\u00e1mara digital es adecuada para el uso diario de ni\u00f1os, adolescentes, estudiantes y principiantes, y tambi\u00e9n es ideal como regalo.<br \/>\n&#8211; \u3010C\u00e1mara web y c\u00e1mara de Vlog\u3011Adem\u00e1s de tomar fotograf\u00edas, esta c\u00e1mara tambi\u00e9n se puede conectar a una computadora a trav\u00e9s de un cable de datos para actuar como una c\u00e1mara web en una videoconferencia o videollamada, haciendo que su comunicaci\u00f3n sea m\u00e1s v\u00edvida.A trav\u00e9s del cable de datos, puede transferir f\u00e1cilmente fotos y archivos de video desde la c\u00e1mara a su computadora o tel\u00e9fono m\u00f3vil, tanto para guardar sus buenos recuerdos como para compartir sus maravillosos momentos en Facebook, YouTube y otras plataformas de redes sociales.<br \/>\n&#8211; \u3010Una opci\u00f3n premium como regalo\u3011El disparo autom\u00e1tico sincronizado de la c\u00e1mara, el disparo continuo, la c\u00e1mara lenta, una variedad de filtros y varias funciones de efectos especiales hacen que su disparo sea m\u00e1s diverse.As una graduaci\u00f3n, cumplea\u00f1os o regalo de vacaciones, esta c\u00e1mara digital se puede utilizar para los j\u00f3venes, ya sea una excursi\u00f3n familiar o una reuni\u00f3n de amigos, esta c\u00e1mara digital puede satisfacer sus necesidades de disparo.<br \/>\n&#8211; \u3010\u00bfQu\u00e9 hay en la caja?\u3011Una c\u00e1mara digital, dos bater\u00edas, un cable de datos (USB-C), un cord\u00f3n port\u00e1til, una bolsa de transporte y un pa\u00f1o de limpieza para limpiar la lente.<\/p>\n","protected":false},"excerpt":{"rendered":"<p>C\u00e1mara de Fotos C\u00e1mara Digital 4K 64MP, C\u00e1mara Digital Zoom 18X, C\u00e1mara Compacta con Tarjeta de 64GB y 2 Bater\u00edas, Recargable Compacta Port\u00e1til C\u00e1mara para Ni\u00f1os Principiantes, Negro<br \/>#Publicidad <span class=\"read-more\"><a class=\"more-link btn btn-transparent\" href=\"https:\/\/rockkofertas.com.es\/index.php\/producto\/b0g7fmbppz\/\">Leer m\u00e1s&#8230;<\/a><\/span><\/p>\n","protected":false},"featured_media":8444,"comment_status":"open","ping_status":"closed","template":"","meta":[],"product_cat":[15],"product_tag":[],"class_list":{"0":"post-8445","1":"product","2":"type-product","3":"status-publish","4":"has-post-thumbnail","6":"product_cat-sin-categorizar","8":"first","9":"instock","10":"shipping-taxable","11":"product-type-external"},"_links":{"self":[{"href":"https:\/\/rockkofertas.com.es\/index.php\/wp-json\/wp\/v2\/product\/8445","targetHints":{"allow":["GET"]}}],"collection":[{"href":"https:\/\/rockkofertas.com.es\/index.php\/wp-json\/wp\/v2\/product"}],"about":[{"href":"https:\/\/rockkofertas.com.es\/index.php\/wp-json\/wp\/v2\/types\/product"}],"replies":[{"embeddable":true,"href":"https:\/\/rockkofertas.com.es\/index.php\/wp-json\/wp\/v2\/comments?post=8445"}],"wp:featuredmedia":[{"embeddable":true,"href":"https:\/\/rockkofertas.com.es\/index.php\/wp-json\/wp\/v2\/media\/8444"}],"wp:attachment":[{"href":"https:\/\/rockkofertas.com.es\/index.php\/wp-json\/wp\/v2\/media?parent=8445"}],"wp:term":[{"taxonomy":"product_cat","embeddable":true,"href":"https:\/\/rockkofertas.com.es\/index.php\/wp-json\/wp\/v2\/product_cat?post=8445"},{"taxonomy":"product_tag","embeddable":true,"href":"https:\/\/rockkofertas.com.es\/index.php\/wp-json\/wp\/v2\/product_tag?post=8445"}],"curies":[{"name":"wp","href":"https:\/\/api.w.org\/{rel}","templated":true}]}}