{"id":8441,"date":"2026-01-14T12:00:49","date_gmt":"2026-01-14T12:00:49","guid":{"rendered":"https:\/\/rockkofertas.com.es\/index.php\/producto\/b0c5dn6zd4\/"},"modified":"2026-01-14T12:00:49","modified_gmt":"2026-01-14T12:00:49","slug":"b0c5dn6zd4","status":"publish","type":"product","link":"https:\/\/rockkofertas.com.es\/index.php\/producto\/b0c5dn6zd4\/","title":{"rendered":"B0C5DN6ZD4"},"content":{"rendered":"<p>&#8211; 4 en 1 Aspirador pelos Mascotas: Nuestro cepillo Slicker elimina el pelo suelto y deja el pelaje de su mascota suave, liso y sano. La herramienta para hendiduras y el cepillo de limpieza son perfectos para eliminar el pelo de mascotas de alfombras, suelos, sof\u00e1s y ropa<br \/>\n&#8211; Soluci\u00f3n para el problema de la muda Aspirador Mascotas: Are \u00bfle preocupa el desorden causado por la muda masiva de tu perro cuando llega la \u00e9poca de muda? No se preocupe, nuestras aspiradoras para perros tienen una potencia de succi\u00f3n de 10,00 kPa, pueden recoger el 99% del pelo de las mascotas en un recipiente de vac\u00edo, por lo que nunca tendr\u00e1 que preocuparse de que el pelo vuele por toda la casa<br \/>\n&#8211; Silencioso &amp; los perros no se asustan: After una reducci\u00f3n especial del ruido, el ruido de trabajo de la aspiradora para perros es inferior a 60db, que es al menos la mitad de silencioso que una aspiradora normal. Con 3 niveles de succi\u00f3n ajustables, se recomienda acostumbrarse al primer nivel de succi\u00f3n u ofrecer un tentempi\u00e9 para evitar tensiones a las mascotas inexpertas<br \/>\n&#8211; Dise\u00f1ado para perros que no pueden ser afeitados: Consejo veterinario: El pastor alem\u00e1n, el golden retriever y el husky no necesitan ser afeitados, un cepillo normal puede satisfacer las necesidades de aseo de los perros<br \/>\n&#8211; 1.5L Max Canister y bolsa de transporte\uff1aThe aspiradora profesional de pelo de perro est\u00e1 equipada con un dep\u00f3sito de polvo de 1,5L. Con una capacidad un 50% mayor, necesitar\u00e1 limpiar el contenedor de polvo con menos frecuencia durante el aseo, lo que aumenta la eficiencia. El dep\u00f3sito de polvo se puede vaciar a mano sin tocarlo. La bolsa de transporte incluida facilita su almacenamiento<\/p>\n","protected":false},"excerpt":{"rendered":"<p>oneisall Aspira peli Cane &amp;Gatto dom\u00e9sticocon Cepillo, S\u00faper Poder de succi\u00f3n con 12000pa, Aspiradora para pelos de Perro con un bot\u00f3n, Aspiradora pelos Mascotas con 4 Cepillos<br \/>\n#Publicidad <span class=\"read-more\"><a class=\"more-link btn btn-transparent\" href=\"https:\/\/rockkofertas.com.es\/index.php\/producto\/b0c5dn6zd4\/\">Leer m\u00e1s&#8230;<\/a><\/span><\/p>\n","protected":false},"featured_media":8440,"comment_status":"open","ping_status":"closed","template":"","meta":[],"product_cat":[15],"product_tag":[],"class_list":{"0":"post-8441","1":"product","2":"type-product","3":"status-publish","4":"has-post-thumbnail","6":"product_cat-sin-categorizar","8":"first","9":"instock","10":"shipping-taxable","11":"product-type-external"},"_links":{"self":[{"href":"https:\/\/rockkofertas.com.es\/index.php\/wp-json\/wp\/v2\/product\/8441","targetHints":{"allow":["GET"]}}],"collection":[{"href":"https:\/\/rockkofertas.com.es\/index.php\/wp-json\/wp\/v2\/product"}],"about":[{"href":"https:\/\/rockkofertas.com.es\/index.php\/wp-json\/wp\/v2\/types\/product"}],"replies":[{"embeddable":true,"href":"https:\/\/rockkofertas.com.es\/index.php\/wp-json\/wp\/v2\/comments?post=8441"}],"wp:featuredmedia":[{"embeddable":true,"href":"https:\/\/rockkofertas.com.es\/index.php\/wp-json\/wp\/v2\/media\/8440"}],"wp:attachment":[{"href":"https:\/\/rockkofertas.com.es\/index.php\/wp-json\/wp\/v2\/media?parent=8441"}],"wp:term":[{"taxonomy":"product_cat","embeddable":true,"href":"https:\/\/rockkofertas.com.es\/index.php\/wp-json\/wp\/v2\/product_cat?post=8441"},{"taxonomy":"product_tag","embeddable":true,"href":"https:\/\/rockkofertas.com.es\/index.php\/wp-json\/wp\/v2\/product_tag?post=8441"}],"curies":[{"name":"wp","href":"https:\/\/api.w.org\/{rel}","templated":true}]}}