{"id":8429,"date":"2026-01-14T00:00:38","date_gmt":"2026-01-14T00:00:38","guid":{"rendered":"https:\/\/rockkofertas.com.es\/index.php\/producto\/b0dynyp9n2\/"},"modified":"2026-01-14T00:00:38","modified_gmt":"2026-01-14T00:00:38","slug":"b0dynyp9n2","status":"publish","type":"product","link":"https:\/\/rockkofertas.com.es\/index.php\/producto\/b0dynyp9n2\/","title":{"rendered":"B0DYNYP9N2"},"content":{"rendered":"<p>&#8211; Sum\u00e9rjase en la comodidad de nuestra manta polar de doble cara 150&#215;200 cm: lado exterior de franela 270 g\/m\u00b2 y lado interior de franela con efecto vell\u00f3n de cordero 230 g\/m\u00b2 para un total de 500 g\/m\u00b2 &#8211; \u00a1ideal para inviernos rigurosos!<br \/>\n&#8211; El dise\u00f1o 3D le da a la manta 150&#215;200 cm una est\u00e9tica cautivadora, con ondas tridimensionales que atraen la mirada. Los colores s\u00f3lidos, meticulosamente elegidos, combinan armoniosamente con diferentes estilos decorativos.<br \/>\n&#8211; Utilizable como cubrecama, cubresof\u00e1 o manta de viaje, la manta polar beige se adapta a todas las necesidades. Regalo ideal para cumplea\u00f1os, Navidad o D\u00eda de la Madre.<br \/>\n&#8211; Certificada OEKO-TEX, nuestra manta 150&#215;200 cm garantiza la ausencia de sustancias nocivas. Costuras reforzadas y bordes acabados aseguran durabilidad excepcional.<br \/>\n&#8211; El tejido polar conserva su suavidad y resistencia tras m\u00faltiples lavados. Mantenimiento f\u00e1cil: lavado a m\u00e1quina programa delicado, secado a baja temperatura.<\/p>\n","protected":false},"excerpt":{"rendered":"<p>RUIKASI Manta Polar 150&#215;200 Invierno &#8211; Cama, Cubresof\u00e1 Sherpa Suave 2 Personas C\u00e1lida, Beige<br \/>\n#Publicidad <span class=\"read-more\"><a class=\"more-link btn btn-transparent\" href=\"https:\/\/rockkofertas.com.es\/index.php\/producto\/b0dynyp9n2\/\">Leer m\u00e1s&#8230;<\/a><\/span><\/p>\n","protected":false},"featured_media":8428,"comment_status":"open","ping_status":"closed","template":"","meta":[],"product_cat":[15],"product_tag":[],"class_list":{"0":"post-8429","1":"product","2":"type-product","3":"status-publish","4":"has-post-thumbnail","6":"product_cat-sin-categorizar","8":"first","9":"instock","10":"shipping-taxable","11":"product-type-external"},"_links":{"self":[{"href":"https:\/\/rockkofertas.com.es\/index.php\/wp-json\/wp\/v2\/product\/8429","targetHints":{"allow":["GET"]}}],"collection":[{"href":"https:\/\/rockkofertas.com.es\/index.php\/wp-json\/wp\/v2\/product"}],"about":[{"href":"https:\/\/rockkofertas.com.es\/index.php\/wp-json\/wp\/v2\/types\/product"}],"replies":[{"embeddable":true,"href":"https:\/\/rockkofertas.com.es\/index.php\/wp-json\/wp\/v2\/comments?post=8429"}],"wp:featuredmedia":[{"embeddable":true,"href":"https:\/\/rockkofertas.com.es\/index.php\/wp-json\/wp\/v2\/media\/8428"}],"wp:attachment":[{"href":"https:\/\/rockkofertas.com.es\/index.php\/wp-json\/wp\/v2\/media?parent=8429"}],"wp:term":[{"taxonomy":"product_cat","embeddable":true,"href":"https:\/\/rockkofertas.com.es\/index.php\/wp-json\/wp\/v2\/product_cat?post=8429"},{"taxonomy":"product_tag","embeddable":true,"href":"https:\/\/rockkofertas.com.es\/index.php\/wp-json\/wp\/v2\/product_tag?post=8429"}],"curies":[{"name":"wp","href":"https:\/\/api.w.org\/{rel}","templated":true}]}}