{"id":8403,"date":"2026-01-13T04:00:31","date_gmt":"2026-01-13T04:00:31","guid":{"rendered":"https:\/\/rockkofertas.com.es\/index.php\/producto\/b083qrf5hc\/"},"modified":"2026-01-13T04:00:31","modified_gmt":"2026-01-13T04:00:31","slug":"b083qrf5hc","status":"publish","type":"product","link":"https:\/\/rockkofertas.com.es\/index.php\/producto\/b083qrf5hc\/","title":{"rendered":"B083QRF5HC"},"content":{"rendered":"<p>&#8211; RESULTADOS POTENTES Y PROFESIONALES: Centro de planchado de alta presi\u00f3n con estructura compacta que ofrece resultados profesionales gracias a sus 6,2 bares de presi\u00f3n y un potente golpe de vapor de hasta 310 g\/min, ideal para eliminar incluso las arrugas m\u00e1s dif\u00edciles.<br \/>\n&#8211; DISE\u00d1O COMPACTO Y F\u00c1CIL DE TRANSPORTAR: Su dise\u00f1o muy compacto garantiza una comodidad excepcional tanto durante el planchado como en el almacenamiento, con sistema de bloqueo integrado que facilita el transporte seguro y sesiones de planchado m\u00e1s suaves y pr\u00e1cticas.<br \/>\n&#8211; DISTRIBUCI\u00d3N DE VAPOR IMBATIBLE: La suela patentada Microsteam HD con m\u00e1s de 400 agujeros de vapor activos proporciona la mejor distribuci\u00f3n de vapor del mercado, asegurando resultados r\u00e1pidos, homog\u00e9neos y un deslizamiento \u00f3ptimo sobre cualquier tejido.<br \/>\n&#8211; COMODIDAD, AHORRO DE ENERG\u00cdA Y VAPOR VERTICAL: Dep\u00f3sito de agua integrado de 1,1 L rellenable en cualquier momento para sesiones ilimitadas, modo Eco que permite ahorrar hasta un 20 % de energ\u00eda y funci\u00f3n de vapor vertical ideal para prendas delicadas, trajes o cortinas.<br \/>\n&#8211; DURABILIDAD Y MANTENIMIENTO SENCILLO: Incorpora un sistema colector de cal altamente eficiente para un rendimiento duradero, cuenta con 15 a\u00f1os de reparabilidad en 6200 centros de reparaci\u00f3n y se somete a estrictos controles de calidad Rowenta antes de su comercializaci\u00f3n.<\/p>\n","protected":false},"excerpt":{"rendered":"<p>Rowenta Compact Steam Pro 6,2 &#8211; Centro de planchado de 2200 W de potencia, 6,2 bares, golpe de vapor de 310 g\/min, suela Microsteam 400 HD, dep\u00f3sito de 1,1 L, modo ECO, sistema antical, DG7621<br \/>\n#Publicidad <span class=\"read-more\"><a class=\"more-link btn btn-transparent\" href=\"https:\/\/rockkofertas.com.es\/index.php\/producto\/b083qrf5hc\/\">Leer m\u00e1s&#8230;<\/a><\/span><\/p>\n","protected":false},"featured_media":8402,"comment_status":"open","ping_status":"closed","template":"","meta":[],"product_cat":[15],"product_tag":[],"class_list":{"0":"post-8403","1":"product","2":"type-product","3":"status-publish","4":"has-post-thumbnail","6":"product_cat-sin-categorizar","8":"first","9":"instock","10":"shipping-taxable","11":"product-type-external"},"_links":{"self":[{"href":"https:\/\/rockkofertas.com.es\/index.php\/wp-json\/wp\/v2\/product\/8403","targetHints":{"allow":["GET"]}}],"collection":[{"href":"https:\/\/rockkofertas.com.es\/index.php\/wp-json\/wp\/v2\/product"}],"about":[{"href":"https:\/\/rockkofertas.com.es\/index.php\/wp-json\/wp\/v2\/types\/product"}],"replies":[{"embeddable":true,"href":"https:\/\/rockkofertas.com.es\/index.php\/wp-json\/wp\/v2\/comments?post=8403"}],"wp:featuredmedia":[{"embeddable":true,"href":"https:\/\/rockkofertas.com.es\/index.php\/wp-json\/wp\/v2\/media\/8402"}],"wp:attachment":[{"href":"https:\/\/rockkofertas.com.es\/index.php\/wp-json\/wp\/v2\/media?parent=8403"}],"wp:term":[{"taxonomy":"product_cat","embeddable":true,"href":"https:\/\/rockkofertas.com.es\/index.php\/wp-json\/wp\/v2\/product_cat?post=8403"},{"taxonomy":"product_tag","embeddable":true,"href":"https:\/\/rockkofertas.com.es\/index.php\/wp-json\/wp\/v2\/product_tag?post=8403"}],"curies":[{"name":"wp","href":"https:\/\/api.w.org\/{rel}","templated":true}]}}