{"id":8401,"date":"2026-01-13T00:00:38","date_gmt":"2026-01-13T00:00:38","guid":{"rendered":"https:\/\/rockkofertas.com.es\/index.php\/producto\/b0c74f3wbv\/"},"modified":"2026-01-13T00:00:38","modified_gmt":"2026-01-13T00:00:38","slug":"b0c74f3wbv","status":"publish","type":"product","link":"https:\/\/rockkofertas.com.es\/index.php\/producto\/b0c74f3wbv\/","title":{"rendered":"B0C74F3WBV"},"content":{"rendered":"<p>&#8211; Unos aros grandes ba\u00f1ados en Oro de 18kt con circonitas de colores por dentro y fuera. Unos aretes dorados ideales para eventos o fiestas de Singularu.<br \/>\n&#8211; Fabricada en PLATA DE LEY BA\u00d1ADA EN ORO 18KT. Es un material noble ideal para las amantes de la joyer\u00eda de calidad, destaca por su brillo y resistencia. Nuestras joyas tienen una garant\u00eda de 3 a\u00f1os desde su entrega, ya que nuestro objetivo principal es que est\u00e9n siempre como el primer d\u00eda.<br \/>\n&#8211; Di\u00e1metro interno de 15mm y externo 19mm. Grosor del hilo de 2mm con circonita de 1mm. Su cierre congo\/click no tiene rosca, se cierra uniendo dos partes del pendiente hasta escuchar, como su nombre indica, un \u201cclick\u201d. Destaca por sus detalles en CIRCONITAS. La circonita es una gema o piedra sint\u00e9tica parecida por su forma c\u00fabica al diamante y con un brillo \u00fanico. Su color puede variar ligeramente.<br \/>\n&#8211; CUIDADOS : Para que todas tus joyas est\u00e9n relucientes como el primer d\u00eda, es importante que las limpies de manera regular. Para ello, utiliza un pa\u00f1o suave para devolverles su brillo. Frota la pieza suavemente con el pa\u00f1o y posteriormente enjuaga tu pieza con agua tibia. Adem\u00e1s, te recomendamos que las mantengas alejadas del calor del sol, del agua, o que entren en contacto con productos qu\u00edmicos como cosm\u00e9ticos para el cabello, perfumes o colonias.<br \/>\n&#8211; \u00a1Se incluir\u00e1 \u00fanicamente un estuche en el pedido! Nuestro estuche es genial para poder guardar tus joyas tanto en casa, como cuando te vayas de viaje, util\u00edzalo como tu mini joyero personal. El color del estuche puede variar y el color que te toque ser\u00e1 cosa del destino, \u00a1esperamos que te encante!<\/p>\n","protected":false},"excerpt":{"rendered":"<p>SINGULARU &#8211; Pendientes Gleam Colors. Plata de Ley Acabado en Ba\u00f1o en Oro de 18 Kt y Circonitas Multicolor. Cierre Congo. Joyas para Mujer<br \/>\n#Publicidad <span class=\"read-more\"><a class=\"more-link btn btn-transparent\" href=\"https:\/\/rockkofertas.com.es\/index.php\/producto\/b0c74f3wbv\/\">Leer m\u00e1s&#8230;<\/a><\/span><\/p>\n","protected":false},"featured_media":8400,"comment_status":"open","ping_status":"closed","template":"","meta":[],"product_cat":[15],"product_tag":[],"class_list":{"0":"post-8401","1":"product","2":"type-product","3":"status-publish","4":"has-post-thumbnail","6":"product_cat-sin-categorizar","8":"first","9":"instock","10":"shipping-taxable","11":"product-type-external"},"_links":{"self":[{"href":"https:\/\/rockkofertas.com.es\/index.php\/wp-json\/wp\/v2\/product\/8401","targetHints":{"allow":["GET"]}}],"collection":[{"href":"https:\/\/rockkofertas.com.es\/index.php\/wp-json\/wp\/v2\/product"}],"about":[{"href":"https:\/\/rockkofertas.com.es\/index.php\/wp-json\/wp\/v2\/types\/product"}],"replies":[{"embeddable":true,"href":"https:\/\/rockkofertas.com.es\/index.php\/wp-json\/wp\/v2\/comments?post=8401"}],"wp:featuredmedia":[{"embeddable":true,"href":"https:\/\/rockkofertas.com.es\/index.php\/wp-json\/wp\/v2\/media\/8400"}],"wp:attachment":[{"href":"https:\/\/rockkofertas.com.es\/index.php\/wp-json\/wp\/v2\/media?parent=8401"}],"wp:term":[{"taxonomy":"product_cat","embeddable":true,"href":"https:\/\/rockkofertas.com.es\/index.php\/wp-json\/wp\/v2\/product_cat?post=8401"},{"taxonomy":"product_tag","embeddable":true,"href":"https:\/\/rockkofertas.com.es\/index.php\/wp-json\/wp\/v2\/product_tag?post=8401"}],"curies":[{"name":"wp","href":"https:\/\/api.w.org\/{rel}","templated":true}]}}