{"id":8367,"date":"2026-01-11T09:52:11","date_gmt":"2026-01-11T09:52:11","guid":{"rendered":"https:\/\/rockkofertas.com.es\/index.php\/producto\/b0fyqfd8b7\/"},"modified":"2026-01-11T09:52:11","modified_gmt":"2026-01-11T09:52:11","slug":"b0fyqfd8b7","status":"publish","type":"product","link":"https:\/\/rockkofertas.com.es\/index.php\/producto\/b0fyqfd8b7\/","title":{"rendered":"B0FYQFD8B7"},"content":{"rendered":"<p>&#8211; \ud83e\uddd8 VITAMINAS MEMORIA Y CONCENTRACI\u00d3N \u2013 Pastillas memoria y concentraci\u00f3n estudiar, apoyo en etapas de trabajo intenso o ex\u00e1menes, favorece claridad mental y rendimiento cognitivo.<br \/>\n&#8211; \u2705 FORMATO XL DE 300 C\u00c1PSULAS \u2013 Ashwagandha org\u00e1nica en c\u00e1psulas para la memoria y concentraci\u00f3n, suplemento natural de larga duraci\u00f3n con excelente relaci\u00f3n calidad-precio.<br \/>\n&#8211; \ud83c\udf31 ADAPT\u00d3GENO ORG\u00c1NICO \u2013 Ashwagandha c\u00e1psulas veganas, adapt\u00f3geno natural frente al estr\u00e9s y la fatiga, ayuda al equilibrio del organismo y bienestar diario.<br \/>\n&#8211; \ud83d\udc8a 300 C\u00c1PSULAS VEGETALES SIN ADITIVOS \u2013 Pastillas para la memoria y concentraci\u00f3n elaboradas con c\u00e1psulas vegetales, sin gluten, sin lactosa y sin rellenos artificiales.<br \/>\n&#8211; \ud83c\udf0d FABRICADO EN ESPA\u00d1A. RGSEAA N\u00ba 26.024094\/GR (AECOSAN). Cumpliendo la normativa GMP para garantizar la calidad y seguridad de los productos elaborados. Consigue Asesoramiento, Regalos, Ofertas y Ebook Gratis en la web Masinmune.<\/p>\n","protected":false},"excerpt":{"rendered":"<p>Ashwagandha Org\u00e1nica \u2013 300 C\u00e1psulas \u2013 Formato XL &#8211; 5 Meses de Suministro \u2013 Suplemento Natural para Memoria \u2013 Concentraci\u00f3n \u2013 Estr\u00e9s \u2013 Adapt\u00f3geno Premium de Larga Duraci\u00f3n \u2013 Sin Aditivos \u2013 Masinmune<br \/>#Publicidad <span class=\"read-more\"><a class=\"more-link btn btn-transparent\" href=\"https:\/\/rockkofertas.com.es\/index.php\/producto\/b0fyqfd8b7\/\">Leer m\u00e1s&#8230;<\/a><\/span><\/p>\n","protected":false},"featured_media":8366,"comment_status":"open","ping_status":"closed","template":"","meta":[],"product_cat":[15],"product_tag":[],"class_list":{"0":"post-8367","1":"product","2":"type-product","3":"status-publish","4":"has-post-thumbnail","6":"product_cat-sin-categorizar","8":"first","9":"instock","10":"shipping-taxable","11":"product-type-external"},"_links":{"self":[{"href":"https:\/\/rockkofertas.com.es\/index.php\/wp-json\/wp\/v2\/product\/8367","targetHints":{"allow":["GET"]}}],"collection":[{"href":"https:\/\/rockkofertas.com.es\/index.php\/wp-json\/wp\/v2\/product"}],"about":[{"href":"https:\/\/rockkofertas.com.es\/index.php\/wp-json\/wp\/v2\/types\/product"}],"replies":[{"embeddable":true,"href":"https:\/\/rockkofertas.com.es\/index.php\/wp-json\/wp\/v2\/comments?post=8367"}],"wp:featuredmedia":[{"embeddable":true,"href":"https:\/\/rockkofertas.com.es\/index.php\/wp-json\/wp\/v2\/media\/8366"}],"wp:attachment":[{"href":"https:\/\/rockkofertas.com.es\/index.php\/wp-json\/wp\/v2\/media?parent=8367"}],"wp:term":[{"taxonomy":"product_cat","embeddable":true,"href":"https:\/\/rockkofertas.com.es\/index.php\/wp-json\/wp\/v2\/product_cat?post=8367"},{"taxonomy":"product_tag","embeddable":true,"href":"https:\/\/rockkofertas.com.es\/index.php\/wp-json\/wp\/v2\/product_tag?post=8367"}],"curies":[{"name":"wp","href":"https:\/\/api.w.org\/{rel}","templated":true}]}}