{"id":8361,"date":"2026-01-11T04:00:35","date_gmt":"2026-01-11T04:00:35","guid":{"rendered":"https:\/\/rockkofertas.com.es\/index.php\/producto\/b0cr6b3dxs\/"},"modified":"2026-01-11T04:00:35","modified_gmt":"2026-01-11T04:00:35","slug":"b0cr6b3dxs","status":"publish","type":"product","link":"https:\/\/rockkofertas.com.es\/index.php\/producto\/b0cr6b3dxs\/","title":{"rendered":"B0CR6B3DXS"},"content":{"rendered":"<p>&#8211; [3 Temperaturas de Color con RGB Colores]: La l\u00e1mpara de mesa tiene 3000K luz c\u00e1lida, 4500K luz natural y 6000K luz fr\u00eda, fuente de luz circular adoptada, brillo uniforme de 360 grados es suave, antideslumbrante y sin parpadeo. Gratis, puede proteger tus ojos. Adem\u00e1s, con 9 colores de luz RGB, la l\u00e1mpara de escritorio puede crear un ambiente rom\u00e1ntico y c\u00e1lido<br \/>\n&#8211; [7 Modos de Iluminaci\u00f3n y Brillo Ajustable]: La l\u00e1mpara de mesa inal\u00e1mbrica tiene 7 modos de iluminaci\u00f3n, incluida iluminaci\u00f3n total e iluminaci\u00f3n descendente. El brillo se puede ajustar continuamente entre 10% y 100%, adem\u00e1s, con la funci\u00f3n de memoria, la l\u00e1mpara de escritorio t\u00e1ctil puede guardar el \u00faltimo color, modo de iluminaci\u00f3n y nivel de brillo<br \/>\n&#8211; [Control T\u00e1ctil y Dise\u00f1o Minimalista]: Con un dise\u00f1o t\u00e1ctil inteligente, puede operar esta l\u00e1mpara de noche recargable tocando el panel de control de la l\u00e1mpara, \u00a1es muy f\u00e1cil de usar! La cl\u00e1sica base negra est\u00e1 hecha de hierro de alta calidad y el cabezal de la l\u00e1mpara blanca est\u00e1 hecho de pl\u00e1stico PP, \u00a1un dise\u00f1o minimalista que combina un encanto elegante y moderno! Adem\u00e1s, la base tambi\u00e9n contiene almohadillas antideslizantes, \u00a1lo cual es muy s\u00f3lido y pr\u00e1ctico<br \/>\n&#8211; [IP54 Impermeable para Uso en M\u00faltiples Escenas]: Con tecnolog\u00eda de nivel de protecci\u00f3n IP54, esta l\u00e1mpara de mesa LED impermeable es ideal para uso tanto en exteriores como en interiores. Perfecto para decorar restaurantes, bares, fiestas, camping al aire libre, cafeter\u00edas, salones, dormitorios, oficinas, apartamentos, patios al aire libre<br \/>\n&#8211; [Bater\u00eda Potente]: Incorporada de 4000mAh bater\u00eda recargable, la l\u00e1mpara de mesa sin cable se puede usar durante 10 a 25 horas (Depende del brillo que configure) despu\u00e9s de cargarse completamente en aproximadamente 4 horas, lo que puede brindarle una momento agradable! Y el consumo de energ\u00eda extremadamente bajo es de 1,3 W, \u00a1lo cual es muy econ\u00f3mico<br \/>\n&#8211; [Servicio Posventa]: Utilice un cargador de menos de 20 W para cargar la l\u00e1mpara. Si tiene alguna pregunta, cont\u00e1ctenos a trav\u00e9s de Amazon. Haremos todo lo posible para ofrecerle la soluci\u00f3n m\u00e1s satisfactoria<\/p>\n","protected":false},"excerpt":{"rendered":"<p>Suright L\u00e1mpara de Mesa Inal\u00e1mbrica con 3 Temperaturas de Color+RGB, L\u00e1mpara de Noche Recargable Brillo Ajustable, L\u00e1mpara de Escritorio IP54 Impermeable para Restaurante, Dormitorio, Camping<br \/>\n#Publicidad <span class=\"read-more\"><a class=\"more-link btn btn-transparent\" href=\"https:\/\/rockkofertas.com.es\/index.php\/producto\/b0cr6b3dxs\/\">Leer m\u00e1s&#8230;<\/a><\/span><\/p>\n","protected":false},"featured_media":8360,"comment_status":"open","ping_status":"closed","template":"","meta":[],"product_cat":[15],"product_tag":[],"class_list":{"0":"post-8361","1":"product","2":"type-product","3":"status-publish","4":"has-post-thumbnail","6":"product_cat-sin-categorizar","8":"first","9":"instock","10":"shipping-taxable","11":"product-type-external"},"_links":{"self":[{"href":"https:\/\/rockkofertas.com.es\/index.php\/wp-json\/wp\/v2\/product\/8361","targetHints":{"allow":["GET"]}}],"collection":[{"href":"https:\/\/rockkofertas.com.es\/index.php\/wp-json\/wp\/v2\/product"}],"about":[{"href":"https:\/\/rockkofertas.com.es\/index.php\/wp-json\/wp\/v2\/types\/product"}],"replies":[{"embeddable":true,"href":"https:\/\/rockkofertas.com.es\/index.php\/wp-json\/wp\/v2\/comments?post=8361"}],"wp:featuredmedia":[{"embeddable":true,"href":"https:\/\/rockkofertas.com.es\/index.php\/wp-json\/wp\/v2\/media\/8360"}],"wp:attachment":[{"href":"https:\/\/rockkofertas.com.es\/index.php\/wp-json\/wp\/v2\/media?parent=8361"}],"wp:term":[{"taxonomy":"product_cat","embeddable":true,"href":"https:\/\/rockkofertas.com.es\/index.php\/wp-json\/wp\/v2\/product_cat?post=8361"},{"taxonomy":"product_tag","embeddable":true,"href":"https:\/\/rockkofertas.com.es\/index.php\/wp-json\/wp\/v2\/product_tag?post=8361"}],"curies":[{"name":"wp","href":"https:\/\/api.w.org\/{rel}","templated":true}]}}