{"id":8355,"date":"2026-01-10T16:00:40","date_gmt":"2026-01-10T16:00:40","guid":{"rendered":"https:\/\/rockkofertas.com.es\/index.php\/producto\/b0cqn8dp37\/"},"modified":"2026-01-10T16:00:40","modified_gmt":"2026-01-10T16:00:40","slug":"b0cqn8dp37","status":"publish","type":"product","link":"https:\/\/rockkofertas.com.es\/index.php\/producto\/b0cqn8dp37\/","title":{"rendered":"B0CQN8DP37"},"content":{"rendered":"<p>&#8211; \u3010Teclado compacto con cable al 75 %\u3011 El teclado para juegos AK820 presenta un dise\u00f1o del 75 % con 82 teclas para cubrir todas las operaciones diarias, combinando la funcionalidad del teclado con portabilidad y ahorrando un 25 % de espacio. La conexi\u00f3n por cable tambi\u00e9n ofrece una transmisi\u00f3n m\u00e1s estable y r\u00e1pida que la conexi\u00f3n inal\u00e1mbrica. Su dise\u00f1o \u00fanico lo hace ideal para viajar, trabajar y jugar.<br \/>\n&#8211; \u3010Perilla de control de volumen\u3011La exclusiva perilla de control de volumen CNC est\u00e1 dise\u00f1ada para garantizar que puedas ajustar f\u00e1cilmente el volumen en cualquier momento durante el juego y el trabajo sin tener que detener la tarea en cuesti\u00f3n. Ya sea que necesites bajar repentinamente el volumen en medio de una intensa batalla de juego o cambiar a un ambiente m\u00e1s silencioso en cualquier momento durante el trabajo, satisfar\u00e1 tus necesidades en un instante.<br \/>\n&#8211; \u3010Estructura de JUNTA\u3011 Este teclado adopta la estructura de JUNTA y est\u00e1 equipado con una placa de posicionamiento de PC con ranura lateral para optimizar la sensaci\u00f3n de las teclas y mejorar la estabilidad de las teclas y la experiencia de escritura. Combinado con cinco capas de almohadillas de reducci\u00f3n de ruido, como el algod\u00f3n s\u00e1ndwich PORON y las almohadillas debajo del eje IXPE, el ruido se reduce considerablemente y puede experimentar una sensaci\u00f3n de teclado c\u00f3moda y suave.<br \/>\n&#8211; \u3010Dise\u00f1o intercambiable en caliente\u3011La duraci\u00f3n de 50 millones de pulsaciones garantiza la larga vida \u00fatil y la estabilidad del teclado. El dise\u00f1o de montaje en PCB de 3\/5 pines proporciona a los usuarios un f\u00e1cil montaje y desmontaje. Este dise\u00f1o mejora la capacidad de mantenimiento y actualizaci\u00f3n del teclado, permiti\u00e9ndole personalizar la configuraci\u00f3n seg\u00fan sus necesidades personales m\u00e1s f\u00e1cilmente en el proceso de uso del teclado.<br \/>\n&#8211; \u3010Teclas transl\u00facidas PBT y retroiluminaci\u00f3n azul hielo\u3011En comparaci\u00f3n con el ABS, las teclas PBT son m\u00e1s duraderas y menos propensas a brillar. La retroiluminaci\u00f3n azul tiene una variedad de efectos de iluminaci\u00f3n, lo que hace que las teclas parezcan de un azul atractivo en ambientes oscuros a trav\u00e9s del dise\u00f1o transl\u00facido. Este efecto visual \u00fanico no s\u00f3lo mejora la apariencia general del teclado, sino que tambi\u00e9n brinda a los usuarios una experiencia de escritura y juego m\u00e1s agradable.<br \/>\n&#8211; \u3010Amplia compatibilidad y ergonom\u00eda\u3011El teclado de PC es compatible con computadoras port\u00e1tiles, Windows Vista\/7\/8\/10\/11, Mac, Android, etc., y se puede conectar f\u00e1cilmente sin importar el sistema que utilice. El teclado tambi\u00e9n se puede conectar a dispositivos de juego como PS4\/PS5\/XBOX mediante un convertidor (no incluido). Soporte de altura ajustable con teclas de altura OEM, dise\u00f1o ergon\u00f3mico, es una gran herramienta para escribir o jugar en la oficina.<\/p>\n","protected":false},"excerpt":{"rendered":"<p>AJAZZ AK820 75% TKL Teclado mec\u00e1nico con Cable,Interruptor Rojo Intercambiable en Caliente,Teclado para Juegos con Montaje en Junta,luz Blanca,82 Teclas con Perilla de Volumen CNC,para Win\/Mac-Negro<br \/>\n#Publicidad <span class=\"read-more\"><a class=\"more-link btn btn-transparent\" href=\"https:\/\/rockkofertas.com.es\/index.php\/producto\/b0cqn8dp37\/\">Leer m\u00e1s&#8230;<\/a><\/span><\/p>\n","protected":false},"featured_media":8354,"comment_status":"open","ping_status":"closed","template":"","meta":[],"product_cat":[15],"product_tag":[],"class_list":{"0":"post-8355","1":"product","2":"type-product","3":"status-publish","4":"has-post-thumbnail","6":"product_cat-sin-categorizar","8":"first","9":"instock","10":"shipping-taxable","11":"product-type-external"},"_links":{"self":[{"href":"https:\/\/rockkofertas.com.es\/index.php\/wp-json\/wp\/v2\/product\/8355","targetHints":{"allow":["GET"]}}],"collection":[{"href":"https:\/\/rockkofertas.com.es\/index.php\/wp-json\/wp\/v2\/product"}],"about":[{"href":"https:\/\/rockkofertas.com.es\/index.php\/wp-json\/wp\/v2\/types\/product"}],"replies":[{"embeddable":true,"href":"https:\/\/rockkofertas.com.es\/index.php\/wp-json\/wp\/v2\/comments?post=8355"}],"wp:featuredmedia":[{"embeddable":true,"href":"https:\/\/rockkofertas.com.es\/index.php\/wp-json\/wp\/v2\/media\/8354"}],"wp:attachment":[{"href":"https:\/\/rockkofertas.com.es\/index.php\/wp-json\/wp\/v2\/media?parent=8355"}],"wp:term":[{"taxonomy":"product_cat","embeddable":true,"href":"https:\/\/rockkofertas.com.es\/index.php\/wp-json\/wp\/v2\/product_cat?post=8355"},{"taxonomy":"product_tag","embeddable":true,"href":"https:\/\/rockkofertas.com.es\/index.php\/wp-json\/wp\/v2\/product_tag?post=8355"}],"curies":[{"name":"wp","href":"https:\/\/api.w.org\/{rel}","templated":true}]}}