{"id":8345,"date":"2026-01-10T10:35:58","date_gmt":"2026-01-10T10:35:58","guid":{"rendered":"https:\/\/rockkofertas.com.es\/index.php\/producto\/b0fztzyk4c\/"},"modified":"2026-01-10T10:35:58","modified_gmt":"2026-01-10T10:35:58","slug":"b0fztzyk4c","status":"publish","type":"product","link":"https:\/\/rockkofertas.com.es\/index.php\/producto\/b0fztzyk4c\/","title":{"rendered":"B0FZTZYK4C"},"content":{"rendered":"<p>&#8211; \u260e\ufe0fLlamada de Video HD con Doble C\u00e1mara 4G: Reloj inteligente ni\u00f1o 4G equipada con dos c\u00e1maras HD frontal y lateral, permite cambiar libremente entre \u00e1ngulos de captura. El ni\u00f1o puede tomar selfies o capturar paisajes en su d\u00eda a d\u00eda, atesorando los momentos preciosos de su infancia. Gracias a la conexi\u00f3n 4G fluida, las videollamadas son n\u00edtidas y estables. Adem\u00e1s, el reloj incluye chat grupal familiar y mensajes de voz, haciendo que el ni\u00f1o se sienta acompa\u00f1ado en todo momento.<br \/>\n&#8211; \ud83c\udf10Protecci\u00f3n con Triple Localizaci\u00f3n: Smartwatch ni\u00f1os gracias a la combinaci\u00f3n de GPS, LBS y Wi\u2011Fi, se garantiza una alta precisi\u00f3n y seguimiento en tiempo real las 24 horas. Los padres pueden consultar la ubicaci\u00f3n exacta a trav\u00e9s de la app Setracker2 y definir varias zonas de seguridad libremente. Cuando el ni\u00f1o entre o salga de zonas predefinidas (como casa o escuela), el reloj env\u00eda una notificaci\u00f3n al instante, ofreciendo tranquilidad total.<br \/>\n&#8211; \ud83c\udd98SOS de Emergencia Con un Solo Bot\u00f3n: En caso de emergencia, el ni\u00f1o mantiene pulsado el bot\u00f3n SOS durante 3 segundos: el reloj llama autom\u00e1ticamente y repetidamente a los contactos de emergencia configurados, hasta que alguien conteste, ganando un tiempo valioso. Los padres tambi\u00e9n pueden configurar una lista de contactos de confianza en la app, bloqueando autom\u00e1ticamente llamadas de desconocidos para una comunicaci\u00f3n segura.<br \/>\n&#8211; \ud83d\udc0bModo Escuela Inteligente: Los padres pueden personalizar varios \u00abhorarios de clase\u00bb en la app. Al activarse, el modo deshabilita autom\u00e1ticamente juegos, redes sociales y funciones de entretenimiento, manteniendo solo apps b\u00e1sicas como la hora y el pod\u00f3metro, ayudando as\u00ed al ni\u00f1o a concentrarse en el estudio. Tras las clases, todas las funciones se restablecen autom\u00e1ticamente, logrando una transici\u00f3n fluida entre el aprendizaje y el descanso.<br \/>\n&#8211; \ud83c\udf80Autonom\u00eda Duradera y Dise\u00f1o Resistente: Con su bater\u00eda de alta capacidad de 800 mAh, ofrece una autonom\u00eda prolongada que cubre sin problemas un d\u00eda completo de uso. Su carga magn\u00e9tica es segura y pr\u00e1ctica. Resistencia al agua IP68 contra lluvia, sudor y salpicaduras. Integra adem\u00e1s m\u00faltiples funciones: alarma, pod\u00f3metro, seguimiento del sue\u00f1o, linterna, juegos educativos, etc. Ya sea para una fiesta, cumplea\u00f1os o el inicio escolar, es el regalo ideal para acompa\u00f1ar el crecimiento del ni\u00f1o.<\/p>\n","protected":false},"excerpt":{"rendered":"<p>RUXINGX 4G Reloj Inteligente Ni\u00f1o, Smartwatch Ni\u00f1os con GPS, Llamadas, IP68 Impermeable, Doble C\u00e1mara, Chat de Voz, Linterna, Modo Escuela, Pod\u00f3metro, Despertador Reloj Inteligente Ni\u00f1as y Ni\u00f1os Azul<br \/>#Publicidad <span class=\"read-more\"><a class=\"more-link btn btn-transparent\" href=\"https:\/\/rockkofertas.com.es\/index.php\/producto\/b0fztzyk4c\/\">Leer m\u00e1s&#8230;<\/a><\/span><\/p>\n","protected":false},"featured_media":8344,"comment_status":"open","ping_status":"closed","template":"","meta":[],"product_cat":[15],"product_tag":[],"class_list":{"0":"post-8345","1":"product","2":"type-product","3":"status-publish","4":"has-post-thumbnail","6":"product_cat-sin-categorizar","8":"first","9":"instock","10":"shipping-taxable","11":"product-type-external"},"_links":{"self":[{"href":"https:\/\/rockkofertas.com.es\/index.php\/wp-json\/wp\/v2\/product\/8345","targetHints":{"allow":["GET"]}}],"collection":[{"href":"https:\/\/rockkofertas.com.es\/index.php\/wp-json\/wp\/v2\/product"}],"about":[{"href":"https:\/\/rockkofertas.com.es\/index.php\/wp-json\/wp\/v2\/types\/product"}],"replies":[{"embeddable":true,"href":"https:\/\/rockkofertas.com.es\/index.php\/wp-json\/wp\/v2\/comments?post=8345"}],"wp:featuredmedia":[{"embeddable":true,"href":"https:\/\/rockkofertas.com.es\/index.php\/wp-json\/wp\/v2\/media\/8344"}],"wp:attachment":[{"href":"https:\/\/rockkofertas.com.es\/index.php\/wp-json\/wp\/v2\/media?parent=8345"}],"wp:term":[{"taxonomy":"product_cat","embeddable":true,"href":"https:\/\/rockkofertas.com.es\/index.php\/wp-json\/wp\/v2\/product_cat?post=8345"},{"taxonomy":"product_tag","embeddable":true,"href":"https:\/\/rockkofertas.com.es\/index.php\/wp-json\/wp\/v2\/product_tag?post=8345"}],"curies":[{"name":"wp","href":"https:\/\/api.w.org\/{rel}","templated":true}]}}