{"id":8313,"date":"2026-01-09T08:49:18","date_gmt":"2026-01-09T08:49:18","guid":{"rendered":"https:\/\/rockkofertas.com.es\/index.php\/producto\/b0frms8lmr-2\/"},"modified":"2026-01-09T08:49:18","modified_gmt":"2026-01-09T08:49:18","slug":"b0frms8lmr-2","status":"publish","type":"product","link":"https:\/\/rockkofertas.com.es\/index.php\/producto\/b0frms8lmr-2\/","title":{"rendered":"B0FRMS8LMR"},"content":{"rendered":"<p>&#8211; Tecnolog\u00eda de Conducci\u00f3n \u00d3sea:Seguridad y Confort Total. Disfruta de tu m\u00fasica y mantente alerta de tu entorno.Estos auriculares para correr y hacer deporte utilizan tecnolog\u00eda de conducci\u00f3n \u00f3sea,por lo que no bloquean tus o\u00eddos.Son ideales para una carrera o paseo en bicicleta seguro,permiti\u00e9ndote escuchar el tr\u00e1fico y los sonidos ambientales con total claridad.<br \/>\n&#8211; Resistencia al Agua IP67:Perfectos para el Deporte y el Sudor. Estos IFECCO auriculares deportivos est\u00e1n dise\u00f1ados para los m\u00e1s exigentes.Con su certificaci\u00f3n IP67,son resistentes al sudor intenso y a las salpicaduras de agua.Ya sea bajo la lluvia en tu running o en un entrenamiento intenso,tu m\u00fasica no se detendr\u00e1.<br \/>\n&#8211; Conexi\u00f3n Avanzada Bluetooth 6.0 y Multiconectividad: Experimenta una conexi\u00f3n estable y de bajo consumo con la \u00faltima tecnolog\u00eda Bluetooth 6.0.Adem\u00e1s, estos auriculares de conducci\u00f3n \u00f3sea te permiten conectarte a dos dispositivos simult\u00e1neamente,como tu tel\u00e9fono y tu ordenador, para cambiar entre ellos sin pausas. Perfectos para el d\u00eda a d\u00eda y el entrenamiento.<br \/>\n&#8211; Hasta 10 Horas de Autonom\u00eda: Acompa\u00f1a Tus Entrenamientos Largos. Olv\u00eddate de cargar los auriculares constantemente. Con una bater\u00eda de larga duraci\u00f3n de hasta 10 horas,estos auriculares para running y hacer ejercicio te acompa\u00f1ar\u00e1n en tus sesiones m\u00e1s largas, ya sea una marat\u00f3n,una larga ruta en bici o un d\u00eda completo de actividad.<br \/>\n&#8211; Modo M\u00fasica y Modo Juego: Versatilidad para Tu Entretenimiento. No solo son los mejores auriculares deportivos, tambi\u00e9n son vers\u00e1tiles para el ocio. Cambia al modo juego para una experiencia de audio sincronizada y sin latencia mientras juegas,y vuelve al modo m\u00fasica para disfrutar de un sonido envolvente en tus carreras.<\/p>\n","protected":false},"excerpt":{"rendered":"<p>IFECCO Auriculares Conduccion Osea Bluetooth 6.0 \u2013 Cascos Conduccion Osea Inalambricos con Micr\u00f3fono,IP67 Impermeables Auriculares Deportivos Open Ear para Correr Ciclismo Fitness<br \/>#Publicidad <span class=\"read-more\"><a class=\"more-link btn btn-transparent\" href=\"https:\/\/rockkofertas.com.es\/index.php\/producto\/b0frms8lmr-2\/\">Leer m\u00e1s&#8230;<\/a><\/span><\/p>\n","protected":false},"featured_media":8312,"comment_status":"open","ping_status":"closed","template":"","meta":[],"product_cat":[15],"product_tag":[],"class_list":{"0":"post-8313","1":"product","2":"type-product","3":"status-publish","4":"has-post-thumbnail","6":"product_cat-sin-categorizar","8":"first","9":"instock","10":"shipping-taxable","11":"product-type-external"},"_links":{"self":[{"href":"https:\/\/rockkofertas.com.es\/index.php\/wp-json\/wp\/v2\/product\/8313","targetHints":{"allow":["GET"]}}],"collection":[{"href":"https:\/\/rockkofertas.com.es\/index.php\/wp-json\/wp\/v2\/product"}],"about":[{"href":"https:\/\/rockkofertas.com.es\/index.php\/wp-json\/wp\/v2\/types\/product"}],"replies":[{"embeddable":true,"href":"https:\/\/rockkofertas.com.es\/index.php\/wp-json\/wp\/v2\/comments?post=8313"}],"wp:featuredmedia":[{"embeddable":true,"href":"https:\/\/rockkofertas.com.es\/index.php\/wp-json\/wp\/v2\/media\/8312"}],"wp:attachment":[{"href":"https:\/\/rockkofertas.com.es\/index.php\/wp-json\/wp\/v2\/media?parent=8313"}],"wp:term":[{"taxonomy":"product_cat","embeddable":true,"href":"https:\/\/rockkofertas.com.es\/index.php\/wp-json\/wp\/v2\/product_cat?post=8313"},{"taxonomy":"product_tag","embeddable":true,"href":"https:\/\/rockkofertas.com.es\/index.php\/wp-json\/wp\/v2\/product_tag?post=8313"}],"curies":[{"name":"wp","href":"https:\/\/api.w.org\/{rel}","templated":true}]}}