{"id":8299,"date":"2026-01-08T16:37:04","date_gmt":"2026-01-08T16:37:04","guid":{"rendered":"https:\/\/rockkofertas.com.es\/index.php\/producto\/b0fh9hbkc7\/"},"modified":"2026-01-08T16:37:04","modified_gmt":"2026-01-08T16:37:04","slug":"b0fh9hbkc7","status":"publish","type":"product","link":"https:\/\/rockkofertas.com.es\/index.php\/producto\/b0fh9hbkc7\/","title":{"rendered":"B0FH9HBKC7"},"content":{"rendered":"<p>&#8211; \u3010C\u00e1mara 4K HD\u3011El gps drone con camara 4K de alta definici\u00f3n que captura meticulosamente cada detalle. Ya sea filmando paisajes al aire libre o momentos cotidianos, ofrece im\u00e1genes n\u00edtidas y realistas. Junto con un dise\u00f1o motorizado ajustable de 90\u00b0, ofrece \u00e1ngulos de disparo flexibles para satisfacer diversas necesidades de filmaci\u00f3n, lo que garantiza una mayor libertad creativa.<br \/>\n&#8211; \u3010Retorno a Casa por GPS\u3011Utilizando un sistema de posicionamiento dual que combina flujo \u00f3ptico y GPS, el drone adult mantiene una estabilidad precisa en interiores gracias al flujo \u00f3ptico, sin verse afectado por entornos complejos. En exteriores, el GPS garantiza una retenci\u00f3n precisa de altitud para obtener im\u00e1genes estables. Las funciones de retorno autom\u00e1tico a casa se activan cuando bater\u00eda est\u00e1 baja o se pierde se\u00f1al, lo que garantiza seguridad del vuelo en todo momento.<br \/>\n&#8211; \u3010Motores Sin Escobillas\u3011El drone professional incorpora motores sin escobillas de alto rendimiento para un funcionamiento estable y una potencia robusta. Suave y sin obst\u00e1culos durante el vuelo, al tiempo que reduce eficazmente los niveles de ruido.Con triple resistencia al viento, mantiene un vuelo estable incluso en condiciones de brisa. Seguridad del vuelo y calidad de captura siguen estando garantizadas incluso en condiciones de viento complejas en exteriores.<br \/>\n&#8211; \u3010Dron Multifuncional\u3011El camara dron emplea una configuraci\u00f3n multifuncional, ofrece tres modos de velocidad que se adaptan tanto a usuarios principiantes como avanzados. El modo sin cabeza simplifica el funcionamiento, eliminando confusi\u00f3n direccional. El despegue y aterrizaje con un solo toque proporciona comodidad, mientras que los modos de vuelo 3D a\u00f1aden emoci\u00f3n, perfectos para los novatos que est\u00e1n aprendiendo o para los pilotos experimentados que quieren mostrar sus habilidades.<br \/>\n&#8211; \u3010Potentes Capacidades GPS\u3011El robusto sistema GPS del 4k dron es compatible con funci\u00f3n \u00abS\u00edgueme\u00bb para un seguimiento preciso de tus movimientos; \u00abVuelo por puntos de referencia\u00bb permite navegaci\u00f3n por rutas con un simple toque en pantalla; y \u00abVuelo orbital\u00bb permite girar alrededor de puntos designados para fotograf\u00eda a\u00e9rea. Libera tus manos y disfruta plenamente de emoci\u00f3n de fotograf\u00eda a\u00e9rea.<br \/>\n&#8211; \u3010Equipo de Atenci\u00f3n al Cliente\u3011LE-IDEA cuenta con un equipo de atenci\u00f3n al cliente dedicado, listo para responder a tus consultas en cualquier momento. Tanto si necesitas ayuda con el funcionamiento del dron, consejos t\u00e9cnicos o cuestiones posventa, te garantizamos una respuesta r\u00e1pida. Protegemos todo tu proceso de compra y tu experiencia de uso, para que puedas estar completamente tranquilo.<\/p>\n","protected":false},"excerpt":{"rendered":"<p>LE-IDEA GPS Drone con C\u00e1mara 4K para Adultos, Drones Profesionales Transmisi\u00f3n WiFi 5G, Retorno Inteligente a Base GPS Modo de 3 Velocidades, RC Quadcopter con Motor Sin Escobillas para Principiantes<br \/>#Publicidad <span class=\"read-more\"><a class=\"more-link btn btn-transparent\" href=\"https:\/\/rockkofertas.com.es\/index.php\/producto\/b0fh9hbkc7\/\">Leer m\u00e1s&#8230;<\/a><\/span><\/p>\n","protected":false},"featured_media":8298,"comment_status":"open","ping_status":"closed","template":"","meta":[],"product_cat":[15],"product_tag":[],"class_list":{"0":"post-8299","1":"product","2":"type-product","3":"status-publish","4":"has-post-thumbnail","6":"product_cat-sin-categorizar","8":"first","9":"instock","10":"shipping-taxable","11":"product-type-external"},"_links":{"self":[{"href":"https:\/\/rockkofertas.com.es\/index.php\/wp-json\/wp\/v2\/product\/8299","targetHints":{"allow":["GET"]}}],"collection":[{"href":"https:\/\/rockkofertas.com.es\/index.php\/wp-json\/wp\/v2\/product"}],"about":[{"href":"https:\/\/rockkofertas.com.es\/index.php\/wp-json\/wp\/v2\/types\/product"}],"replies":[{"embeddable":true,"href":"https:\/\/rockkofertas.com.es\/index.php\/wp-json\/wp\/v2\/comments?post=8299"}],"wp:featuredmedia":[{"embeddable":true,"href":"https:\/\/rockkofertas.com.es\/index.php\/wp-json\/wp\/v2\/media\/8298"}],"wp:attachment":[{"href":"https:\/\/rockkofertas.com.es\/index.php\/wp-json\/wp\/v2\/media?parent=8299"}],"wp:term":[{"taxonomy":"product_cat","embeddable":true,"href":"https:\/\/rockkofertas.com.es\/index.php\/wp-json\/wp\/v2\/product_cat?post=8299"},{"taxonomy":"product_tag","embeddable":true,"href":"https:\/\/rockkofertas.com.es\/index.php\/wp-json\/wp\/v2\/product_tag?post=8299"}],"curies":[{"name":"wp","href":"https:\/\/api.w.org\/{rel}","templated":true}]}}